{"id":2963,"date":"2020-12-09T18:08:24","date_gmt":"2020-12-09T18:08:24","guid":{"rendered":"http:\/\/xn--nuriamuozaige-okb.es\/?page_id=2963"},"modified":"2025-01-16T16:34:33","modified_gmt":"2025-01-16T16:34:33","slug":"biografia","status":"publish","type":"page","link":"https:\/\/xn--nuriamuozaige-okb.es\/ca\/biografia","title":{"rendered":"Biografia"},"content":{"rendered":"<div data-elementor-type=\"wp-page\" data-elementor-id=\"2963\" class=\"elementor elementor-2963\">\n\t\t\t\t\t\t<div class=\"elementor-section elementor-top-section elementor-element elementor-element-bc45507 elementor-section-boxed elementor-section-height-default elementor-section-height-default\" data-id=\"bc45507\" data-element_type=\"section\">\n\t\t\t\t\t\t<div class=\"elementor-container elementor-column-gap-default\">\n\t\t\t\t\t<div class=\"elementor-column elementor-col-100 elementor-top-column elementor-element elementor-element-19d0e14\" data-id=\"19d0e14\" data-element_type=\"column\">\n\t\t\t<div class=\"elementor-widget-wrap elementor-element-populated\">\n\t\t\t\t\t\t<div class=\"elementor-element elementor-element-33d053c elementor-widget elementor-widget-heading\" data-id=\"33d053c\" data-element_type=\"widget\" data-widget_type=\"heading.default\">\n\t\t\t\t<div class=\"elementor-widget-container\">\n\t\t\t\t\t<h1 class=\"elementor-heading-title elementor-size-default\">BIOGRAFIA<\/h1>\t\t\t\t<\/div>\n\t\t\t\t<\/div>\n\t\t\t\t\t<\/div>\n\t\t<\/div>\n\t\t\t\t\t<\/div>\n\t\t<\/div>\n\t\t\t\t<div class=\"elementor-section elementor-top-section elementor-element elementor-element-1142736 elementor-section-boxed elementor-section-height-default elementor-section-height-default\" data-id=\"1142736\" data-element_type=\"section\">\n\t\t\t\t\t\t<div class=\"elementor-container elementor-column-gap-default\">\n\t\t\t\t\t<div class=\"elementor-column elementor-col-100 elementor-top-column elementor-element elementor-element-af2cea8\" data-id=\"af2cea8\" data-element_type=\"column\">\n\t\t\t<div class=\"elementor-widget-wrap elementor-element-populated\">\n\t\t\t\t\t\t<div class=\"elementor-element elementor-element-dad37c8 elementor-widget elementor-widget-image\" data-id=\"dad37c8\" data-element_type=\"widget\" data-widget_type=\"image.default\">\n\t\t\t\t<div class=\"elementor-widget-container\">\n\t\t\t\t\t\t\t\t\t\t\t\t\t\t\t<img fetchpriority=\"high\" decoding=\"async\" width=\"370\" height=\"350\" src=\"https:\/\/xn--nuriamuozaige-okb.es\/wp-content\/uploads\/2023\/01\/Nuria-Munoz-Aige-1a-foto-1-370x350.jpg\" class=\"attachment-thumbnail size-thumbnail wp-image-4692\" alt=\"\" \/>\t\t\t\t\t\t\t\t\t\t\t\t\t\t\t<\/div>\n\t\t\t\t<\/div>\n\t\t\t\t\t<\/div>\n\t\t<\/div>\n\t\t\t\t\t<\/div>\n\t\t<\/div>\n\t\t\t\t<div class=\"elementor-section elementor-top-section elementor-element elementor-element-5c85a08d elementor-section-boxed elementor-section-height-default elementor-section-height-default\" data-id=\"5c85a08d\" data-element_type=\"section\">\n\t\t\t\t\t\t<div class=\"elementor-container elementor-column-gap-default\">\n\t\t\t\t\t<div class=\"elementor-column elementor-col-100 elementor-top-column elementor-element elementor-element-551d8d9d\" data-id=\"551d8d9d\" data-element_type=\"column\">\n\t\t\t<div class=\"elementor-widget-wrap elementor-element-populated\">\n\t\t\t\t\t\t<div class=\"elementor-element elementor-element-4b8a82b elementor-widget elementor-widget-spacer\" data-id=\"4b8a82b\" data-element_type=\"widget\" data-widget_type=\"spacer.default\">\n\t\t\t\t<div class=\"elementor-widget-container\">\n\t\t\t\t\t\t\t<div class=\"elementor-spacer\">\n\t\t\t<div class=\"elementor-spacer-inner\"><\/div>\n\t\t<\/div>\n\t\t\t\t\t\t<\/div>\n\t\t\t\t<\/div>\n\t\t\t\t<div class=\"elementor-element elementor-element-67e4825e elementor-widget elementor-widget-text-editor\" data-id=\"67e4825e\" data-element_type=\"widget\" data-widget_type=\"text-editor.default\">\n\t\t\t\t<div class=\"elementor-widget-container\">\n\t\t\t\t\t\t\t\t\t\n<p>Vaig n\u00e9ixer a Lleida una nit de Sant Joan de fa ja uns quants anys, entre focs artificials i acords de revetlla.<\/p>\n\n<p>Als vuit anys vaig escriure el meu primer poema, i des de llavors ja no em vaig separar dels meus papers i els meus llapis, que es van convertir en els meus millors amics. Com encara tenia m\u00e9s set de lletres, vaig estudiar Filologia Anglesa.<\/p>\n\n<p>Des d'aquell primer poema, he mantingut una relaci\u00f3 passional amb la literatura que m'ha dut a flirtejar amb diversos g\u00e8neres, des de la literatura juvenil, el conte infantil o el relat breu, fins a la biografia. Malgrat aix\u00f2, on em trobo m\u00e9s c\u00f2moda \u00e9s en la narrativa.<\/p>\n\n<p class=\"translation-block\">Soc una autora indie i venc els meus llibres a trav\u00e9s del portal Amazon. Qu\u00e8 significa aix\u00f2? Doncs que autopublico les meves obres i m'implico directament en tot el proc\u00e9s de publicaci\u00f3 i de disseny de les meves portades. Fins i tot, he fet els meus primers passos com a il\u00b7lustradora en un parell de les meves obres.<\/p>\n\n<p>Paral\u00b7lelament, soc copywriter d'una p\u00e0gina de cuina i realitzo col\u00b7laboracions espor\u00e0diques com a bloguera de viatges.<\/p>\n\n<p>Els meus pr\u00f2xims projectes? Escriure fins que aquest cos hum\u00e0 m'ho permeti, per descomptat.<\/p>\n<p>\u00a0<\/p>\n\t\t\t\t\t\t\t\t<\/div>\n\t\t\t\t<\/div>\n\t\t\t\t\t<\/div>\n\t\t<\/div>\n\t\t\t\t\t<\/div>\n\t\t<\/div>\n\t\t\t\t<div class=\"elementor-section elementor-top-section elementor-element elementor-element-8e54464 elementor-section-boxed elementor-section-height-default elementor-section-height-default\" data-id=\"8e54464\" data-element_type=\"section\">\n\t\t\t\t\t\t<div class=\"elementor-container elementor-column-gap-default\">\n\t\t\t\t\t<div class=\"elementor-column elementor-col-100 elementor-top-column elementor-element elementor-element-1061468\" data-id=\"1061468\" data-element_type=\"column\">\n\t\t\t<div class=\"elementor-widget-wrap elementor-element-populated\">\n\t\t\t\t\t\t<div class=\"elementor-element elementor-element-8b35fe9 elementor-widget elementor-widget-spacer\" data-id=\"8b35fe9\" data-element_type=\"widget\" data-widget_type=\"spacer.default\">\n\t\t\t\t<div class=\"elementor-widget-container\">\n\t\t\t\t\t\t\t<div class=\"elementor-spacer\">\n\t\t\t<div class=\"elementor-spacer-inner\"><\/div>\n\t\t<\/div>\n\t\t\t\t\t\t<\/div>\n\t\t\t\t<\/div>\n\t\t\t\t<div class=\"elementor-element elementor-element-20367c2 elementor-widget-divider--view-line elementor-widget elementor-widget-divider\" data-id=\"20367c2\" data-element_type=\"widget\" data-widget_type=\"divider.default\">\n\t\t\t\t<div class=\"elementor-widget-container\">\n\t\t\t\t\t\t\t<div class=\"elementor-divider\">\n\t\t\t<span class=\"elementor-divider-separator\">\n\t\t\t\t\t\t<\/span>\n\t\t<\/div>\n\t\t\t\t\t\t<\/div>\n\t\t\t\t<\/div>\n\t\t\t\t<div class=\"elementor-element elementor-element-9e392a0 elementor-widget elementor-widget-text-editor\" data-id=\"9e392a0\" data-element_type=\"widget\" data-widget_type=\"text-editor.default\">\n\t\t\t\t<div class=\"elementor-widget-container\">\n\t\t\t\t\t\t\t\t\t<p><strong>PREMIS LITERARIS<\/strong><\/p>\n<ul>\n<li>1r Premi <a title=\"Miquel Arimany i Coma\" href=\"https:\/\/ca.wikipedia.org\/wiki\/Miquel_Arimany_i_Coma\">Miquel Arimany<\/a>\u00a02022 de narrativa<sup id=\"cite_ref-7\" class=\"reference\"><\/sup><sup id=\"cite_ref-8\" class=\"reference\"><\/sup><\/li>\n<li>1r Premi de narrativa al II Certamen literari EscritA Espot <a title=\"Espot\" href=\"https:\/\/ca.wikipedia.org\/wiki\/Espot\">Espot<\/a><\/li>\n<li>1r Premi de narrativa (ex aequo) XXXIV Premis literaris Ajuntament de <a title=\"Gurb\" href=\"https:\/\/ca.wikipedia.org\/wiki\/Gurb\">Gurb<\/a><\/li>\n<li>1r Premi de poesia Sant Jordi d'<a title=\"Agramunt\" href=\"https:\/\/ca.wikipedia.org\/wiki\/Agramunt\"> Agramunt<\/a><sup id=\"cite_ref-9\" class=\"reference\"><\/sup><\/li>\n<li class=\"translation-block\">1r Premi de relat breu Vila d'Almenar 2022<\/li>\n<li>1r Premi de poesia Vila de Flix 2021<\/li>\n<li>Primera finalista Certamen \u201c<a title=\"Pratdip\" href=\"https:\/\/ca.wikipedia.org\/wiki\/Pratdip\">Pratdip<\/a>\u00a0llegendari\u201d 2022<sup id=\"cite_ref-10\" class=\"reference\"><\/sup><sup id=\"cite_ref-11\" class=\"reference\"><\/sup><\/li>\n<li class=\"translation-block\">Finalista 25\u00e8 Concurs de Narrativa liter\u00e0ria Merc\u00e8 Rodoreda<\/li>\n<li>Finalista Ir Certamen de novel\u00b7la Fundaci\u00f3n Juan Carlos P\u00e9rez Santamar\u00eda<\/li>\n<li>Acc\u00e8sit al III Concurs literari ANESCO Estiba portuaria<\/li>\n<\/ul>\t\t\t\t\t\t\t\t<\/div>\n\t\t\t\t<\/div>\n\t\t\t\t\t<\/div>\n\t\t<\/div>\n\t\t\t\t\t<\/div>\n\t\t<\/div>\n\t\t\t\t<\/div>","protected":false},"excerpt":{"rendered":"<p>BIOGRAFIA Nac\u00ed en Lleida una noche de San Juan de hace ya unos cuantos a\u00f1os, entre fuegos artificiales y acordes de verbena. A los ocho a\u00f1os escrib\u00ed mi primer poema, y desde entonces ya no me separ\u00e9 [&hellip;]<\/p>","protected":false},"author":1,"featured_media":0,"parent":0,"menu_order":0,"comment_status":"closed","ping_status":"closed","template":"","meta":{"footnotes":""},"class_list":["post-2963","page","type-page","status-publish","hentry"],"yoast_head":"<!-- This site is optimized with the Yoast SEO plugin v24.1 - https:\/\/yoast.com\/wordpress\/plugins\/seo\/ -->\n<title>Biograf\u00eda - Nuria Mu\u00f1oz Aige<\/title>\n<meta name=\"description\" content=\"Descubre qui\u00e9n soy y conoce un poco m\u00e1s sobre mi mundo\" \/>\n<meta name=\"robots\" content=\"index, follow, max-snippet:-1, max-image-preview:large, max-video-preview:-1\" \/>\n<link rel=\"canonical\" href=\"https:\/\/xn--nuriamuozaige-okb.es\/ca\/biografia\/\" \/>\n<meta property=\"og:locale\" content=\"ca_ES\" \/>\n<meta property=\"og:type\" content=\"article\" \/>\n<meta property=\"og:title\" content=\"Biograf\u00eda - Nuria Mu\u00f1oz Aige\" \/>\n<meta property=\"og:description\" content=\"Descubre qui\u00e9n soy y conoce un poco m\u00e1s sobre mi mundo\" \/>\n<meta property=\"og:url\" content=\"https:\/\/xn--nuriamuozaige-okb.es\/ca\/biografia\/\" \/>\n<meta property=\"og:site_name\" content=\"Nuria Mu\u00f1oz Aige\" \/>\n<meta property=\"article:modified_time\" content=\"2025-01-16T16:34:33+00:00\" \/>\n<meta property=\"og:image\" content=\"https:\/\/xn--nuriamuozaige-okb.es\/wp-content\/uploads\/2023\/01\/Nuria-Munoz-Aige-1a-foto-1-370x350.jpg\" \/>\n<meta name=\"twitter:card\" content=\"summary_large_image\" \/>\n<meta name=\"twitter:label1\" content=\"Temps estimat de lectura\" \/>\n\t<meta name=\"twitter:data1\" content=\"2 minuts\" \/>\n<script type=\"application\/ld+json\" class=\"yoast-schema-graph\">{\"@context\":\"https:\/\/schema.org\",\"@graph\":[{\"@type\":\"WebPage\",\"@id\":\"https:\/\/xn--nuriamuozaige-okb.es\/biografia\",\"url\":\"https:\/\/xn--nuriamuozaige-okb.es\/biografia\",\"name\":\"Biograf\u00eda - Nuria Mu\u00f1oz Aige\",\"isPartOf\":{\"@id\":\"https:\/\/xn--nuriamuozaige-okb.es\/#website\"},\"primaryImageOfPage\":{\"@id\":\"https:\/\/xn--nuriamuozaige-okb.es\/biografia#primaryimage\"},\"image\":{\"@id\":\"https:\/\/xn--nuriamuozaige-okb.es\/biografia#primaryimage\"},\"thumbnailUrl\":\"https:\/\/xn--nuriamuozaige-okb.es\/wp-content\/uploads\/2023\/01\/Nuria-Munoz-Aige-1a-foto-1-370x350.jpg\",\"datePublished\":\"2020-12-09T18:08:24+00:00\",\"dateModified\":\"2025-01-16T16:34:33+00:00\",\"description\":\"Descubre qui\u00e9n soy y conoce un poco m\u00e1s sobre mi mundo\",\"breadcrumb\":{\"@id\":\"https:\/\/xn--nuriamuozaige-okb.es\/biografia#breadcrumb\"},\"inLanguage\":\"ca\",\"potentialAction\":[{\"@type\":\"ReadAction\",\"target\":[\"https:\/\/xn--nuriamuozaige-okb.es\/biografia\"]}]},{\"@type\":\"ImageObject\",\"inLanguage\":\"ca\",\"@id\":\"https:\/\/xn--nuriamuozaige-okb.es\/biografia#primaryimage\",\"url\":\"https:\/\/xn--nuriamuozaige-okb.es\/wp-content\/uploads\/2023\/01\/Nuria-Munoz-Aige-1a-foto-1-370x350.jpg\",\"contentUrl\":\"https:\/\/xn--nuriamuozaige-okb.es\/wp-content\/uploads\/2023\/01\/Nuria-Munoz-Aige-1a-foto-1-370x350.jpg\"},{\"@type\":\"BreadcrumbList\",\"@id\":\"https:\/\/xn--nuriamuozaige-okb.es\/biografia#breadcrumb\",\"itemListElement\":[{\"@type\":\"ListItem\",\"position\":1,\"name\":\"Portada\",\"item\":\"https:\/\/xn--nuriamuozaige-okb.es\/\"},{\"@type\":\"ListItem\",\"position\":2,\"name\":\"Biograf\u00eda\"}]},{\"@type\":\"WebSite\",\"@id\":\"https:\/\/xn--nuriamuozaige-okb.es\/#website\",\"url\":\"https:\/\/xn--nuriamuozaige-okb.es\/\",\"name\":\"Nuria Mu\u00f1oz Aige\",\"description\":\"Nuria Mu\u00f1oz Aige - escritora\",\"publisher\":{\"@id\":\"https:\/\/xn--nuriamuozaige-okb.es\/#\/schema\/person\/f8439b7fd6eaddd63cb7b97dbc7fa5f2\"},\"potentialAction\":[{\"@type\":\"SearchAction\",\"target\":{\"@type\":\"EntryPoint\",\"urlTemplate\":\"https:\/\/xn--nuriamuozaige-okb.es\/?s={search_term_string}\"},\"query-input\":{\"@type\":\"PropertyValueSpecification\",\"valueRequired\":true,\"valueName\":\"search_term_string\"}}],\"inLanguage\":\"ca\"},{\"@type\":[\"Person\",\"Organization\"],\"@id\":\"https:\/\/xn--nuriamuozaige-okb.es\/#\/schema\/person\/f8439b7fd6eaddd63cb7b97dbc7fa5f2\",\"name\":\"nurialolailo\",\"image\":{\"@type\":\"ImageObject\",\"inLanguage\":\"ca\",\"@id\":\"https:\/\/xn--nuriamuozaige-okb.es\/#\/schema\/person\/image\/\",\"url\":\"https:\/\/secure.gravatar.com\/avatar\/bbc033826fd4f319217c8be90d3f98b9?s=96&d=mm&r=g\",\"contentUrl\":\"https:\/\/secure.gravatar.com\/avatar\/bbc033826fd4f319217c8be90d3f98b9?s=96&d=mm&r=g\",\"caption\":\"nurialolailo\"},\"logo\":{\"@id\":\"https:\/\/xn--nuriamuozaige-okb.es\/#\/schema\/person\/image\/\"},\"sameAs\":[\"http:\/\/xn--nuriamuozaige-okb.es\"]}]}<\/script>\n<!-- \/ Yoast SEO plugin. -->","yoast_head_json":{"title":"Biograf\u00eda - Nuria Mu\u00f1oz Aige","description":"Descubre qui\u00e9n soy y conoce un poco m\u00e1s sobre mi mundo","robots":{"index":"index","follow":"follow","max-snippet":"max-snippet:-1","max-image-preview":"max-image-preview:large","max-video-preview":"max-video-preview:-1"},"canonical":"https:\/\/xn--nuriamuozaige-okb.es\/ca\/biografia\/","og_locale":"ca_ES","og_type":"article","og_title":"Biograf\u00eda - Nuria Mu\u00f1oz Aige","og_description":"Descubre qui\u00e9n soy y conoce un poco m\u00e1s sobre mi mundo","og_url":"https:\/\/xn--nuriamuozaige-okb.es\/ca\/biografia\/","og_site_name":"Nuria Mu\u00f1oz Aige","article_modified_time":"2025-01-16T16:34:33+00:00","og_image":[{"url":"https:\/\/xn--nuriamuozaige-okb.es\/wp-content\/uploads\/2023\/01\/Nuria-Munoz-Aige-1a-foto-1-370x350.jpg","type":"","width":"","height":""}],"twitter_card":"summary_large_image","twitter_misc":{"Temps estimat de lectura":"2 minuts"},"schema":{"@context":"https:\/\/schema.org","@graph":[{"@type":"WebPage","@id":"https:\/\/xn--nuriamuozaige-okb.es\/biografia","url":"https:\/\/xn--nuriamuozaige-okb.es\/biografia","name":"Biograf\u00eda - Nuria Mu\u00f1oz Aige","isPartOf":{"@id":"https:\/\/xn--nuriamuozaige-okb.es\/#website"},"primaryImageOfPage":{"@id":"https:\/\/xn--nuriamuozaige-okb.es\/biografia#primaryimage"},"image":{"@id":"https:\/\/xn--nuriamuozaige-okb.es\/biografia#primaryimage"},"thumbnailUrl":"https:\/\/xn--nuriamuozaige-okb.es\/wp-content\/uploads\/2023\/01\/Nuria-Munoz-Aige-1a-foto-1-370x350.jpg","datePublished":"2020-12-09T18:08:24+00:00","dateModified":"2025-01-16T16:34:33+00:00","description":"Descubre qui\u00e9n soy y conoce un poco m\u00e1s sobre mi mundo","breadcrumb":{"@id":"https:\/\/xn--nuriamuozaige-okb.es\/biografia#breadcrumb"},"inLanguage":"ca","potentialAction":[{"@type":"ReadAction","target":["https:\/\/xn--nuriamuozaige-okb.es\/biografia"]}]},{"@type":"ImageObject","inLanguage":"ca","@id":"https:\/\/xn--nuriamuozaige-okb.es\/biografia#primaryimage","url":"https:\/\/xn--nuriamuozaige-okb.es\/wp-content\/uploads\/2023\/01\/Nuria-Munoz-Aige-1a-foto-1-370x350.jpg","contentUrl":"https:\/\/xn--nuriamuozaige-okb.es\/wp-content\/uploads\/2023\/01\/Nuria-Munoz-Aige-1a-foto-1-370x350.jpg"},{"@type":"BreadcrumbList","@id":"https:\/\/xn--nuriamuozaige-okb.es\/biografia#breadcrumb","itemListElement":[{"@type":"ListItem","position":1,"name":"Portada","item":"https:\/\/xn--nuriamuozaige-okb.es\/"},{"@type":"ListItem","position":2,"name":"Biograf\u00eda"}]},{"@type":"WebSite","@id":"https:\/\/xn--nuriamuozaige-okb.es\/#website","url":"https:\/\/xn--nuriamuozaige-okb.es\/","name":"Nuria Mu\u00f1oz Aige","description":"Nuria Mu\u00f1oz Aige - escritora","publisher":{"@id":"https:\/\/xn--nuriamuozaige-okb.es\/#\/schema\/person\/f8439b7fd6eaddd63cb7b97dbc7fa5f2"},"potentialAction":[{"@type":"SearchAction","target":{"@type":"EntryPoint","urlTemplate":"https:\/\/xn--nuriamuozaige-okb.es\/?s={search_term_string}"},"query-input":{"@type":"PropertyValueSpecification","valueRequired":true,"valueName":"search_term_string"}}],"inLanguage":"ca"},{"@type":["Person","Organization"],"@id":"https:\/\/xn--nuriamuozaige-okb.es\/#\/schema\/person\/f8439b7fd6eaddd63cb7b97dbc7fa5f2","name":"nurialolailo","image":{"@type":"ImageObject","inLanguage":"ca","@id":"https:\/\/xn--nuriamuozaige-okb.es\/#\/schema\/person\/image\/","url":"https:\/\/secure.gravatar.com\/avatar\/bbc033826fd4f319217c8be90d3f98b9?s=96&d=mm&r=g","contentUrl":"https:\/\/secure.gravatar.com\/avatar\/bbc033826fd4f319217c8be90d3f98b9?s=96&d=mm&r=g","caption":"nurialolailo"},"logo":{"@id":"https:\/\/xn--nuriamuozaige-okb.es\/#\/schema\/person\/image\/"},"sameAs":["http:\/\/xn--nuriamuozaige-okb.es"]}]}},"_links":{"self":[{"href":"https:\/\/xn--nuriamuozaige-okb.es\/ca\/wp-json\/wp\/v2\/pages\/2963","targetHints":{"allow":["GET"]}}],"collection":[{"href":"https:\/\/xn--nuriamuozaige-okb.es\/ca\/wp-json\/wp\/v2\/pages"}],"about":[{"href":"https:\/\/xn--nuriamuozaige-okb.es\/ca\/wp-json\/wp\/v2\/types\/page"}],"author":[{"embeddable":true,"href":"https:\/\/xn--nuriamuozaige-okb.es\/ca\/wp-json\/wp\/v2\/users\/1"}],"replies":[{"embeddable":true,"href":"https:\/\/xn--nuriamuozaige-okb.es\/ca\/wp-json\/wp\/v2\/comments?post=2963"}],"version-history":[{"count":98,"href":"https:\/\/xn--nuriamuozaige-okb.es\/ca\/wp-json\/wp\/v2\/pages\/2963\/revisions"}],"predecessor-version":[{"id":4833,"href":"https:\/\/xn--nuriamuozaige-okb.es\/ca\/wp-json\/wp\/v2\/pages\/2963\/revisions\/4833"}],"wp:attachment":[{"href":"https:\/\/xn--nuriamuozaige-okb.es\/ca\/wp-json\/wp\/v2\/media?parent=2963"}],"curies":[{"name":"wp","href":"https:\/\/api.w.org\/{rel}","templated":true}]}}