{"id":2969,"date":"2020-12-09T18:09:22","date_gmt":"2020-12-09T18:09:22","guid":{"rendered":"http:\/\/xn--nuriamuozaige-okb.es\/?page_id=2969"},"modified":"2025-01-03T12:00:36","modified_gmt":"2025-01-03T12:00:36","slug":"galeria","status":"publish","type":"page","link":"https:\/\/xn--nuriamuozaige-okb.es\/ca\/galeria","title":{"rendered":"Galeria"},"content":{"rendered":"<div data-elementor-type=\"wp-page\" data-elementor-id=\"2969\" class=\"elementor elementor-2969\">\n\t\t\t\t\t\t<div class=\"elementor-section elementor-top-section elementor-element elementor-element-6681643 elementor-section-boxed elementor-section-height-default elementor-section-height-default\" data-id=\"6681643\" data-element_type=\"section\">\n\t\t\t\t\t\t<div class=\"elementor-container elementor-column-gap-default\">\n\t\t\t\t\t<div class=\"elementor-column elementor-col-100 elementor-top-column elementor-element elementor-element-2216bb0\" data-id=\"2216bb0\" data-element_type=\"column\">\n\t\t\t<div class=\"elementor-widget-wrap elementor-element-populated\">\n\t\t\t\t\t\t<div class=\"elementor-element elementor-element-7abb513 elementor-widget elementor-widget-spacer\" data-id=\"7abb513\" data-element_type=\"widget\" data-widget_type=\"spacer.default\">\n\t\t\t\t<div class=\"elementor-widget-container\">\n\t\t\t\t\t\t\t<div class=\"elementor-spacer\">\n\t\t\t<div class=\"elementor-spacer-inner\"><\/div>\n\t\t<\/div>\n\t\t\t\t\t\t<\/div>\n\t\t\t\t<\/div>\n\t\t\t\t<div class=\"elementor-element elementor-element-c1ad221 elementor-widget elementor-widget-heading\" data-id=\"c1ad221\" data-element_type=\"widget\" data-widget_type=\"heading.default\">\n\t\t\t\t<div class=\"elementor-widget-container\">\n\t\t\t\t\t<h2 class=\"elementor-heading-title elementor-size-default\">GALERIA<\/h2>\t\t\t\t<\/div>\n\t\t\t\t<\/div>\n\t\t\t\t<div class=\"elementor-element elementor-element-b376934 gallery-spacing-custom elementor-widget elementor-widget-image-gallery\" data-id=\"b376934\" data-element_type=\"widget\" data-settings=\"{&quot;motion_fx_motion_fx_scrolling&quot;:&quot;yes&quot;,&quot;motion_fx_translateY_effect&quot;:&quot;yes&quot;,&quot;motion_fx_translateY_speed&quot;:{&quot;unit&quot;:&quot;px&quot;,&quot;size&quot;:3.8,&quot;sizes&quot;:[]},&quot;motion_fx_motion_fx_mouse&quot;:&quot;yes&quot;,&quot;motion_fx_translateY_affectedRange&quot;:{&quot;unit&quot;:&quot;%&quot;,&quot;size&quot;:&quot;&quot;,&quot;sizes&quot;:{&quot;start&quot;:20,&quot;end&quot;:80}},&quot;motion_fx_devices&quot;:[&quot;desktop&quot;,&quot;tablet&quot;,&quot;mobile&quot;]}\" data-widget_type=\"image-gallery.default\">\n\t\t\t\t<div class=\"elementor-widget-container\">\n\t\t\t\t\t\t\t<div class=\"elementor-image-gallery\">\n\t\t\t<div id='gallery-1' class='gallery galleryid-2969 gallery-columns-4 gallery-size-thumbnail'><dl class='gallery-item'>\n\t\t\t<dt class='gallery-icon landscape'>\n\t\t\t\t<a data-elementor-open-lightbox=\"yes\" data-elementor-lightbox-slideshow=\"b376934\" data-elementor-lightbox-title=\"IMG_6654\" data-e-action-hash=\"#elementor-action%3Aaction%3Dlightbox%26settings%3DeyJpZCI6NDczMywidXJsIjoiaHR0cHM6XC9cL3huLS1udXJpYW11b3phaWdlLW9rYi5lc1wvd3AtY29udGVudFwvdXBsb2Fkc1wvMjAyM1wvMDFcL0lNR182NjU0LXNjYWxlZC5qcGciLCJzbGlkZXNob3ciOiJiMzc2OTM0In0%3D\" href='https:\/\/xn--nuriamuozaige-okb.es\/wp-content\/uploads\/2023\/01\/IMG_6654-scaled.jpg'><img fetchpriority=\"high\" decoding=\"async\" width=\"370\" height=\"350\" src=\"https:\/\/xn--nuriamuozaige-okb.es\/wp-content\/uploads\/2023\/01\/IMG_6654-370x350.jpg\" class=\"attachment-thumbnail size-thumbnail\" alt=\"\" \/><\/a>\n\t\t\t<\/dt><\/dl><dl class='gallery-item'>\n\t\t\t<dt class='gallery-icon portrait'>\n\t\t\t\t<a data-elementor-open-lightbox=\"yes\" data-elementor-lightbox-slideshow=\"b376934\" data-elementor-lightbox-title=\"Book_Cover_Mockup3 amb ombra\" data-e-action-hash=\"#elementor-action%3Aaction%3Dlightbox%26settings%3DeyJpZCI6NDU2NiwidXJsIjoiaHR0cHM6XC9cL3huLS1udXJpYW11b3phaWdlLW9rYi5lc1wvd3AtY29udGVudFwvdXBsb2Fkc1wvMjAyMlwvMTFcL0Jvb2tfQ292ZXJfTW9ja3VwMy1hbWItb21icmEucG5nIiwic2xpZGVzaG93IjoiYjM3NjkzNCJ9\" href='https:\/\/xn--nuriamuozaige-okb.es\/wp-content\/uploads\/2025\/01\/1737044927-copia-4-1.png'><img decoding=\"async\" width=\"370\" height=\"350\" src=\"https:\/\/xn--nuriamuozaige-okb.es\/wp-content\/uploads\/2022\/11\/Book_Cover_Mockup3-amb-ombra-370x350.png\" class=\"attachment-thumbnail size-thumbnail\" alt=\"\" \/><\/a>\n\t\t\t<\/dt><\/dl><dl class='gallery-item'>\n\t\t\t<dt class='gallery-icon portrait'>\n\t\t\t\t<a data-elementor-open-lightbox=\"yes\" data-elementor-lightbox-slideshow=\"b376934\" data-elementor-lightbox-title=\"Nuria Mu\u00f1oz Aige\" data-e-action-hash=\"#elementor-action%3Aaction%3Dlightbox%26settings%3DeyJpZCI6NDYzMSwidXJsIjoiaHR0cHM6XC9cL3huLS1udXJpYW11b3phaWdlLW9rYi5lc1wvd3AtY29udGVudFwvdXBsb2Fkc1wvMjAyM1wvMDFcL051cmlhLU11bm96LUFpZ2UtMmEtZm90by1kZWZpbml0aXZhLXNjYWxlZC5qcGciLCJzbGlkZXNob3ciOiJiMzc2OTM0In0%3D\" href='https:\/\/xn--nuriamuozaige-okb.es\/wp-content\/uploads\/2023\/01\/Nuria-Munoz-Aige-2a-foto-definitiva-scaled.jpg'><img decoding=\"async\" width=\"370\" height=\"350\" src=\"https:\/\/xn--nuriamuozaige-okb.es\/wp-content\/uploads\/2023\/01\/Nuria-Munoz-Aige-2a-foto-definitiva-370x350.jpg\" class=\"attachment-thumbnail size-thumbnail\" alt=\"\" \/><\/a>\n\t\t\t<\/dt><\/dl><dl class='gallery-item'>\n\t\t\t<dt class='gallery-icon landscape'>\n\t\t\t\t<a data-elementor-open-lightbox=\"yes\" data-elementor-lightbox-slideshow=\"b376934\" data-elementor-lightbox-title=\"EA5A21ED-F378-4957-B089-65BCED255073\" data-e-action-hash=\"#elementor-action%3Aaction%3Dlightbox%26settings%3DeyJpZCI6NDczNSwidXJsIjoiaHR0cHM6XC9cL3huLS1udXJpYW11b3phaWdlLW9rYi5lc1wvd3AtY29udGVudFwvdXBsb2Fkc1wvMjAyM1wvMDFcL0VBNUEyMUVELUYzNzgtNDk1Ny1CMDg5LTY1QkNFRDI1NTA3My0xLXNjYWxlZC5qcGciLCJzbGlkZXNob3ciOiJiMzc2OTM0In0%3D\" href='https:\/\/xn--nuriamuozaige-okb.es\/wp-content\/uploads\/2023\/01\/EA5A21ED-F378-4957-B089-65BCED255073-1-scaled.jpg'><img loading=\"lazy\" decoding=\"async\" width=\"370\" height=\"350\" src=\"https:\/\/xn--nuriamuozaige-okb.es\/wp-content\/uploads\/2023\/01\/EA5A21ED-F378-4957-B089-65BCED255073-1-370x350.jpg\" class=\"attachment-thumbnail size-thumbnail\" alt=\"\" \/><\/a>\n\t\t\t<\/dt><\/dl><br style=\"clear: both\" \/><dl class='gallery-item'>\n\t\t\t<dt class='gallery-icon landscape'>\n\t\t\t\t<a data-elementor-open-lightbox=\"yes\" data-elementor-lightbox-slideshow=\"b376934\" data-elementor-lightbox-title=\"IMG_6396\" data-e-action-hash=\"#elementor-action%3Aaction%3Dlightbox%26settings%3DeyJpZCI6NDczMiwidXJsIjoiaHR0cHM6XC9cL3huLS1udXJpYW11b3phaWdlLW9rYi5lc1wvd3AtY29udGVudFwvdXBsb2Fkc1wvMjAyM1wvMDFcL0lNR182Mzk2LTEuanBnIiwic2xpZGVzaG93IjoiYjM3NjkzNCJ9\" href='https:\/\/xn--nuriamuozaige-okb.es\/wp-content\/uploads\/2023\/01\/IMG_6396-1.jpg'><img loading=\"lazy\" decoding=\"async\" width=\"370\" height=\"350\" src=\"https:\/\/xn--nuriamuozaige-okb.es\/wp-content\/uploads\/2023\/01\/IMG_6396-1-370x350.jpg\" class=\"attachment-thumbnail size-thumbnail\" alt=\"\" \/><\/a>\n\t\t\t<\/dt><\/dl><dl class='gallery-item'>\n\t\t\t<dt class='gallery-icon landscape'>\n\t\t\t\t<a data-elementor-open-lightbox=\"yes\" data-elementor-lightbox-slideshow=\"b376934\" data-elementor-lightbox-title=\"fbcccce0-d02a-4de7-b01f-3358df8d578d\" data-e-action-hash=\"#elementor-action%3Aaction%3Dlightbox%26settings%3DeyJpZCI6NDQ5NSwidXJsIjoiaHR0cHM6XC9cL3huLS1udXJpYW11b3phaWdlLW9rYi5lc1wvd3AtY29udGVudFwvdXBsb2Fkc1wvMjAyMlwvMDRcL2ZiY2NjY2UwLWQwMmEtNGRlNy1iMDFmLTMzNThkZjhkNTc4ZC5qcGciLCJzbGlkZXNob3ciOiJiMzc2OTM0In0%3D\" href='https:\/\/xn--nuriamuozaige-okb.es\/wp-content\/uploads\/2022\/04\/fbcccce0-d02a-4de7-b01f-3358df8d578d.jpg'><img loading=\"lazy\" decoding=\"async\" width=\"370\" height=\"350\" src=\"https:\/\/xn--nuriamuozaige-okb.es\/wp-content\/uploads\/2022\/04\/fbcccce0-d02a-4de7-b01f-3358df8d578d-370x350.jpg\" class=\"attachment-thumbnail size-thumbnail\" alt=\"\" \/><\/a>\n\t\t\t<\/dt><\/dl><dl class='gallery-item'>\n\t\t\t<dt class='gallery-icon portrait'>\n\t\t\t\t<a data-elementor-open-lightbox=\"yes\" data-elementor-lightbox-slideshow=\"b376934\" data-elementor-lightbox-title=\"Libros mix\" data-e-action-hash=\"#elementor-action%3Aaction%3Dlightbox%26settings%3DeyJpZCI6NDA1MywidXJsIjoiaHR0cHM6XC9cL3huLS1udXJpYW11b3phaWdlLW9rYi5lc1wvd3AtY29udGVudFwvdXBsb2Fkc1wvMjAyMFwvMTJcL0xpYnJvcy1taXguanBlZyIsInNsaWRlc2hvdyI6ImIzNzY5MzQifQ%3D%3D\" href='https:\/\/xn--nuriamuozaige-okb.es\/wp-content\/uploads\/2020\/12\/Libros-mix.jpeg'><img loading=\"lazy\" decoding=\"async\" width=\"370\" height=\"350\" src=\"https:\/\/xn--nuriamuozaige-okb.es\/wp-content\/uploads\/2020\/12\/Libros-mix-370x350.jpeg\" class=\"attachment-thumbnail size-thumbnail\" alt=\"\" \/><\/a>\n\t\t\t<\/dt><\/dl><dl class='gallery-item'>\n\t\t\t<dt class='gallery-icon landscape'>\n\t\t\t\t<a data-elementor-open-lightbox=\"yes\" data-elementor-lightbox-slideshow=\"b376934\" data-elementor-lightbox-title=\"Foto lliurament premis Flix\" data-e-action-hash=\"#elementor-action%3Aaction%3Dlightbox%26settings%3DeyJpZCI6NDI5MiwidXJsIjoiaHR0cHM6XC9cL3huLS1udXJpYW11b3phaWdlLW9rYi5lc1wvd3AtY29udGVudFwvdXBsb2Fkc1wvMjAyMVwvMDhcL0ZvdG8tbGxpdXJhbWVudC1wcmVtaXMtRmxpeC5qcGciLCJzbGlkZXNob3ciOiJiMzc2OTM0In0%3D\" href='https:\/\/xn--nuriamuozaige-okb.es\/wp-content\/uploads\/2021\/08\/Foto-lliurament-premis-Flix.jpg'><img loading=\"lazy\" decoding=\"async\" width=\"370\" height=\"350\" src=\"https:\/\/xn--nuriamuozaige-okb.es\/wp-content\/uploads\/2021\/08\/Foto-lliurament-premis-Flix-370x350.jpg\" class=\"attachment-thumbnail size-thumbnail\" alt=\"\" \/><\/a>\n\t\t\t<\/dt><\/dl><br style=\"clear: both\" \/><dl class='gallery-item'>\n\t\t\t<dt class='gallery-icon portrait'>\n\t\t\t\t<a data-elementor-open-lightbox=\"yes\" data-elementor-lightbox-slideshow=\"b376934\" data-elementor-lightbox-title=\"Segre, 21 de abril de 2014\" data-e-action-hash=\"#elementor-action%3Aaction%3Dlightbox%26settings%3DeyJpZCI6NDA1NiwidXJsIjoiaHR0cHM6XC9cL3huLS1udXJpYW11b3phaWdlLW9rYi5lc1wvd3AtY29udGVudFwvdXBsb2Fkc1wvMjAyMFwvMTJcL1NlZ3JlLTIxLWRlLWFicmlsLWRlLTIwMTQtc2NhbGVkLmpwZyIsInNsaWRlc2hvdyI6ImIzNzY5MzQifQ%3D%3D\" href='https:\/\/xn--nuriamuozaige-okb.es\/wp-content\/uploads\/2020\/12\/Segre-21-de-abril-de-2014-scaled.jpg'><img loading=\"lazy\" decoding=\"async\" width=\"370\" height=\"350\" src=\"https:\/\/xn--nuriamuozaige-okb.es\/wp-content\/uploads\/2020\/12\/Segre-21-de-abril-de-2014-370x350.jpg\" class=\"attachment-thumbnail size-thumbnail\" alt=\"\" \/><\/a>\n\t\t\t<\/dt><\/dl><dl class='gallery-item'>\n\t\t\t<dt class='gallery-icon portrait'>\n\t\t\t\t<a data-elementor-open-lightbox=\"yes\" data-elementor-lightbox-slideshow=\"b376934\" data-elementor-lightbox-title=\"En Bavetes al regne dels llimacs 1\" data-e-action-hash=\"#elementor-action%3Aaction%3Dlightbox%26settings%3DeyJpZCI6NDA0NSwidXJsIjoiaHR0cHM6XC9cL3huLS1udXJpYW11b3phaWdlLW9rYi5lc1wvd3AtY29udGVudFwvdXBsb2Fkc1wvMjAyMFwvMTJcL0VuLUJhdmV0ZXMtYWwtcmVnbmUtZGVscy1sbGltYWNzLTEuanBnIiwic2xpZGVzaG93IjoiYjM3NjkzNCJ9\" href='https:\/\/xn--nuriamuozaige-okb.es\/wp-content\/uploads\/2020\/12\/En-Bavetes-al-regne-dels-llimacs-1.jpg'><img loading=\"lazy\" decoding=\"async\" width=\"370\" height=\"350\" src=\"https:\/\/xn--nuriamuozaige-okb.es\/wp-content\/uploads\/2020\/12\/En-Bavetes-al-regne-dels-llimacs-1-370x350.jpg\" class=\"attachment-thumbnail size-thumbnail\" alt=\"\" \/><\/a>\n\t\t\t<\/dt><\/dl><dl class='gallery-item'>\n\t\t\t<dt class='gallery-icon portrait'>\n\t\t\t\t<a data-elementor-open-lightbox=\"yes\" data-elementor-lightbox-slideshow=\"b376934\" data-elementor-lightbox-title=\"En Bavetes al regne dels llimacs 3\" data-e-action-hash=\"#elementor-action%3Aaction%3Dlightbox%26settings%3DeyJpZCI6NDA0NywidXJsIjoiaHR0cHM6XC9cL3huLS1udXJpYW11b3phaWdlLW9rYi5lc1wvd3AtY29udGVudFwvdXBsb2Fkc1wvMjAyMFwvMTJcL0VuLUJhdmV0ZXMtYWwtcmVnbmUtZGVscy1sbGltYWNzLTMuanBnIiwic2xpZGVzaG93IjoiYjM3NjkzNCJ9\" href='https:\/\/xn--nuriamuozaige-okb.es\/wp-content\/uploads\/2020\/12\/En-Bavetes-al-regne-dels-llimacs-3.jpg'><img loading=\"lazy\" decoding=\"async\" width=\"370\" height=\"350\" src=\"https:\/\/xn--nuriamuozaige-okb.es\/wp-content\/uploads\/2020\/12\/En-Bavetes-al-regne-dels-llimacs-3-370x350.jpg\" class=\"attachment-thumbnail size-thumbnail\" alt=\"\" \/><\/a>\n\t\t\t<\/dt><\/dl><dl class='gallery-item'>\n\t\t\t<dt class='gallery-icon portrait'>\n\t\t\t\t<a data-elementor-open-lightbox=\"yes\" data-elementor-lightbox-slideshow=\"b376934\" data-elementor-lightbox-title=\"En Bavetes al regne dels llimacs 4\" data-e-action-hash=\"#elementor-action%3Aaction%3Dlightbox%26settings%3DeyJpZCI6NDA0OCwidXJsIjoiaHR0cHM6XC9cL3huLS1udXJpYW11b3phaWdlLW9rYi5lc1wvd3AtY29udGVudFwvdXBsb2Fkc1wvMjAyMFwvMTJcL0VuLUJhdmV0ZXMtYWwtcmVnbmUtZGVscy1sbGltYWNzLTQuanBnIiwic2xpZGVzaG93IjoiYjM3NjkzNCJ9\" href='https:\/\/xn--nuriamuozaige-okb.es\/wp-content\/uploads\/2020\/12\/En-Bavetes-al-regne-dels-llimacs-4.jpg'><img loading=\"lazy\" decoding=\"async\" width=\"370\" height=\"350\" src=\"https:\/\/xn--nuriamuozaige-okb.es\/wp-content\/uploads\/2020\/12\/En-Bavetes-al-regne-dels-llimacs-4-370x350.jpg\" class=\"attachment-thumbnail size-thumbnail\" alt=\"\" \/><\/a>\n\t\t\t<\/dt><\/dl><br style=\"clear: both\" \/><dl class='gallery-item'>\n\t\t\t<dt class='gallery-icon portrait'>\n\t\t\t\t<a data-elementor-open-lightbox=\"yes\" data-elementor-lightbox-slideshow=\"b376934\" data-elementor-lightbox-title=\"La Ma\u00f1ana, 8 de mayo de 2014\" data-e-action-hash=\"#elementor-action%3Aaction%3Dlightbox%26settings%3DeyJpZCI6NDA1MiwidXJsIjoiaHR0cHM6XC9cL3huLS1udXJpYW11b3phaWdlLW9rYi5lc1wvd3AtY29udGVudFwvdXBsb2Fkc1wvMjAyMFwvMTJcL0xhLU1hbmFuYS04LWRlLW1heW8tZGUtMjAxNC1zY2FsZWQuanBnIiwic2xpZGVzaG93IjoiYjM3NjkzNCJ9\" href='https:\/\/xn--nuriamuozaige-okb.es\/wp-content\/uploads\/2020\/12\/La-Manana-8-de-mayo-de-2014-scaled.jpg'><img loading=\"lazy\" decoding=\"async\" width=\"370\" height=\"350\" src=\"https:\/\/xn--nuriamuozaige-okb.es\/wp-content\/uploads\/2020\/12\/La-Manana-8-de-mayo-de-2014-370x350.jpg\" class=\"attachment-thumbnail size-thumbnail\" alt=\"\" \/><\/a>\n\t\t\t<\/dt><\/dl><dl class='gallery-item'>\n\t\t\t<dt class='gallery-icon portrait'>\n\t\t\t\t<a data-elementor-open-lightbox=\"yes\" data-elementor-lightbox-slideshow=\"b376934\" data-elementor-lightbox-title=\"Hist\u00f2ries de babaus (La filla del tintorer)\" data-e-action-hash=\"#elementor-action%3Aaction%3Dlightbox%26settings%3DeyJpZCI6NDA0OSwidXJsIjoiaHR0cHM6XC9cL3huLS1udXJpYW11b3phaWdlLW9rYi5lc1wvd3AtY29udGVudFwvdXBsb2Fkc1wvMjAyMFwvMTJcL0hpc3Rvcmllcy1kZS1iYWJhdXMtTGEtZmlsbGEtZGVsLXRpbnRvcmVyLmpwZWciLCJzbGlkZXNob3ciOiJiMzc2OTM0In0%3D\" href='https:\/\/xn--nuriamuozaige-okb.es\/wp-content\/uploads\/2020\/12\/Histories-de-babaus-La-filla-del-tintorer.jpeg'><img loading=\"lazy\" decoding=\"async\" width=\"370\" height=\"350\" src=\"https:\/\/xn--nuriamuozaige-okb.es\/wp-content\/uploads\/2020\/12\/Histories-de-babaus-La-filla-del-tintorer-370x350.jpeg\" class=\"attachment-thumbnail size-thumbnail\" alt=\"\" \/><\/a>\n\t\t\t<\/dt><\/dl><dl class='gallery-item'>\n\t\t\t<dt class='gallery-icon portrait'>\n\t\t\t\t<a data-elementor-open-lightbox=\"yes\" data-elementor-lightbox-slideshow=\"b376934\" data-elementor-lightbox-title=\"Hist\u00f2ries de babaus (Transmutaci\u00f3 i fuga de Clara O.G.)\" data-e-action-hash=\"#elementor-action%3Aaction%3Dlightbox%26settings%3DeyJpZCI6NDA1MSwidXJsIjoiaHR0cHM6XC9cL3huLS1udXJpYW11b3phaWdlLW9rYi5lc1wvd3AtY29udGVudFwvdXBsb2Fkc1wvMjAyMFwvMTJcL0hpc3Rvcmllcy1kZS1iYWJhdXMtVHJhbnNtdXRhY2lvLWktZnVnYS1kZS1DbGFyYS1PLkcuLmpwZWciLCJzbGlkZXNob3ciOiJiMzc2OTM0In0%3D\" href='https:\/\/xn--nuriamuozaige-okb.es\/wp-content\/uploads\/2020\/12\/Histories-de-babaus-Transmutacio-i-fuga-de-Clara-O.G..jpeg'><img loading=\"lazy\" decoding=\"async\" width=\"370\" height=\"350\" src=\"https:\/\/xn--nuriamuozaige-okb.es\/wp-content\/uploads\/2020\/12\/Histories-de-babaus-Transmutacio-i-fuga-de-Clara-O.G.-370x350.jpeg\" class=\"attachment-thumbnail size-thumbnail\" alt=\"\" \/><\/a>\n\t\t\t<\/dt><\/dl><dl class='gallery-item'>\n\t\t\t<dt class='gallery-icon landscape'>\n\t\t\t\t<a data-elementor-open-lightbox=\"yes\" data-elementor-lightbox-slideshow=\"b376934\" data-elementor-lightbox-title=\"Nuria Mu\u00f1oz Aige\" data-e-action-hash=\"#elementor-action%3Aaction%3Dlightbox%26settings%3DeyJpZCI6NDA1NSwidXJsIjoiaHR0cHM6XC9cL3huLS1udXJpYW11b3phaWdlLW9rYi5lc1wvd3AtY29udGVudFwvdXBsb2Fkc1wvMjAyMFwvMTJcL051cmlhLU11bm96LUFpZ2UuanBnIiwic2xpZGVzaG93IjoiYjM3NjkzNCJ9\" href='https:\/\/xn--nuriamuozaige-okb.es\/wp-content\/uploads\/2020\/12\/Nuria-Munoz-Aige.jpg'><img loading=\"lazy\" decoding=\"async\" width=\"370\" height=\"350\" src=\"https:\/\/xn--nuriamuozaige-okb.es\/wp-content\/uploads\/2020\/12\/Nuria-Munoz-Aige-370x350.jpg\" class=\"attachment-thumbnail size-thumbnail\" alt=\"\" \/><\/a>\n\t\t\t<\/dt><\/dl><br style=\"clear: both\" \/>\n\t\t<\/div>\n\t\t<\/div>\n\t\t\t\t\t\t<\/div>\n\t\t\t\t<\/div>\n\t\t\t\t\t<\/div>\n\t\t<\/div>\n\t\t\t\t\t<\/div>\n\t\t<\/div>\n\t\t\t\t<div class=\"elementor-section elementor-top-section elementor-element elementor-element-9ae95d2 elementor-section-boxed elementor-section-height-default elementor-section-height-default\" data-id=\"9ae95d2\" data-element_type=\"section\">\n\t\t\t\t\t\t<div class=\"elementor-container elementor-column-gap-default\">\n\t\t\t\t\t<div class=\"elementor-column elementor-col-100 elementor-top-column elementor-element elementor-element-e64064e\" data-id=\"e64064e\" data-element_type=\"column\">\n\t\t\t<div class=\"elementor-widget-wrap\">\n\t\t\t\t\t\t\t<\/div>\n\t\t<\/div>\n\t\t\t\t\t<\/div>\n\t\t<\/div>\n\t\t\t\t<\/div>","protected":false},"excerpt":{"rendered":"<p>GALERIA<\/p>","protected":false},"author":1,"featured_media":0,"parent":0,"menu_order":0,"comment_status":"closed","ping_status":"closed","template":"","meta":{"footnotes":""},"class_list":["post-2969","page","type-page","status-publish","hentry"],"yoast_head":"<!-- This site is optimized with the Yoast SEO plugin v24.1 - https:\/\/yoast.com\/wordpress\/plugins\/seo\/ -->\n<title>Galer\u00eda - Nuria Mu\u00f1oz Aige<\/title>\n<meta name=\"description\" content=\"Galer\u00eda fotogr\u00e1fica sobre mi. Bienvenido\/a a mi mundo.\" \/>\n<meta name=\"robots\" content=\"index, follow, max-snippet:-1, max-image-preview:large, max-video-preview:-1\" \/>\n<link rel=\"canonical\" href=\"https:\/\/xn--nuriamuozaige-okb.es\/ca\/galeria\/\" \/>\n<meta property=\"og:locale\" content=\"ca_ES\" \/>\n<meta property=\"og:type\" content=\"article\" \/>\n<meta property=\"og:title\" content=\"Galer\u00eda - Nuria Mu\u00f1oz Aige\" \/>\n<meta property=\"og:description\" content=\"Galer\u00eda fotogr\u00e1fica sobre mi. Bienvenido\/a a mi mundo.\" \/>\n<meta property=\"og:url\" content=\"https:\/\/xn--nuriamuozaige-okb.es\/ca\/galeria\/\" \/>\n<meta property=\"og:site_name\" content=\"Nuria Mu\u00f1oz Aige\" \/>\n<meta property=\"article:modified_time\" content=\"2025-01-03T12:00:36+00:00\" \/>\n<meta property=\"og:image\" content=\"https:\/\/xn--nuriamuozaige-okb.es\/wp-content\/uploads\/2023\/01\/IMG_6654-370x350.jpg\" \/>\n<meta name=\"twitter:card\" content=\"summary_large_image\" \/>\n<meta name=\"twitter:label1\" content=\"Temps estimat de lectura\" \/>\n\t<meta name=\"twitter:data1\" content=\"4 minuts\" \/>\n<script type=\"application\/ld+json\" class=\"yoast-schema-graph\">{\"@context\":\"https:\/\/schema.org\",\"@graph\":[{\"@type\":\"WebPage\",\"@id\":\"https:\/\/xn--nuriamuozaige-okb.es\/galeria\",\"url\":\"https:\/\/xn--nuriamuozaige-okb.es\/galeria\",\"name\":\"Galer\u00eda - Nuria Mu\u00f1oz Aige\",\"isPartOf\":{\"@id\":\"https:\/\/xn--nuriamuozaige-okb.es\/#website\"},\"primaryImageOfPage\":{\"@id\":\"https:\/\/xn--nuriamuozaige-okb.es\/galeria#primaryimage\"},\"image\":{\"@id\":\"https:\/\/xn--nuriamuozaige-okb.es\/galeria#primaryimage\"},\"thumbnailUrl\":\"https:\/\/xn--nuriamuozaige-okb.es\/wp-content\/uploads\/2023\/01\/IMG_6654-370x350.jpg\",\"datePublished\":\"2020-12-09T18:09:22+00:00\",\"dateModified\":\"2025-01-03T12:00:36+00:00\",\"description\":\"Galer\u00eda fotogr\u00e1fica sobre mi. Bienvenido\/a a mi mundo.\",\"breadcrumb\":{\"@id\":\"https:\/\/xn--nuriamuozaige-okb.es\/galeria#breadcrumb\"},\"inLanguage\":\"ca\",\"potentialAction\":[{\"@type\":\"ReadAction\",\"target\":[\"https:\/\/xn--nuriamuozaige-okb.es\/galeria\"]}]},{\"@type\":\"ImageObject\",\"inLanguage\":\"ca\",\"@id\":\"https:\/\/xn--nuriamuozaige-okb.es\/galeria#primaryimage\",\"url\":\"https:\/\/xn--nuriamuozaige-okb.es\/wp-content\/uploads\/2023\/01\/IMG_6654-370x350.jpg\",\"contentUrl\":\"https:\/\/xn--nuriamuozaige-okb.es\/wp-content\/uploads\/2023\/01\/IMG_6654-370x350.jpg\"},{\"@type\":\"BreadcrumbList\",\"@id\":\"https:\/\/xn--nuriamuozaige-okb.es\/galeria#breadcrumb\",\"itemListElement\":[{\"@type\":\"ListItem\",\"position\":1,\"name\":\"Portada\",\"item\":\"https:\/\/xn--nuriamuozaige-okb.es\/\"},{\"@type\":\"ListItem\",\"position\":2,\"name\":\"Galer\u00eda\"}]},{\"@type\":\"WebSite\",\"@id\":\"https:\/\/xn--nuriamuozaige-okb.es\/#website\",\"url\":\"https:\/\/xn--nuriamuozaige-okb.es\/\",\"name\":\"Nuria Mu\u00f1oz Aige\",\"description\":\"Nuria Mu\u00f1oz Aige - escritora\",\"publisher\":{\"@id\":\"https:\/\/xn--nuriamuozaige-okb.es\/#\/schema\/person\/f8439b7fd6eaddd63cb7b97dbc7fa5f2\"},\"potentialAction\":[{\"@type\":\"SearchAction\",\"target\":{\"@type\":\"EntryPoint\",\"urlTemplate\":\"https:\/\/xn--nuriamuozaige-okb.es\/?s={search_term_string}\"},\"query-input\":{\"@type\":\"PropertyValueSpecification\",\"valueRequired\":true,\"valueName\":\"search_term_string\"}}],\"inLanguage\":\"ca\"},{\"@type\":[\"Person\",\"Organization\"],\"@id\":\"https:\/\/xn--nuriamuozaige-okb.es\/#\/schema\/person\/f8439b7fd6eaddd63cb7b97dbc7fa5f2\",\"name\":\"nurialolailo\",\"image\":{\"@type\":\"ImageObject\",\"inLanguage\":\"ca\",\"@id\":\"https:\/\/xn--nuriamuozaige-okb.es\/#\/schema\/person\/image\/\",\"url\":\"https:\/\/secure.gravatar.com\/avatar\/bbc033826fd4f319217c8be90d3f98b9?s=96&d=mm&r=g\",\"contentUrl\":\"https:\/\/secure.gravatar.com\/avatar\/bbc033826fd4f319217c8be90d3f98b9?s=96&d=mm&r=g\",\"caption\":\"nurialolailo\"},\"logo\":{\"@id\":\"https:\/\/xn--nuriamuozaige-okb.es\/#\/schema\/person\/image\/\"},\"sameAs\":[\"http:\/\/xn--nuriamuozaige-okb.es\"]}]}<\/script>\n<!-- \/ Yoast SEO plugin. -->","yoast_head_json":{"title":"Galer\u00eda - Nuria Mu\u00f1oz Aige","description":"Galer\u00eda fotogr\u00e1fica sobre mi. Bienvenido\/a a mi mundo.","robots":{"index":"index","follow":"follow","max-snippet":"max-snippet:-1","max-image-preview":"max-image-preview:large","max-video-preview":"max-video-preview:-1"},"canonical":"https:\/\/xn--nuriamuozaige-okb.es\/ca\/galeria\/","og_locale":"ca_ES","og_type":"article","og_title":"Galer\u00eda - Nuria Mu\u00f1oz Aige","og_description":"Galer\u00eda fotogr\u00e1fica sobre mi. Bienvenido\/a a mi mundo.","og_url":"https:\/\/xn--nuriamuozaige-okb.es\/ca\/galeria\/","og_site_name":"Nuria Mu\u00f1oz Aige","article_modified_time":"2025-01-03T12:00:36+00:00","og_image":[{"url":"https:\/\/xn--nuriamuozaige-okb.es\/wp-content\/uploads\/2023\/01\/IMG_6654-370x350.jpg","type":"","width":"","height":""}],"twitter_card":"summary_large_image","twitter_misc":{"Temps estimat de lectura":"4 minuts"},"schema":{"@context":"https:\/\/schema.org","@graph":[{"@type":"WebPage","@id":"https:\/\/xn--nuriamuozaige-okb.es\/galeria","url":"https:\/\/xn--nuriamuozaige-okb.es\/galeria","name":"Galer\u00eda - Nuria Mu\u00f1oz Aige","isPartOf":{"@id":"https:\/\/xn--nuriamuozaige-okb.es\/#website"},"primaryImageOfPage":{"@id":"https:\/\/xn--nuriamuozaige-okb.es\/galeria#primaryimage"},"image":{"@id":"https:\/\/xn--nuriamuozaige-okb.es\/galeria#primaryimage"},"thumbnailUrl":"https:\/\/xn--nuriamuozaige-okb.es\/wp-content\/uploads\/2023\/01\/IMG_6654-370x350.jpg","datePublished":"2020-12-09T18:09:22+00:00","dateModified":"2025-01-03T12:00:36+00:00","description":"Galer\u00eda fotogr\u00e1fica sobre mi. Bienvenido\/a a mi mundo.","breadcrumb":{"@id":"https:\/\/xn--nuriamuozaige-okb.es\/galeria#breadcrumb"},"inLanguage":"ca","potentialAction":[{"@type":"ReadAction","target":["https:\/\/xn--nuriamuozaige-okb.es\/galeria"]}]},{"@type":"ImageObject","inLanguage":"ca","@id":"https:\/\/xn--nuriamuozaige-okb.es\/galeria#primaryimage","url":"https:\/\/xn--nuriamuozaige-okb.es\/wp-content\/uploads\/2023\/01\/IMG_6654-370x350.jpg","contentUrl":"https:\/\/xn--nuriamuozaige-okb.es\/wp-content\/uploads\/2023\/01\/IMG_6654-370x350.jpg"},{"@type":"BreadcrumbList","@id":"https:\/\/xn--nuriamuozaige-okb.es\/galeria#breadcrumb","itemListElement":[{"@type":"ListItem","position":1,"name":"Portada","item":"https:\/\/xn--nuriamuozaige-okb.es\/"},{"@type":"ListItem","position":2,"name":"Galer\u00eda"}]},{"@type":"WebSite","@id":"https:\/\/xn--nuriamuozaige-okb.es\/#website","url":"https:\/\/xn--nuriamuozaige-okb.es\/","name":"Nuria Mu\u00f1oz Aige","description":"Nuria Mu\u00f1oz Aige - escritora","publisher":{"@id":"https:\/\/xn--nuriamuozaige-okb.es\/#\/schema\/person\/f8439b7fd6eaddd63cb7b97dbc7fa5f2"},"potentialAction":[{"@type":"SearchAction","target":{"@type":"EntryPoint","urlTemplate":"https:\/\/xn--nuriamuozaige-okb.es\/?s={search_term_string}"},"query-input":{"@type":"PropertyValueSpecification","valueRequired":true,"valueName":"search_term_string"}}],"inLanguage":"ca"},{"@type":["Person","Organization"],"@id":"https:\/\/xn--nuriamuozaige-okb.es\/#\/schema\/person\/f8439b7fd6eaddd63cb7b97dbc7fa5f2","name":"nurialolailo","image":{"@type":"ImageObject","inLanguage":"ca","@id":"https:\/\/xn--nuriamuozaige-okb.es\/#\/schema\/person\/image\/","url":"https:\/\/secure.gravatar.com\/avatar\/bbc033826fd4f319217c8be90d3f98b9?s=96&d=mm&r=g","contentUrl":"https:\/\/secure.gravatar.com\/avatar\/bbc033826fd4f319217c8be90d3f98b9?s=96&d=mm&r=g","caption":"nurialolailo"},"logo":{"@id":"https:\/\/xn--nuriamuozaige-okb.es\/#\/schema\/person\/image\/"},"sameAs":["http:\/\/xn--nuriamuozaige-okb.es"]}]}},"_links":{"self":[{"href":"https:\/\/xn--nuriamuozaige-okb.es\/ca\/wp-json\/wp\/v2\/pages\/2969","targetHints":{"allow":["GET"]}}],"collection":[{"href":"https:\/\/xn--nuriamuozaige-okb.es\/ca\/wp-json\/wp\/v2\/pages"}],"about":[{"href":"https:\/\/xn--nuriamuozaige-okb.es\/ca\/wp-json\/wp\/v2\/types\/page"}],"author":[{"embeddable":true,"href":"https:\/\/xn--nuriamuozaige-okb.es\/ca\/wp-json\/wp\/v2\/users\/1"}],"replies":[{"embeddable":true,"href":"https:\/\/xn--nuriamuozaige-okb.es\/ca\/wp-json\/wp\/v2\/comments?post=2969"}],"version-history":[{"count":201,"href":"https:\/\/xn--nuriamuozaige-okb.es\/ca\/wp-json\/wp\/v2\/pages\/2969\/revisions"}],"predecessor-version":[{"id":4806,"href":"https:\/\/xn--nuriamuozaige-okb.es\/ca\/wp-json\/wp\/v2\/pages\/2969\/revisions\/4806"}],"wp:attachment":[{"href":"https:\/\/xn--nuriamuozaige-okb.es\/ca\/wp-json\/wp\/v2\/media?parent=2969"}],"curies":[{"name":"wp","href":"https:\/\/api.w.org\/{rel}","templated":true}]}}