{"id":2990,"date":"2020-12-12T09:58:48","date_gmt":"2020-12-12T09:58:48","guid":{"rendered":"http:\/\/xn--nuriamuozaige-okb.es\/?page_id=2990"},"modified":"2025-01-18T09:54:35","modified_gmt":"2025-01-18T09:54:35","slug":"inicio","status":"publish","type":"page","link":"https:\/\/xn--nuriamuozaige-okb.es\/ca\/","title":{"rendered":"Inici"},"content":{"rendered":"<div data-elementor-type=\"wp-page\" data-elementor-id=\"2990\" class=\"elementor elementor-2990\">\n\t\t\t\t\t\t<div class=\"elementor-section elementor-top-section elementor-element elementor-element-0b53bde elementor-section-content-middle elementor-section-boxed elementor-section-height-default elementor-section-height-default\" data-id=\"0b53bde\" data-element_type=\"section\" data-settings=\"{&quot;background_background&quot;:&quot;classic&quot;}\">\n\t\t\t\t\t\t\t<div class=\"elementor-background-overlay\"><\/div>\n\t\t\t\t\t\t\t<div class=\"elementor-container elementor-column-gap-no\">\n\t\t\t\t\t<div class=\"elementor-column elementor-col-50 elementor-top-column elementor-element elementor-element-f2cab2e\" data-id=\"f2cab2e\" data-element_type=\"column\">\n\t\t\t<div class=\"elementor-widget-wrap elementor-element-populated\">\n\t\t\t\t\t\t<div class=\"elementor-element elementor-element-f84a9c8 elementor-widget elementor-widget-spacer\" data-id=\"f84a9c8\" data-element_type=\"widget\" data-widget_type=\"spacer.default\">\n\t\t\t\t<div class=\"elementor-widget-container\">\n\t\t\t\t\t\t\t<div class=\"elementor-spacer\">\n\t\t\t<div class=\"elementor-spacer-inner\"><\/div>\n\t\t<\/div>\n\t\t\t\t\t\t<\/div>\n\t\t\t\t<\/div>\n\t\t\t\t<div class=\"elementor-element elementor-element-ee7412b elementor-widget elementor-widget-heading\" data-id=\"ee7412b\" data-element_type=\"widget\" data-widget_type=\"heading.default\">\n\t\t\t\t<div class=\"elementor-widget-container\">\n\t\t\t\t\t<h2 class=\"elementor-heading-title elementor-size-large\">Una guerra, un nen, un prost\u00edbul<\/h2>\t\t\t\t<\/div>\n\t\t\t\t<\/div>\n\t\t\t\t<div class=\"elementor-element elementor-element-c9dc359 elementor-widget elementor-widget-spacer\" data-id=\"c9dc359\" data-element_type=\"widget\" data-widget_type=\"spacer.default\">\n\t\t\t\t<div class=\"elementor-widget-container\">\n\t\t\t\t\t\t\t<div class=\"elementor-spacer\">\n\t\t\t<div class=\"elementor-spacer-inner\"><\/div>\n\t\t<\/div>\n\t\t\t\t\t\t<\/div>\n\t\t\t\t<\/div>\n\t\t\t\t<div class=\"elementor-element elementor-element-3402f26 elementor-widget elementor-widget-heading\" data-id=\"3402f26\" data-element_type=\"widget\" data-widget_type=\"heading.default\">\n\t\t\t\t<div class=\"elementor-widget-container\">\n\t\t\t\t\t<h2 class=\"elementor-heading-title elementor-size-large\">N\u00daRIA MU\u00d1OZ AIGE\n<\/h2>\t\t\t\t<\/div>\n\t\t\t\t<\/div>\n\t\t\t\t<div class=\"elementor-element elementor-element-663795f elementor-widget elementor-widget-spacer\" data-id=\"663795f\" data-element_type=\"widget\" data-widget_type=\"spacer.default\">\n\t\t\t\t<div class=\"elementor-widget-container\">\n\t\t\t\t\t\t\t<div class=\"elementor-spacer\">\n\t\t\t<div class=\"elementor-spacer-inner\"><\/div>\n\t\t<\/div>\n\t\t\t\t\t\t<\/div>\n\t\t\t\t<\/div>\n\t\t\t\t<div class=\"elementor-element elementor-element-7ec4c92 elementor-widget elementor-widget-heading\" data-id=\"7ec4c92\" data-element_type=\"widget\" data-widget_type=\"heading.default\">\n\t\t\t\t<div class=\"elementor-widget-container\">\n\t\t\t\t\t<h2 class=\"elementor-heading-title elementor-size-xl\"><a href=\"https:\/\/xn--nuriamuozaige-okb.es\/ca\/puta-y-rojilla\/\">Puta i republicana\n<\/a><\/h2>\t\t\t\t<\/div>\n\t\t\t\t<\/div>\n\t\t\t\t<div class=\"elementor-element elementor-element-252c901 elementor-widget elementor-widget-spacer\" data-id=\"252c901\" data-element_type=\"widget\" data-widget_type=\"spacer.default\">\n\t\t\t\t<div class=\"elementor-widget-container\">\n\t\t\t\t\t\t\t<div class=\"elementor-spacer\">\n\t\t\t<div class=\"elementor-spacer-inner\"><\/div>\n\t\t<\/div>\n\t\t\t\t\t\t<\/div>\n\t\t\t\t<\/div>\n\t\t\t\t<div class=\"elementor-element elementor-element-846fa6b elementor-widget elementor-widget-text-editor\" data-id=\"846fa6b\" data-element_type=\"widget\" data-widget_type=\"text-editor.default\">\n\t\t\t\t<div class=\"elementor-widget-container\">\n\t\t\t\t\t\t\t\t\t<p>A la venda a Libros.cc, Amazon, Kobo, la Casa del Libro, El Corte Ingl\u00e9s, i a la teva llibreria habitual.<\/p>\t\t\t\t\t\t\t\t<\/div>\n\t\t\t\t<\/div>\n\t\t\t\t<div class=\"elementor-element elementor-element-6b7692b elementor-widget-divider--view-line elementor-widget elementor-widget-divider\" data-id=\"6b7692b\" data-element_type=\"widget\" data-widget_type=\"divider.default\">\n\t\t\t\t<div class=\"elementor-widget-container\">\n\t\t\t\t\t\t\t<div class=\"elementor-divider\">\n\t\t\t<span class=\"elementor-divider-separator\">\n\t\t\t\t\t\t<\/span>\n\t\t<\/div>\n\t\t\t\t\t\t<\/div>\n\t\t\t\t<\/div>\n\t\t\t\t<div class=\"elementor-element elementor-element-805c11a elementor-widget elementor-widget-text-editor\" data-id=\"805c11a\" data-element_type=\"widget\" data-widget_type=\"text-editor.default\">\n\t\t\t\t<div class=\"elementor-widget-container\">\n\t\t\t\t\t\t\t\t\t<p style=\"text-align: center;\"><strong><span style=\"color: #800000;\"><a style=\"color: #800000;\" href=\"https:\/\/www.youtube.com\/watch?v=ff3BwOO4QyM\">VEURE BOOKTRAILER<\/a><\/span><\/strong><\/p>\t\t\t\t\t\t\t\t<\/div>\n\t\t\t\t<\/div>\n\t\t\t\t<div class=\"elementor-element elementor-element-3c799a8 elementor-widget elementor-widget-text-editor\" data-id=\"3c799a8\" data-element_type=\"widget\" data-widget_type=\"text-editor.default\">\n\t\t\t\t<div class=\"elementor-widget-container\">\n\t\t\t\t\t\t\t\t\t<p style=\"text-align: center;\"><a href=\"https:\/\/www.amazon.es\/Puta-rojilla-Nuria-Mu%C3%B1oz-Aige\/dp\/8419267457\/ref=sr_1_1?qid=1671536395&amp;refinements=p_27%3ANuria+Mu%C3%B1oz+Aige&amp;s=books&amp;sr=1-1\"><strong>COMPRAR A AMAZON<\/strong><\/a><\/p>\t\t\t\t\t\t\t\t<\/div>\n\t\t\t\t<\/div>\n\t\t\t\t\t<\/div>\n\t\t<\/div>\n\t\t\t\t<div class=\"elementor-column elementor-col-50 elementor-top-column elementor-element elementor-element-b33111a\" data-id=\"b33111a\" data-element_type=\"column\">\n\t\t\t<div class=\"elementor-widget-wrap elementor-element-populated\">\n\t\t\t\t\t\t<div class=\"elementor-element elementor-element-cff4e9d elementor-widget elementor-widget-image\" data-id=\"cff4e9d\" data-element_type=\"widget\" data-widget_type=\"image.default\">\n\t\t\t\t<div class=\"elementor-widget-container\">\n\t\t\t\t\t\t\t\t\t\t\t\t\t\t\t\t<a href=\"http:\/\/nuriamu\u00f1ozaige.es\/la-saga-de-la-mandragora\">\n\t\t\t\t\t\t\t<img fetchpriority=\"high\" decoding=\"async\" width=\"1886\" height=\"2195\" src=\"https:\/\/xn--nuriamuozaige-okb.es\/wp-content\/uploads\/2025\/01\/1737044927-copia-4-1.png\" class=\"attachment-medium size-medium wp-image-4566\" alt=\"\" srcset=\"https:\/\/xn--nuriamuozaige-okb.es\/wp-content\/uploads\/2025\/01\/1737044927-copia-4-1.png 984w, https:\/\/xn--nuriamuozaige-okb.es\/wp-content\/uploads\/2025\/01\/1737044927-copia-4-1-11x12.png 11w\" sizes=\"(max-width: 1886px) 100vw, 1886px\" \/>\t\t\t\t\t\t\t\t<\/a>\n\t\t\t\t\t\t\t\t\t\t\t\t\t\t\t<\/div>\n\t\t\t\t<\/div>\n\t\t\t\t\t<\/div>\n\t\t<\/div>\n\t\t\t\t\t<\/div>\n\t\t<\/div>\n\t\t\t\t<div class=\"elementor-section elementor-top-section elementor-element elementor-element-414adfa elementor-section-content-middle elementor-section-boxed elementor-section-height-default elementor-section-height-default\" data-id=\"414adfa\" data-element_type=\"section\">\n\t\t\t\t\t\t<div class=\"elementor-container elementor-column-gap-default\">\n\t\t\t\t\t<div class=\"elementor-column elementor-col-50 elementor-top-column elementor-element elementor-element-92b1742\" data-id=\"92b1742\" data-element_type=\"column\">\n\t\t\t<div class=\"elementor-widget-wrap elementor-element-populated\">\n\t\t\t\t\t\t<div class=\"elementor-element elementor-element-27c0f6b elementor-widget elementor-widget-image\" data-id=\"27c0f6b\" data-element_type=\"widget\" data-widget_type=\"image.default\">\n\t\t\t\t<div class=\"elementor-widget-container\">\n\t\t\t\t\t\t\t\t\t\t\t\t\t\t\t<img decoding=\"async\" width=\"1810\" height=\"2560\" src=\"https:\/\/xn--nuriamuozaige-okb.es\/wp-content\/uploads\/2023\/01\/Nuria-Munoz-Aige-2a-foto-definitiva-scaled.jpg\" class=\"attachment-medium size-medium wp-image-4631\" alt=\"\" srcset=\"https:\/\/xn--nuriamuozaige-okb.es\/wp-content\/uploads\/2023\/01\/Nuria-Munoz-Aige-2a-foto-definitiva-scaled.jpg 1810w, https:\/\/xn--nuriamuozaige-okb.es\/wp-content\/uploads\/2023\/01\/Nuria-Munoz-Aige-2a-foto-definitiva-1086x1536.jpg 1086w, https:\/\/xn--nuriamuozaige-okb.es\/wp-content\/uploads\/2023\/01\/Nuria-Munoz-Aige-2a-foto-definitiva-1448x2048.jpg 1448w\" sizes=\"(max-width: 1810px) 100vw, 1810px\" \/>\t\t\t\t\t\t\t\t\t\t\t\t\t\t\t<\/div>\n\t\t\t\t<\/div>\n\t\t\t\t\t<\/div>\n\t\t<\/div>\n\t\t\t\t<div class=\"elementor-column elementor-col-50 elementor-top-column elementor-element elementor-element-5ac31fe\" data-id=\"5ac31fe\" data-element_type=\"column\">\n\t\t\t<div class=\"elementor-widget-wrap elementor-element-populated\">\n\t\t\t\t\t\t<div class=\"elementor-element elementor-element-af35e7b elementor-widget elementor-widget-text-editor\" data-id=\"af35e7b\" data-element_type=\"widget\" data-widget_type=\"text-editor.default\">\n\t\t\t\t<div class=\"elementor-widget-container\">\n\t\t\t\t\t\t\t\t\t<p>Per comen\u00e7ar, deixa'm dir-te que \u00e9s un plaer per a mi que visitis la meva p\u00e0gina web.\u00a0<\/p><p>Aqu\u00ed descobrir\u00e0s una mica m\u00e9s sobre mi i sobre la meva gran passi\u00f3: la literatura. Et presentar\u00e9 les meves obres i tamb\u00e9 et contar\u00e9 quatre coses sobre mi mateixa a fi que em coneguis millor.\u00a0<\/p><p>Benvinguda\/Benvingut!<\/p><p><img decoding=\"async\" class=\"alignnone wp-image-2840\" src=\"http:\/\/xn--nuriamuozaige-okb.es\/wp-content\/uploads\/2020\/12\/firma-nuria-munoz-.png\" sizes=\"(max-width: 101px) 100vw, 101px\" srcset=\"http:\/\/xn--nuriamuozaige-okb.es\/wp-content\/uploads\/2020\/12\/firma-nuria-munoz-.png 802w, http:\/\/xn--nuriamuozaige-okb.es\/wp-content\/uploads\/2020\/12\/firma-nuria-munoz--800x729.png 800w\" alt=\"\" width=\"101\" height=\"92\" \/><\/p><p><strong>N\u00daRIA MU\u00d1OZ AIGE<\/strong><\/p><p>Escriptora<\/p>\t\t\t\t\t\t\t\t<\/div>\n\t\t\t\t<\/div>\n\t\t\t\t\t<\/div>\n\t\t<\/div>\n\t\t\t\t\t<\/div>\n\t\t<\/div>\n\t\t\t\t<div class=\"elementor-section elementor-top-section elementor-element elementor-element-3c3f576 elementor-section-content-space-between elementor-section-boxed elementor-section-height-default elementor-section-height-default\" data-id=\"3c3f576\" data-element_type=\"section\">\n\t\t\t\t\t\t\t<div class=\"elementor-background-overlay\"><\/div>\n\t\t\t\t\t\t\t<div class=\"elementor-container elementor-column-gap-default\">\n\t\t\t\t\t<div class=\"elementor-column elementor-col-100 elementor-top-column elementor-element elementor-element-3e5df67\" data-id=\"3e5df67\" data-element_type=\"column\" data-settings=\"{&quot;background_background&quot;:&quot;classic&quot;}\">\n\t\t\t<div class=\"elementor-widget-wrap elementor-element-populated\">\n\t\t\t\t\t\t<div class=\"elementor-element elementor-element-9981c5f elementor-widget elementor-widget-heading\" data-id=\"9981c5f\" data-element_type=\"widget\" data-widget_type=\"heading.default\">\n\t\t\t\t<div class=\"elementor-widget-container\">\n\t\t\t\t\t<h2 class=\"elementor-heading-title elementor-size-medium\">\"La troballa afortunada d'un bon llibre\npot canviar el dest\u00ed d'una \u00e0nima\".\n<\/h2>\t\t\t\t<\/div>\n\t\t\t\t<\/div>\n\t\t\t\t<div class=\"elementor-element elementor-element-3cb093f elementor-widget elementor-widget-spacer\" data-id=\"3cb093f\" data-element_type=\"widget\" data-widget_type=\"spacer.default\">\n\t\t\t\t<div class=\"elementor-widget-container\">\n\t\t\t\t\t\t\t<div class=\"elementor-spacer\">\n\t\t\t<div class=\"elementor-spacer-inner\"><\/div>\n\t\t<\/div>\n\t\t\t\t\t\t<\/div>\n\t\t\t\t<\/div>\n\t\t\t\t<div class=\"elementor-element elementor-element-6ae579e elementor-widget elementor-widget-heading\" data-id=\"6ae579e\" data-element_type=\"widget\" data-widget_type=\"heading.default\">\n\t\t\t\t<div class=\"elementor-widget-container\">\n\t\t\t\t\t<h2 class=\"elementor-heading-title elementor-size-small\">Marcel Pr\u00e9vost (1862-1941) Escriptor franc\u00e8s.<\/h2>\t\t\t\t<\/div>\n\t\t\t\t<\/div>\n\t\t\t\t\t<\/div>\n\t\t<\/div>\n\t\t\t\t\t<\/div>\n\t\t<\/div>\n\t\t\t\t<div class=\"elementor-section elementor-top-section elementor-element elementor-element-0ba639a elementor-section-boxed elementor-section-height-default elementor-section-height-default\" data-id=\"0ba639a\" data-element_type=\"section\">\n\t\t\t\t\t\t<div class=\"elementor-container elementor-column-gap-default\">\n\t\t\t\t\t<div class=\"elementor-column elementor-col-100 elementor-top-column elementor-element elementor-element-724c1b8\" data-id=\"724c1b8\" data-element_type=\"column\">\n\t\t\t<div class=\"elementor-widget-wrap elementor-element-populated\">\n\t\t\t\t\t\t<div class=\"elementor-element elementor-element-57e7d65 elementor-widget elementor-widget-spacer\" data-id=\"57e7d65\" data-element_type=\"widget\" data-widget_type=\"spacer.default\">\n\t\t\t\t<div class=\"elementor-widget-container\">\n\t\t\t\t\t\t\t<div class=\"elementor-spacer\">\n\t\t\t<div class=\"elementor-spacer-inner\"><\/div>\n\t\t<\/div>\n\t\t\t\t\t\t<\/div>\n\t\t\t\t<\/div>\n\t\t\t\t\t<\/div>\n\t\t<\/div>\n\t\t\t\t\t<\/div>\n\t\t<\/div>\n\t\t\t\t<div class=\"elementor-section elementor-top-section elementor-element elementor-element-627df1f elementor-section-boxed elementor-section-height-default elementor-section-height-default\" data-id=\"627df1f\" data-element_type=\"section\">\n\t\t\t\t\t\t<div class=\"elementor-container elementor-column-gap-default\">\n\t\t\t\t\t<div class=\"elementor-column elementor-col-100 elementor-top-column elementor-element elementor-element-c14032c\" data-id=\"c14032c\" data-element_type=\"column\">\n\t\t\t<div class=\"elementor-widget-wrap elementor-element-populated\">\n\t\t\t\t\t\t<div class=\"elementor-element elementor-element-56e9e00 elementor-widget elementor-widget-text-editor\" data-id=\"56e9e00\" data-element_type=\"widget\" data-widget_type=\"text-editor.default\">\n\t\t\t\t<div class=\"elementor-widget-container\">\n\t\t\t\t\t\t\t\t\t<p><a href=\"http:\/\/nuriamu\u00f1ozaige.es\/obras\">ET CONVIDO A DESCOBRIR LES MEVES OBRES<\/a><\/p>\t\t\t\t\t\t\t\t<\/div>\n\t\t\t\t<\/div>\n\t\t\t\t\t<\/div>\n\t\t<\/div>\n\t\t\t\t\t<\/div>\n\t\t<\/div>\n\t\t\t\t<div class=\"elementor-section elementor-top-section elementor-element elementor-element-26670b7 elementor-section-boxed elementor-section-height-default elementor-section-height-default\" data-id=\"26670b7\" data-element_type=\"section\">\n\t\t\t\t\t\t<div class=\"elementor-container elementor-column-gap-default\">\n\t\t\t\t\t<div class=\"elementor-column elementor-col-100 elementor-top-column elementor-element elementor-element-5299c6a\" data-id=\"5299c6a\" data-element_type=\"column\">\n\t\t\t<div class=\"elementor-widget-wrap elementor-element-populated\">\n\t\t\t\t\t\t<div class=\"elementor-element elementor-element-b2981af elementor-widget elementor-widget-image\" data-id=\"b2981af\" data-element_type=\"widget\" data-widget_type=\"image.default\">\n\t\t\t\t<div class=\"elementor-widget-container\">\n\t\t\t\t\t\t\t\t\t\t\t\t\t\t\t\t<a href=\"http:\/\/xn--nuriamuozaige-okb.es\/ca\/obras\/\">\n\t\t\t\t\t\t\t<img loading=\"lazy\" decoding=\"async\" width=\"2560\" height=\"1153\" src=\"https:\/\/xn--nuriamuozaige-okb.es\/wp-content\/uploads\/2020\/12\/IMG_20201213_193619268-scaled.jpg\" class=\"attachment-large size-large wp-image-3683\" alt=\"\" srcset=\"https:\/\/xn--nuriamuozaige-okb.es\/wp-content\/uploads\/2020\/12\/IMG_20201213_193619268-scaled.jpg 2560w, https:\/\/xn--nuriamuozaige-okb.es\/wp-content\/uploads\/2020\/12\/IMG_20201213_193619268-1536x692.jpg 1536w, https:\/\/xn--nuriamuozaige-okb.es\/wp-content\/uploads\/2020\/12\/IMG_20201213_193619268-2048x922.jpg 2048w\" sizes=\"(max-width: 2560px) 100vw, 2560px\" \/>\t\t\t\t\t\t\t\t<\/a>\n\t\t\t\t\t\t\t\t\t\t\t\t\t\t\t<\/div>\n\t\t\t\t<\/div>\n\t\t\t\t\t<\/div>\n\t\t<\/div>\n\t\t\t\t\t<\/div>\n\t\t<\/div>\n\t\t\t\t<div class=\"elementor-section elementor-top-section elementor-element elementor-element-c9ca7e0 elementor-section-boxed elementor-section-height-default elementor-section-height-default\" data-id=\"c9ca7e0\" data-element_type=\"section\">\n\t\t\t\t\t\t<div class=\"elementor-container elementor-column-gap-default\">\n\t\t\t\t\t<div class=\"elementor-column elementor-col-100 elementor-top-column elementor-element elementor-element-8363042\" data-id=\"8363042\" data-element_type=\"column\">\n\t\t\t<div class=\"elementor-widget-wrap elementor-element-populated\">\n\t\t\t\t\t\t<div class=\"elementor-element elementor-element-ada1de1 elementor-widget elementor-widget-spacer\" data-id=\"ada1de1\" data-element_type=\"widget\" data-widget_type=\"spacer.default\">\n\t\t\t\t<div class=\"elementor-widget-container\">\n\t\t\t\t\t\t\t<div class=\"elementor-spacer\">\n\t\t\t<div class=\"elementor-spacer-inner\"><\/div>\n\t\t<\/div>\n\t\t\t\t\t\t<\/div>\n\t\t\t\t<\/div>\n\t\t\t\t<div class=\"elementor-element elementor-element-c0bf971 elementor-widget elementor-widget-text-editor\" data-id=\"c0bf971\" data-element_type=\"widget\" data-widget_type=\"text-editor.default\">\n\t\t\t\t<div class=\"elementor-widget-container\">\n\t\t\t\t\t\t\t\t\t<p style=\"text-align: center;\"><strong><span style=\"color: #808080;\">@nuriaentreletras<\/span><\/strong><\/p>\t\t\t\t\t\t\t\t<\/div>\n\t\t\t\t<\/div>\n\t\t\t\t\t<\/div>\n\t\t<\/div>\n\t\t\t\t\t<\/div>\n\t\t<\/div>\n\t\t\t\t<\/div>","protected":false},"excerpt":{"rendered":"<p>Una guerra, un ni\u00f1o, un prost\u00edbulo NURIA MU\u00d1OZ AIGE Puta y rojilla Ya a la venta en Libros.cc, Amazon, Kobo, la Casa del Libro, El Corte Ingl\u00e9s, y en tu librer\u00eda habitual. VER BOOKTRAILER COMPRAR EN AMAZON [&hellip;]<\/p>","protected":false},"author":1,"featured_media":0,"parent":0,"menu_order":0,"comment_status":"closed","ping_status":"closed","template":"","meta":{"footnotes":""},"class_list":["post-2990","page","type-page","status-publish","hentry"],"yoast_head":"<!-- This site is optimized with the Yoast SEO plugin v24.1 - https:\/\/yoast.com\/wordpress\/plugins\/seo\/ -->\n<title>Inicio - Nuria Mu\u00f1oz Aige<\/title>\n<meta name=\"description\" content=\"Descubre mi obra literaria y mi \u00fatima novela.\" \/>\n<meta name=\"robots\" content=\"index, follow, max-snippet:-1, max-image-preview:large, max-video-preview:-1\" \/>\n<link rel=\"canonical\" href=\"https:\/\/xn--nuriamuozaige-okb.es\/ca\/\" \/>\n<meta property=\"og:locale\" content=\"ca_ES\" \/>\n<meta property=\"og:type\" content=\"article\" \/>\n<meta property=\"og:title\" content=\"Inicio - Nuria Mu\u00f1oz Aige\" \/>\n<meta property=\"og:description\" content=\"Descubre mi obra literaria y mi \u00fatima novela.\" \/>\n<meta property=\"og:url\" content=\"https:\/\/xn--nuriamuozaige-okb.es\/ca\/\" \/>\n<meta property=\"og:site_name\" content=\"Nuria Mu\u00f1oz Aige\" \/>\n<meta property=\"article:modified_time\" content=\"2025-01-18T09:54:35+00:00\" \/>\n<meta property=\"og:image\" content=\"https:\/\/xn--nuriamuozaige-okb.es\/wp-content\/uploads\/2022\/11\/Book_Cover_Mockup3-amb-ombra.png\" \/>\n\t<meta property=\"og:image:width\" content=\"1886\" \/>\n\t<meta property=\"og:image:height\" content=\"2195\" \/>\n\t<meta property=\"og:image:type\" content=\"image\/png\" \/>\n<meta name=\"twitter:card\" content=\"summary_large_image\" \/>\n<meta name=\"twitter:label1\" content=\"Temps estimat de lectura\" \/>\n\t<meta name=\"twitter:data1\" content=\"2 minuts\" \/>\n<script type=\"application\/ld+json\" class=\"yoast-schema-graph\">{\"@context\":\"https:\/\/schema.org\",\"@graph\":[{\"@type\":\"WebPage\",\"@id\":\"https:\/\/xn--nuriamuozaige-okb.es\/\",\"url\":\"https:\/\/xn--nuriamuozaige-okb.es\/\",\"name\":\"Inicio - Nuria Mu\u00f1oz Aige\",\"isPartOf\":{\"@id\":\"https:\/\/xn--nuriamuozaige-okb.es\/#website\"},\"primaryImageOfPage\":{\"@id\":\"https:\/\/xn--nuriamuozaige-okb.es\/#primaryimage\"},\"image\":{\"@id\":\"https:\/\/xn--nuriamuozaige-okb.es\/#primaryimage\"},\"thumbnailUrl\":\"https:\/\/xn--nuriamuozaige-okb.es\/wp-content\/uploads\/2022\/11\/Book_Cover_Mockup3-amb-ombra.png\",\"datePublished\":\"2020-12-12T09:58:48+00:00\",\"dateModified\":\"2025-01-18T09:54:35+00:00\",\"description\":\"Descubre mi obra literaria y mi \u00fatima novela.\",\"breadcrumb\":{\"@id\":\"https:\/\/xn--nuriamuozaige-okb.es\/#breadcrumb\"},\"inLanguage\":\"ca\",\"potentialAction\":[{\"@type\":\"ReadAction\",\"target\":[\"https:\/\/xn--nuriamuozaige-okb.es\/\"]}]},{\"@type\":\"ImageObject\",\"inLanguage\":\"ca\",\"@id\":\"https:\/\/xn--nuriamuozaige-okb.es\/#primaryimage\",\"url\":\"https:\/\/xn--nuriamuozaige-okb.es\/wp-content\/uploads\/2022\/11\/Book_Cover_Mockup3-amb-ombra.png\",\"contentUrl\":\"https:\/\/xn--nuriamuozaige-okb.es\/wp-content\/uploads\/2022\/11\/Book_Cover_Mockup3-amb-ombra.png\"},{\"@type\":\"BreadcrumbList\",\"@id\":\"https:\/\/xn--nuriamuozaige-okb.es\/#breadcrumb\",\"itemListElement\":[{\"@type\":\"ListItem\",\"position\":1,\"name\":\"Portada\",\"item\":\"https:\/\/xn--nuriamuozaige-okb.es\/\"},{\"@type\":\"ListItem\",\"position\":2,\"name\":\"Inicio\"}]},{\"@type\":\"WebSite\",\"@id\":\"https:\/\/xn--nuriamuozaige-okb.es\/#website\",\"url\":\"https:\/\/xn--nuriamuozaige-okb.es\/\",\"name\":\"Nuria Mu\u00f1oz Aige\",\"description\":\"Nuria Mu\u00f1oz Aige - escritora\",\"publisher\":{\"@id\":\"https:\/\/xn--nuriamuozaige-okb.es\/#\/schema\/person\/f8439b7fd6eaddd63cb7b97dbc7fa5f2\"},\"potentialAction\":[{\"@type\":\"SearchAction\",\"target\":{\"@type\":\"EntryPoint\",\"urlTemplate\":\"https:\/\/xn--nuriamuozaige-okb.es\/?s={search_term_string}\"},\"query-input\":{\"@type\":\"PropertyValueSpecification\",\"valueRequired\":true,\"valueName\":\"search_term_string\"}}],\"inLanguage\":\"ca\"},{\"@type\":[\"Person\",\"Organization\"],\"@id\":\"https:\/\/xn--nuriamuozaige-okb.es\/#\/schema\/person\/f8439b7fd6eaddd63cb7b97dbc7fa5f2\",\"name\":\"nurialolailo\",\"image\":{\"@type\":\"ImageObject\",\"inLanguage\":\"ca\",\"@id\":\"https:\/\/xn--nuriamuozaige-okb.es\/#\/schema\/person\/image\/\",\"url\":\"https:\/\/secure.gravatar.com\/avatar\/bbc033826fd4f319217c8be90d3f98b9?s=96&d=mm&r=g\",\"contentUrl\":\"https:\/\/secure.gravatar.com\/avatar\/bbc033826fd4f319217c8be90d3f98b9?s=96&d=mm&r=g\",\"caption\":\"nurialolailo\"},\"logo\":{\"@id\":\"https:\/\/xn--nuriamuozaige-okb.es\/#\/schema\/person\/image\/\"},\"sameAs\":[\"http:\/\/xn--nuriamuozaige-okb.es\"]}]}<\/script>\n<!-- \/ Yoast SEO plugin. -->","yoast_head_json":{"title":"Inicio - Nuria Mu\u00f1oz Aige","description":"Descubre mi obra literaria y mi \u00fatima novela.","robots":{"index":"index","follow":"follow","max-snippet":"max-snippet:-1","max-image-preview":"max-image-preview:large","max-video-preview":"max-video-preview:-1"},"canonical":"https:\/\/xn--nuriamuozaige-okb.es\/ca\/","og_locale":"ca_ES","og_type":"article","og_title":"Inicio - Nuria Mu\u00f1oz Aige","og_description":"Descubre mi obra literaria y mi \u00fatima novela.","og_url":"https:\/\/xn--nuriamuozaige-okb.es\/ca\/","og_site_name":"Nuria Mu\u00f1oz Aige","article_modified_time":"2025-01-18T09:54:35+00:00","og_image":[{"width":1886,"height":2195,"url":"https:\/\/xn--nuriamuozaige-okb.es\/wp-content\/uploads\/2022\/11\/Book_Cover_Mockup3-amb-ombra.png","type":"image\/png"}],"twitter_card":"summary_large_image","twitter_misc":{"Temps estimat de lectura":"2 minuts"},"schema":{"@context":"https:\/\/schema.org","@graph":[{"@type":"WebPage","@id":"https:\/\/xn--nuriamuozaige-okb.es\/","url":"https:\/\/xn--nuriamuozaige-okb.es\/","name":"Inicio - Nuria Mu\u00f1oz Aige","isPartOf":{"@id":"https:\/\/xn--nuriamuozaige-okb.es\/#website"},"primaryImageOfPage":{"@id":"https:\/\/xn--nuriamuozaige-okb.es\/#primaryimage"},"image":{"@id":"https:\/\/xn--nuriamuozaige-okb.es\/#primaryimage"},"thumbnailUrl":"https:\/\/xn--nuriamuozaige-okb.es\/wp-content\/uploads\/2022\/11\/Book_Cover_Mockup3-amb-ombra.png","datePublished":"2020-12-12T09:58:48+00:00","dateModified":"2025-01-18T09:54:35+00:00","description":"Descubre mi obra literaria y mi \u00fatima novela.","breadcrumb":{"@id":"https:\/\/xn--nuriamuozaige-okb.es\/#breadcrumb"},"inLanguage":"ca","potentialAction":[{"@type":"ReadAction","target":["https:\/\/xn--nuriamuozaige-okb.es\/"]}]},{"@type":"ImageObject","inLanguage":"ca","@id":"https:\/\/xn--nuriamuozaige-okb.es\/#primaryimage","url":"https:\/\/xn--nuriamuozaige-okb.es\/wp-content\/uploads\/2022\/11\/Book_Cover_Mockup3-amb-ombra.png","contentUrl":"https:\/\/xn--nuriamuozaige-okb.es\/wp-content\/uploads\/2022\/11\/Book_Cover_Mockup3-amb-ombra.png"},{"@type":"BreadcrumbList","@id":"https:\/\/xn--nuriamuozaige-okb.es\/#breadcrumb","itemListElement":[{"@type":"ListItem","position":1,"name":"Portada","item":"https:\/\/xn--nuriamuozaige-okb.es\/"},{"@type":"ListItem","position":2,"name":"Inicio"}]},{"@type":"WebSite","@id":"https:\/\/xn--nuriamuozaige-okb.es\/#website","url":"https:\/\/xn--nuriamuozaige-okb.es\/","name":"Nuria Mu\u00f1oz Aige","description":"Nuria Mu\u00f1oz Aige - escritora","publisher":{"@id":"https:\/\/xn--nuriamuozaige-okb.es\/#\/schema\/person\/f8439b7fd6eaddd63cb7b97dbc7fa5f2"},"potentialAction":[{"@type":"SearchAction","target":{"@type":"EntryPoint","urlTemplate":"https:\/\/xn--nuriamuozaige-okb.es\/?s={search_term_string}"},"query-input":{"@type":"PropertyValueSpecification","valueRequired":true,"valueName":"search_term_string"}}],"inLanguage":"ca"},{"@type":["Person","Organization"],"@id":"https:\/\/xn--nuriamuozaige-okb.es\/#\/schema\/person\/f8439b7fd6eaddd63cb7b97dbc7fa5f2","name":"nurialolailo","image":{"@type":"ImageObject","inLanguage":"ca","@id":"https:\/\/xn--nuriamuozaige-okb.es\/#\/schema\/person\/image\/","url":"https:\/\/secure.gravatar.com\/avatar\/bbc033826fd4f319217c8be90d3f98b9?s=96&d=mm&r=g","contentUrl":"https:\/\/secure.gravatar.com\/avatar\/bbc033826fd4f319217c8be90d3f98b9?s=96&d=mm&r=g","caption":"nurialolailo"},"logo":{"@id":"https:\/\/xn--nuriamuozaige-okb.es\/#\/schema\/person\/image\/"},"sameAs":["http:\/\/xn--nuriamuozaige-okb.es"]}]}},"_links":{"self":[{"href":"https:\/\/xn--nuriamuozaige-okb.es\/ca\/wp-json\/wp\/v2\/pages\/2990","targetHints":{"allow":["GET"]}}],"collection":[{"href":"https:\/\/xn--nuriamuozaige-okb.es\/ca\/wp-json\/wp\/v2\/pages"}],"about":[{"href":"https:\/\/xn--nuriamuozaige-okb.es\/ca\/wp-json\/wp\/v2\/types\/page"}],"author":[{"embeddable":true,"href":"https:\/\/xn--nuriamuozaige-okb.es\/ca\/wp-json\/wp\/v2\/users\/1"}],"replies":[{"embeddable":true,"href":"https:\/\/xn--nuriamuozaige-okb.es\/ca\/wp-json\/wp\/v2\/comments?post=2990"}],"version-history":[{"count":245,"href":"https:\/\/xn--nuriamuozaige-okb.es\/ca\/wp-json\/wp\/v2\/pages\/2990\/revisions"}],"predecessor-version":[{"id":4853,"href":"https:\/\/xn--nuriamuozaige-okb.es\/ca\/wp-json\/wp\/v2\/pages\/2990\/revisions\/4853"}],"wp:attachment":[{"href":"https:\/\/xn--nuriamuozaige-okb.es\/ca\/wp-json\/wp\/v2\/media?parent=2990"}],"curies":[{"name":"wp","href":"https:\/\/api.w.org\/{rel}","templated":true}]}}