{"id":3233,"date":"2020-12-13T17:34:41","date_gmt":"2020-12-13T17:34:41","guid":{"rendered":"http:\/\/xn--nuriamuozaige-okb.es\/?page_id=3233"},"modified":"2020-12-19T11:36:25","modified_gmt":"2020-12-19T11:36:25","slug":"en-bavetes-al-regne-dels-llimacs","status":"publish","type":"page","link":"https:\/\/xn--nuriamuozaige-okb.es\/ca\/en-bavetes-al-regne-dels-llimacs","title":{"rendered":"EN BAVETES AL REGNE DELS LLIMACS"},"content":{"rendered":"<div data-elementor-type=\"wp-page\" data-elementor-id=\"3233\" class=\"elementor elementor-3233\">\n\t\t\t\t\t\t<div class=\"elementor-section elementor-top-section elementor-element elementor-element-38ff1e9 elementor-section-boxed elementor-section-height-default elementor-section-height-default\" data-id=\"38ff1e9\" data-element_type=\"section\">\n\t\t\t\t\t\t<div class=\"elementor-container elementor-column-gap-default\">\n\t\t\t\t\t<div class=\"elementor-column elementor-col-100 elementor-top-column elementor-element elementor-element-67bc984\" data-id=\"67bc984\" data-element_type=\"column\">\n\t\t\t<div class=\"elementor-widget-wrap elementor-element-populated\">\n\t\t\t\t\t\t<div class=\"elementor-element elementor-element-55bf6e5 elementor-widget elementor-widget-heading\" data-id=\"55bf6e5\" data-element_type=\"widget\" data-widget_type=\"heading.default\">\n\t\t\t\t<div class=\"elementor-widget-container\">\n\t\t\t\t\t<h1 class=\"elementor-heading-title elementor-size-default\">EN BAVETES AL REGNE DELS LLIMACS<\/h1>\t\t\t\t<\/div>\n\t\t\t\t<\/div>\n\t\t\t\t<div class=\"elementor-element elementor-element-9c49966 elementor-widget elementor-widget-spacer\" data-id=\"9c49966\" data-element_type=\"widget\" data-widget_type=\"spacer.default\">\n\t\t\t\t<div class=\"elementor-widget-container\">\n\t\t\t\t\t\t\t<div class=\"elementor-spacer\">\n\t\t\t<div class=\"elementor-spacer-inner\"><\/div>\n\t\t<\/div>\n\t\t\t\t\t\t<\/div>\n\t\t\t\t<\/div>\n\t\t\t\t\t<\/div>\n\t\t<\/div>\n\t\t\t\t\t<\/div>\n\t\t<\/div>\n\t\t\t\t<div class=\"elementor-section elementor-top-section elementor-element elementor-element-018071a elementor-section-boxed elementor-section-height-default elementor-section-height-default\" data-id=\"018071a\" data-element_type=\"section\">\n\t\t\t\t\t\t<div class=\"elementor-container elementor-column-gap-default\">\n\t\t\t\t\t<div class=\"elementor-column elementor-col-100 elementor-top-column elementor-element elementor-element-194fd51\" data-id=\"194fd51\" data-element_type=\"column\">\n\t\t\t<div class=\"elementor-widget-wrap elementor-element-populated\">\n\t\t\t\t\t\t<div class=\"elementor-section elementor-inner-section elementor-element elementor-element-15363f9 elementor-section-boxed elementor-section-height-default elementor-section-height-default\" data-id=\"15363f9\" data-element_type=\"section\">\n\t\t\t\t\t\t<div class=\"elementor-container elementor-column-gap-default\">\n\t\t\t\t\t<div class=\"elementor-column elementor-col-50 elementor-inner-column elementor-element elementor-element-2708aab\" data-id=\"2708aab\" data-element_type=\"column\">\n\t\t\t<div class=\"elementor-widget-wrap elementor-element-populated\">\n\t\t\t\t\t\t<div class=\"elementor-element elementor-element-440b614 elementor-widget elementor-widget-image\" data-id=\"440b614\" data-element_type=\"widget\" data-widget_type=\"image.default\">\n\t\t\t\t<div class=\"elementor-widget-container\">\n\t\t\t\t\t\t\t\t\t\t\t\t\t\t\t\t<a href=\"https:\/\/www.amazon.es\/En-Bavetes-regne-dels-llimacs\/dp\/1505296617\">\n\t\t\t\t\t\t\t<img fetchpriority=\"high\" decoding=\"async\" width=\"333\" height=\"499\" src=\"https:\/\/xn--nuriamuozaige-okb.es\/wp-content\/uploads\/2020\/12\/En-Bavetes-al-regne-dels-llimacs.jpg\" class=\"attachment-large size-large wp-image-3220\" alt=\"\" \/>\t\t\t\t\t\t\t\t<\/a>\n\t\t\t\t\t\t\t\t\t\t\t\t\t\t\t<\/div>\n\t\t\t\t<\/div>\n\t\t\t\t\t<\/div>\n\t\t<\/div>\n\t\t\t\t<div class=\"elementor-column elementor-col-50 elementor-inner-column elementor-element elementor-element-974c1c9\" data-id=\"974c1c9\" data-element_type=\"column\">\n\t\t\t<div class=\"elementor-widget-wrap elementor-element-populated\">\n\t\t\t\t\t\t<div class=\"elementor-element elementor-element-0a90d46 elementor-widget elementor-widget-text-editor\" data-id=\"0a90d46\" data-element_type=\"widget\" data-widget_type=\"text-editor.default\">\n\t\t\t\t<div class=\"elementor-widget-container\">\n\t\t\t\t\t\t\t\t\t<p><strong>Conte infantil<\/strong><\/p><p>El Bavetes \u00e9s un caragol alegre i trapella que viu al bosc del Port de la Bonaigua, que \u00e9s un port de muntanya i no de mar. Un dia, mentre va donant saltirons pel bosc, entra sense voler al territori dels llimacs. I, per si no ho sabies, els caragols i els llimacs s\u00f3n enemics des de temps que ja cap d'ells recorda. Vols saber qu\u00e8 passa despr\u00e9s? Doncs ja saps qu\u00e8 toca! Les aventures del Bavetes t'estan esperant!<\/p><p><em>En Bavetes \u00e9s un caragol alegre i entremaliat que viu al bosc del Port de la Bonaigua, que \u00e9s un port de muntanya i no de mar. Un dia, mentre va fent saltirons pel bosc, entra sense voler dins territori llimac. I, per si no ho sabies, caragols i llimacs s\u00f3n enemics des de temps que ja cap d&#8217;ells recorda. Vols saber qu\u00e8 passa despr\u00e9s? Doncs ja saps qu\u00e8 toca! Les aventures d&#8217;en Bavetes t&#8217;estan esperant!!!<\/em><\/p><p><strong>Llengua: catal\u00e0<\/strong><\/p><p><strong>Formato: tapa blanda<\/strong><\/p>\t\t\t\t\t\t\t\t<\/div>\n\t\t\t\t<\/div>\n\t\t\t\t\t<\/div>\n\t\t<\/div>\n\t\t\t\t\t<\/div>\n\t\t<\/div>\n\t\t\t\t\t<\/div>\n\t\t<\/div>\n\t\t\t\t\t<\/div>\n\t\t<\/div>\n\t\t\t\t<div class=\"elementor-section elementor-top-section elementor-element elementor-element-78e558d elementor-section-boxed elementor-section-height-default elementor-section-height-default\" data-id=\"78e558d\" data-element_type=\"section\">\n\t\t\t\t\t\t<div class=\"elementor-container elementor-column-gap-default\">\n\t\t\t\t\t<div class=\"elementor-column elementor-col-100 elementor-top-column elementor-element elementor-element-49a9af0\" data-id=\"49a9af0\" data-element_type=\"column\">\n\t\t\t<div class=\"elementor-widget-wrap elementor-element-populated\">\n\t\t\t\t\t\t<div class=\"elementor-element elementor-element-3dc756e elementor-widget elementor-widget-spacer\" data-id=\"3dc756e\" data-element_type=\"widget\" data-widget_type=\"spacer.default\">\n\t\t\t\t<div class=\"elementor-widget-container\">\n\t\t\t\t\t\t\t<div class=\"elementor-spacer\">\n\t\t\t<div class=\"elementor-spacer-inner\"><\/div>\n\t\t<\/div>\n\t\t\t\t\t\t<\/div>\n\t\t\t\t<\/div>\n\t\t\t\t\t<\/div>\n\t\t<\/div>\n\t\t\t\t\t<\/div>\n\t\t<\/div>\n\t\t\t\t<div class=\"elementor-section elementor-top-section elementor-element elementor-element-3292dbb elementor-section-boxed elementor-section-height-default elementor-section-height-default\" data-id=\"3292dbb\" data-element_type=\"section\">\n\t\t\t\t\t\t<div class=\"elementor-container elementor-column-gap-default\">\n\t\t\t\t\t<div class=\"elementor-column elementor-col-100 elementor-top-column elementor-element elementor-element-e071d03\" data-id=\"e071d03\" data-element_type=\"column\">\n\t\t\t<div class=\"elementor-widget-wrap elementor-element-populated\">\n\t\t\t\t\t\t<div class=\"elementor-element elementor-element-08d404c elementor-align-center elementor-widget elementor-widget-button\" data-id=\"08d404c\" data-element_type=\"widget\" data-widget_type=\"button.default\">\n\t\t\t\t<div class=\"elementor-widget-container\">\n\t\t\t\t\t\t\t\t\t<div class=\"elementor-button-wrapper\">\n\t\t\t\t\t<a class=\"elementor-button elementor-button-link elementor-size-sm\" href=\"https:\/\/www.amazon.es\/En-Bavetes-regne-dels-llimacs\/dp\/1505296617\">\n\t\t\t\t\t\t<span class=\"elementor-button-content-wrapper\">\n\t\t\t\t\t\t\t\t\t<span class=\"elementor-button-text\">Veure a Amazon<\/span>\n\t\t\t\t\t<\/span>\n\t\t\t\t\t<\/a>\n\t\t\t\t<\/div>\n\t\t\t\t\t\t\t\t<\/div>\n\t\t\t\t<\/div>\n\t\t\t\t\t<\/div>\n\t\t<\/div>\n\t\t\t\t\t<\/div>\n\t\t<\/div>\n\t\t\t\t<div class=\"elementor-section elementor-top-section elementor-element elementor-element-b3a760a elementor-section-boxed elementor-section-height-default elementor-section-height-default\" data-id=\"b3a760a\" data-element_type=\"section\">\n\t\t\t\t\t\t<div class=\"elementor-container elementor-column-gap-default\">\n\t\t\t\t\t<div class=\"elementor-column elementor-col-100 elementor-top-column elementor-element elementor-element-4701f86\" data-id=\"4701f86\" data-element_type=\"column\">\n\t\t\t<div class=\"elementor-widget-wrap elementor-element-populated\">\n\t\t\t\t\t\t<div class=\"elementor-element elementor-element-0ce2d8f elementor-widget elementor-widget-spacer\" data-id=\"0ce2d8f\" data-element_type=\"widget\" data-widget_type=\"spacer.default\">\n\t\t\t\t<div class=\"elementor-widget-container\">\n\t\t\t\t\t\t\t<div class=\"elementor-spacer\">\n\t\t\t<div class=\"elementor-spacer-inner\"><\/div>\n\t\t<\/div>\n\t\t\t\t\t\t<\/div>\n\t\t\t\t<\/div>\n\t\t\t\t\t<\/div>\n\t\t<\/div>\n\t\t\t\t\t<\/div>\n\t\t<\/div>\n\t\t\t\t<div class=\"elementor-section elementor-top-section elementor-element elementor-element-1d29cf7 elementor-section-boxed elementor-section-height-default elementor-section-height-default\" data-id=\"1d29cf7\" data-element_type=\"section\">\n\t\t\t\t\t\t<div class=\"elementor-container elementor-column-gap-default\">\n\t\t\t\t\t<div class=\"elementor-column elementor-col-100 elementor-top-column elementor-element elementor-element-87376cb\" data-id=\"87376cb\" data-element_type=\"column\">\n\t\t\t<div class=\"elementor-widget-wrap elementor-element-populated\">\n\t\t\t\t\t\t<div class=\"elementor-element elementor-element-c127a74 elementor-invisible elementor-widget elementor-widget-image\" data-id=\"c127a74\" data-element_type=\"widget\" data-settings=\"{&quot;_animation&quot;:&quot;zoomIn&quot;}\" data-widget_type=\"image.default\">\n\t\t\t\t<div class=\"elementor-widget-container\">\n\t\t\t\t\t\t\t\t\t\t\t\t\t\t\t<img decoding=\"async\" width=\"2560\" height=\"1942\" src=\"https:\/\/xn--nuriamuozaige-okb.es\/wp-content\/uploads\/2020\/12\/IMG_20201216_100535709-scaled.jpg\" class=\"attachment-large size-large wp-image-3982\" alt=\"\" srcset=\"https:\/\/xn--nuriamuozaige-okb.es\/wp-content\/uploads\/2020\/12\/IMG_20201216_100535709-scaled.jpg 2560w, https:\/\/xn--nuriamuozaige-okb.es\/wp-content\/uploads\/2020\/12\/IMG_20201216_100535709-1536x1165.jpg 1536w, https:\/\/xn--nuriamuozaige-okb.es\/wp-content\/uploads\/2020\/12\/IMG_20201216_100535709-2048x1554.jpg 2048w\" sizes=\"(max-width: 2560px) 100vw, 2560px\" \/>\t\t\t\t\t\t\t\t\t\t\t\t\t\t\t<\/div>\n\t\t\t\t<\/div>\n\t\t\t\t\t<\/div>\n\t\t<\/div>\n\t\t\t\t\t<\/div>\n\t\t<\/div>\n\t\t\t\t<div class=\"elementor-section elementor-top-section elementor-element elementor-element-bab96e3 elementor-section-boxed elementor-section-height-default elementor-section-height-default\" data-id=\"bab96e3\" data-element_type=\"section\">\n\t\t\t\t\t\t<div class=\"elementor-container elementor-column-gap-default\">\n\t\t\t\t\t<div class=\"elementor-column elementor-col-100 elementor-top-column elementor-element elementor-element-542425b\" data-id=\"542425b\" data-element_type=\"column\">\n\t\t\t<div class=\"elementor-widget-wrap elementor-element-populated\">\n\t\t\t\t\t\t<div class=\"elementor-element elementor-element-d919718 elementor-invisible elementor-widget elementor-widget-image\" data-id=\"d919718\" data-element_type=\"widget\" data-settings=\"{&quot;_animation&quot;:&quot;zoomIn&quot;}\" data-widget_type=\"image.default\">\n\t\t\t\t<div class=\"elementor-widget-container\">\n\t\t\t\t\t\t\t\t\t\t\t\t\t\t\t<img decoding=\"async\" width=\"1805\" height=\"2560\" src=\"https:\/\/xn--nuriamuozaige-okb.es\/wp-content\/uploads\/2020\/12\/IMG_20201216_100658729-1-scaled.jpg\" class=\"attachment-large size-large wp-image-3994\" alt=\"\" srcset=\"https:\/\/xn--nuriamuozaige-okb.es\/wp-content\/uploads\/2020\/12\/IMG_20201216_100658729-1-scaled.jpg 1805w, https:\/\/xn--nuriamuozaige-okb.es\/wp-content\/uploads\/2020\/12\/IMG_20201216_100658729-1-1083x1536.jpg 1083w, https:\/\/xn--nuriamuozaige-okb.es\/wp-content\/uploads\/2020\/12\/IMG_20201216_100658729-1-1444x2048.jpg 1444w\" sizes=\"(max-width: 1805px) 100vw, 1805px\" \/>\t\t\t\t\t\t\t\t\t\t\t\t\t\t\t<\/div>\n\t\t\t\t<\/div>\n\t\t\t\t\t<\/div>\n\t\t<\/div>\n\t\t\t\t\t<\/div>\n\t\t<\/div>\n\t\t\t\t<div class=\"elementor-section elementor-top-section elementor-element elementor-element-8c160cc elementor-section-boxed elementor-section-height-default elementor-section-height-default\" data-id=\"8c160cc\" data-element_type=\"section\">\n\t\t\t\t\t\t<div class=\"elementor-container elementor-column-gap-default\">\n\t\t\t\t\t<div class=\"elementor-column elementor-col-100 elementor-top-column elementor-element elementor-element-0dc339e\" data-id=\"0dc339e\" data-element_type=\"column\">\n\t\t\t<div class=\"elementor-widget-wrap elementor-element-populated\">\n\t\t\t\t\t\t<div class=\"elementor-element elementor-element-a789da4 elementor-invisible elementor-widget elementor-widget-image\" data-id=\"a789da4\" data-element_type=\"widget\" data-settings=\"{&quot;_animation&quot;:&quot;zoomIn&quot;}\" data-widget_type=\"image.default\">\n\t\t\t\t<div class=\"elementor-widget-container\">\n\t\t\t\t\t\t\t\t\t\t\t\t\t\t\t<img loading=\"lazy\" decoding=\"async\" width=\"2323\" height=\"2560\" src=\"https:\/\/xn--nuriamuozaige-okb.es\/wp-content\/uploads\/2020\/12\/IMG_20201216_100619740-scaled.jpg\" class=\"attachment-large size-large wp-image-3999\" alt=\"\" srcset=\"https:\/\/xn--nuriamuozaige-okb.es\/wp-content\/uploads\/2020\/12\/IMG_20201216_100619740-scaled.jpg 2323w, https:\/\/xn--nuriamuozaige-okb.es\/wp-content\/uploads\/2020\/12\/IMG_20201216_100619740-1394x1536.jpg 1394w, https:\/\/xn--nuriamuozaige-okb.es\/wp-content\/uploads\/2020\/12\/IMG_20201216_100619740-1859x2048.jpg 1859w\" sizes=\"(max-width: 2323px) 100vw, 2323px\" \/>\t\t\t\t\t\t\t\t\t\t\t\t\t\t\t<\/div>\n\t\t\t\t<\/div>\n\t\t\t\t\t<\/div>\n\t\t<\/div>\n\t\t\t\t\t<\/div>\n\t\t<\/div>\n\t\t\t\t<\/div>","protected":false},"excerpt":{"rendered":"<p>EN BAVETES AL REGNE DELS LLIMACS Cuento infantil. Bavetes es un caracol alegre y travieso que vive en el bosque del Puerto de la Bonaigua, que es un puerto de monta\u00f1a y no de mar. Un d\u00eda, [&hellip;]<\/p>","protected":false},"author":1,"featured_media":0,"parent":0,"menu_order":0,"comment_status":"closed","ping_status":"closed","template":"","meta":{"footnotes":""},"class_list":["post-3233","page","type-page","status-publish","hentry"],"yoast_head":"<!-- This site is optimized with the Yoast SEO plugin v24.1 - https:\/\/yoast.com\/wordpress\/plugins\/seo\/ -->\n<title>EN BAVETES AL REGNE DELS LLIMACS - Nuria Mu\u00f1oz Aige<\/title>\n<meta name=\"robots\" content=\"index, follow, max-snippet:-1, max-image-preview:large, max-video-preview:-1\" \/>\n<link rel=\"canonical\" href=\"https:\/\/xn--nuriamuozaige-okb.es\/ca\/en-bavetes-al-regne-dels-llimacs\/\" \/>\n<meta property=\"og:locale\" content=\"ca_ES\" \/>\n<meta property=\"og:type\" content=\"article\" \/>\n<meta property=\"og:title\" content=\"EN BAVETES AL REGNE DELS LLIMACS - Nuria Mu\u00f1oz Aige\" \/>\n<meta property=\"og:description\" content=\"EN BAVETES AL REGNE DELS LLIMACS Cuento infantil. Bavetes es un caracol alegre y travieso que vive en el bosque del Puerto de la Bonaigua, que es un puerto de monta\u00f1a y no de mar. Un d\u00eda, [&hellip;]\" \/>\n<meta property=\"og:url\" content=\"https:\/\/xn--nuriamuozaige-okb.es\/ca\/en-bavetes-al-regne-dels-llimacs\/\" \/>\n<meta property=\"og:site_name\" content=\"Nuria Mu\u00f1oz Aige\" \/>\n<meta property=\"article:modified_time\" content=\"2020-12-19T11:36:25+00:00\" \/>\n<meta property=\"og:image\" content=\"http:\/\/xn--nuriamuozaige-okb.es\/wp-content\/uploads\/2020\/12\/En-Bavetes-al-regne-dels-llimacs.jpg\" \/>\n<meta name=\"twitter:card\" content=\"summary_large_image\" \/>\n<meta name=\"twitter:label1\" content=\"Temps estimat de lectura\" \/>\n\t<meta name=\"twitter:data1\" content=\"1 minut\" \/>\n<script type=\"application\/ld+json\" class=\"yoast-schema-graph\">{\"@context\":\"https:\/\/schema.org\",\"@graph\":[{\"@type\":\"WebPage\",\"@id\":\"https:\/\/xn--nuriamuozaige-okb.es\/en-bavetes-al-regne-dels-llimacs\",\"url\":\"https:\/\/xn--nuriamuozaige-okb.es\/en-bavetes-al-regne-dels-llimacs\",\"name\":\"EN BAVETES AL REGNE DELS LLIMACS - Nuria Mu\u00f1oz Aige\",\"isPartOf\":{\"@id\":\"https:\/\/xn--nuriamuozaige-okb.es\/#website\"},\"primaryImageOfPage\":{\"@id\":\"https:\/\/xn--nuriamuozaige-okb.es\/en-bavetes-al-regne-dels-llimacs#primaryimage\"},\"image\":{\"@id\":\"https:\/\/xn--nuriamuozaige-okb.es\/en-bavetes-al-regne-dels-llimacs#primaryimage\"},\"thumbnailUrl\":\"http:\/\/xn--nuriamuozaige-okb.es\/wp-content\/uploads\/2020\/12\/En-Bavetes-al-regne-dels-llimacs.jpg\",\"datePublished\":\"2020-12-13T17:34:41+00:00\",\"dateModified\":\"2020-12-19T11:36:25+00:00\",\"breadcrumb\":{\"@id\":\"https:\/\/xn--nuriamuozaige-okb.es\/en-bavetes-al-regne-dels-llimacs#breadcrumb\"},\"inLanguage\":\"ca\",\"potentialAction\":[{\"@type\":\"ReadAction\",\"target\":[\"https:\/\/xn--nuriamuozaige-okb.es\/en-bavetes-al-regne-dels-llimacs\"]}]},{\"@type\":\"ImageObject\",\"inLanguage\":\"ca\",\"@id\":\"https:\/\/xn--nuriamuozaige-okb.es\/en-bavetes-al-regne-dels-llimacs#primaryimage\",\"url\":\"http:\/\/xn--nuriamuozaige-okb.es\/wp-content\/uploads\/2020\/12\/En-Bavetes-al-regne-dels-llimacs.jpg\",\"contentUrl\":\"http:\/\/xn--nuriamuozaige-okb.es\/wp-content\/uploads\/2020\/12\/En-Bavetes-al-regne-dels-llimacs.jpg\"},{\"@type\":\"BreadcrumbList\",\"@id\":\"https:\/\/xn--nuriamuozaige-okb.es\/en-bavetes-al-regne-dels-llimacs#breadcrumb\",\"itemListElement\":[{\"@type\":\"ListItem\",\"position\":1,\"name\":\"Portada\",\"item\":\"https:\/\/xn--nuriamuozaige-okb.es\/\"},{\"@type\":\"ListItem\",\"position\":2,\"name\":\"EN BAVETES AL REGNE DELS LLIMACS\"}]},{\"@type\":\"WebSite\",\"@id\":\"https:\/\/xn--nuriamuozaige-okb.es\/#website\",\"url\":\"https:\/\/xn--nuriamuozaige-okb.es\/\",\"name\":\"Nuria Mu\u00f1oz Aige\",\"description\":\"Nuria Mu\u00f1oz Aige - escritora\",\"publisher\":{\"@id\":\"https:\/\/xn--nuriamuozaige-okb.es\/#\/schema\/person\/f8439b7fd6eaddd63cb7b97dbc7fa5f2\"},\"potentialAction\":[{\"@type\":\"SearchAction\",\"target\":{\"@type\":\"EntryPoint\",\"urlTemplate\":\"https:\/\/xn--nuriamuozaige-okb.es\/?s={search_term_string}\"},\"query-input\":{\"@type\":\"PropertyValueSpecification\",\"valueRequired\":true,\"valueName\":\"search_term_string\"}}],\"inLanguage\":\"ca\"},{\"@type\":[\"Person\",\"Organization\"],\"@id\":\"https:\/\/xn--nuriamuozaige-okb.es\/#\/schema\/person\/f8439b7fd6eaddd63cb7b97dbc7fa5f2\",\"name\":\"nurialolailo\",\"image\":{\"@type\":\"ImageObject\",\"inLanguage\":\"ca\",\"@id\":\"https:\/\/xn--nuriamuozaige-okb.es\/#\/schema\/person\/image\/\",\"url\":\"https:\/\/secure.gravatar.com\/avatar\/bbc033826fd4f319217c8be90d3f98b9?s=96&d=mm&r=g\",\"contentUrl\":\"https:\/\/secure.gravatar.com\/avatar\/bbc033826fd4f319217c8be90d3f98b9?s=96&d=mm&r=g\",\"caption\":\"nurialolailo\"},\"logo\":{\"@id\":\"https:\/\/xn--nuriamuozaige-okb.es\/#\/schema\/person\/image\/\"},\"sameAs\":[\"http:\/\/xn--nuriamuozaige-okb.es\"]}]}<\/script>\n<!-- \/ Yoast SEO plugin. -->","yoast_head_json":{"title":"EN BAVETES AL REGNE DELS LLIMACS - Nuria Mu\u00f1oz Aige","robots":{"index":"index","follow":"follow","max-snippet":"max-snippet:-1","max-image-preview":"max-image-preview:large","max-video-preview":"max-video-preview:-1"},"canonical":"https:\/\/xn--nuriamuozaige-okb.es\/ca\/en-bavetes-al-regne-dels-llimacs\/","og_locale":"ca_ES","og_type":"article","og_title":"EN BAVETES AL REGNE DELS LLIMACS - Nuria Mu\u00f1oz Aige","og_description":"EN BAVETES AL REGNE DELS LLIMACS Cuento infantil. Bavetes es un caracol alegre y travieso que vive en el bosque del Puerto de la Bonaigua, que es un puerto de monta\u00f1a y no de mar. Un d\u00eda, [&hellip;]","og_url":"https:\/\/xn--nuriamuozaige-okb.es\/ca\/en-bavetes-al-regne-dels-llimacs\/","og_site_name":"Nuria Mu\u00f1oz Aige","article_modified_time":"2020-12-19T11:36:25+00:00","og_image":[{"url":"http:\/\/xn--nuriamuozaige-okb.es\/wp-content\/uploads\/2020\/12\/En-Bavetes-al-regne-dels-llimacs.jpg","type":"","width":"","height":""}],"twitter_card":"summary_large_image","twitter_misc":{"Temps estimat de lectura":"1 minut"},"schema":{"@context":"https:\/\/schema.org","@graph":[{"@type":"WebPage","@id":"https:\/\/xn--nuriamuozaige-okb.es\/en-bavetes-al-regne-dels-llimacs","url":"https:\/\/xn--nuriamuozaige-okb.es\/en-bavetes-al-regne-dels-llimacs","name":"EN BAVETES AL REGNE DELS LLIMACS - Nuria Mu\u00f1oz Aige","isPartOf":{"@id":"https:\/\/xn--nuriamuozaige-okb.es\/#website"},"primaryImageOfPage":{"@id":"https:\/\/xn--nuriamuozaige-okb.es\/en-bavetes-al-regne-dels-llimacs#primaryimage"},"image":{"@id":"https:\/\/xn--nuriamuozaige-okb.es\/en-bavetes-al-regne-dels-llimacs#primaryimage"},"thumbnailUrl":"http:\/\/xn--nuriamuozaige-okb.es\/wp-content\/uploads\/2020\/12\/En-Bavetes-al-regne-dels-llimacs.jpg","datePublished":"2020-12-13T17:34:41+00:00","dateModified":"2020-12-19T11:36:25+00:00","breadcrumb":{"@id":"https:\/\/xn--nuriamuozaige-okb.es\/en-bavetes-al-regne-dels-llimacs#breadcrumb"},"inLanguage":"ca","potentialAction":[{"@type":"ReadAction","target":["https:\/\/xn--nuriamuozaige-okb.es\/en-bavetes-al-regne-dels-llimacs"]}]},{"@type":"ImageObject","inLanguage":"ca","@id":"https:\/\/xn--nuriamuozaige-okb.es\/en-bavetes-al-regne-dels-llimacs#primaryimage","url":"http:\/\/xn--nuriamuozaige-okb.es\/wp-content\/uploads\/2020\/12\/En-Bavetes-al-regne-dels-llimacs.jpg","contentUrl":"http:\/\/xn--nuriamuozaige-okb.es\/wp-content\/uploads\/2020\/12\/En-Bavetes-al-regne-dels-llimacs.jpg"},{"@type":"BreadcrumbList","@id":"https:\/\/xn--nuriamuozaige-okb.es\/en-bavetes-al-regne-dels-llimacs#breadcrumb","itemListElement":[{"@type":"ListItem","position":1,"name":"Portada","item":"https:\/\/xn--nuriamuozaige-okb.es\/"},{"@type":"ListItem","position":2,"name":"EN BAVETES AL REGNE DELS LLIMACS"}]},{"@type":"WebSite","@id":"https:\/\/xn--nuriamuozaige-okb.es\/#website","url":"https:\/\/xn--nuriamuozaige-okb.es\/","name":"Nuria Mu\u00f1oz Aige","description":"Nuria Mu\u00f1oz Aige - escritora","publisher":{"@id":"https:\/\/xn--nuriamuozaige-okb.es\/#\/schema\/person\/f8439b7fd6eaddd63cb7b97dbc7fa5f2"},"potentialAction":[{"@type":"SearchAction","target":{"@type":"EntryPoint","urlTemplate":"https:\/\/xn--nuriamuozaige-okb.es\/?s={search_term_string}"},"query-input":{"@type":"PropertyValueSpecification","valueRequired":true,"valueName":"search_term_string"}}],"inLanguage":"ca"},{"@type":["Person","Organization"],"@id":"https:\/\/xn--nuriamuozaige-okb.es\/#\/schema\/person\/f8439b7fd6eaddd63cb7b97dbc7fa5f2","name":"nurialolailo","image":{"@type":"ImageObject","inLanguage":"ca","@id":"https:\/\/xn--nuriamuozaige-okb.es\/#\/schema\/person\/image\/","url":"https:\/\/secure.gravatar.com\/avatar\/bbc033826fd4f319217c8be90d3f98b9?s=96&d=mm&r=g","contentUrl":"https:\/\/secure.gravatar.com\/avatar\/bbc033826fd4f319217c8be90d3f98b9?s=96&d=mm&r=g","caption":"nurialolailo"},"logo":{"@id":"https:\/\/xn--nuriamuozaige-okb.es\/#\/schema\/person\/image\/"},"sameAs":["http:\/\/xn--nuriamuozaige-okb.es"]}]}},"_links":{"self":[{"href":"https:\/\/xn--nuriamuozaige-okb.es\/ca\/wp-json\/wp\/v2\/pages\/3233","targetHints":{"allow":["GET"]}}],"collection":[{"href":"https:\/\/xn--nuriamuozaige-okb.es\/ca\/wp-json\/wp\/v2\/pages"}],"about":[{"href":"https:\/\/xn--nuriamuozaige-okb.es\/ca\/wp-json\/wp\/v2\/types\/page"}],"author":[{"embeddable":true,"href":"https:\/\/xn--nuriamuozaige-okb.es\/ca\/wp-json\/wp\/v2\/users\/1"}],"replies":[{"embeddable":true,"href":"https:\/\/xn--nuriamuozaige-okb.es\/ca\/wp-json\/wp\/v2\/comments?post=3233"}],"version-history":[{"count":92,"href":"https:\/\/xn--nuriamuozaige-okb.es\/ca\/wp-json\/wp\/v2\/pages\/3233\/revisions"}],"predecessor-version":[{"id":4142,"href":"https:\/\/xn--nuriamuozaige-okb.es\/ca\/wp-json\/wp\/v2\/pages\/3233\/revisions\/4142"}],"wp:attachment":[{"href":"https:\/\/xn--nuriamuozaige-okb.es\/ca\/wp-json\/wp\/v2\/media?parent=3233"}],"curies":[{"name":"wp","href":"https:\/\/api.w.org\/{rel}","templated":true}]}}