{"id":3241,"date":"2020-12-13T16:45:44","date_gmt":"2020-12-13T16:45:44","guid":{"rendered":"http:\/\/xn--nuriamuozaige-okb.es\/?page_id=3241"},"modified":"2023-01-17T17:39:27","modified_gmt":"2023-01-17T17:39:27","slug":"la-saga-de-la-mandragora","status":"publish","type":"page","link":"https:\/\/xn--nuriamuozaige-okb.es\/ca\/la-saga-de-la-mandragora","title":{"rendered":"LA SAGA DE LA MANDR\u00c1GORA"},"content":{"rendered":"<div data-elementor-type=\"wp-page\" data-elementor-id=\"3241\" class=\"elementor elementor-3241\">\n\t\t\t\t\t\t<div class=\"elementor-section elementor-top-section elementor-element elementor-element-3b031ba elementor-section-boxed elementor-section-height-default elementor-section-height-default\" data-id=\"3b031ba\" data-element_type=\"section\">\n\t\t\t\t\t\t<div class=\"elementor-container elementor-column-gap-default\">\n\t\t\t\t\t<div class=\"elementor-column elementor-col-100 elementor-top-column elementor-element elementor-element-ce501c9\" data-id=\"ce501c9\" data-element_type=\"column\">\n\t\t\t<div class=\"elementor-widget-wrap elementor-element-populated\">\n\t\t\t\t\t\t<div class=\"elementor-element elementor-element-edcf574 elementor-widget elementor-widget-heading\" data-id=\"edcf574\" data-element_type=\"widget\" data-widget_type=\"heading.default\">\n\t\t\t\t<div class=\"elementor-widget-container\">\n\t\t\t\t\t<h1 class=\"elementor-heading-title elementor-size-default\">LA SAGA DE MANDR\u00c1GORA<span style=\"color: var(--theme-heading-font-color);font-family: Poppins, sans-serif;font-size: 30px;font-weight: var(--theme-heading-font-weight);background-color: var(--theme-body-bg-color)\"><\/span><br><\/h1>\t\t\t\t<\/div>\n\t\t\t\t<\/div>\n\t\t\t\t<div class=\"elementor-element elementor-element-938efdf elementor-widget elementor-widget-spacer\" data-id=\"938efdf\" data-element_type=\"widget\" data-widget_type=\"spacer.default\">\n\t\t\t\t<div class=\"elementor-widget-container\">\n\t\t\t\t\t\t\t<div class=\"elementor-spacer\">\n\t\t\t<div class=\"elementor-spacer-inner\"><\/div>\n\t\t<\/div>\n\t\t\t\t\t\t<\/div>\n\t\t\t\t<\/div>\n\t\t\t\t\t<\/div>\n\t\t<\/div>\n\t\t\t\t\t<\/div>\n\t\t<\/div>\n\t\t\t\t<div class=\"elementor-section elementor-top-section elementor-element elementor-element-ec584ae elementor-section-boxed elementor-section-height-default elementor-section-height-default\" data-id=\"ec584ae\" data-element_type=\"section\">\n\t\t\t\t\t\t<div class=\"elementor-container elementor-column-gap-no\">\n\t\t\t\t\t<div class=\"elementor-column elementor-col-100 elementor-top-column elementor-element elementor-element-ba5e613\" data-id=\"ba5e613\" data-element_type=\"column\">\n\t\t\t<div class=\"elementor-widget-wrap elementor-element-populated\">\n\t\t\t\t\t\t<div class=\"elementor-section elementor-inner-section elementor-element elementor-element-fcb5689 elementor-section-boxed elementor-section-height-default elementor-section-height-default\" data-id=\"fcb5689\" data-element_type=\"section\">\n\t\t\t\t\t\t<div class=\"elementor-container elementor-column-gap-default\">\n\t\t\t\t\t<div class=\"elementor-column elementor-col-50 elementor-inner-column elementor-element elementor-element-6b2059a\" data-id=\"6b2059a\" data-element_type=\"column\">\n\t\t\t<div class=\"elementor-widget-wrap elementor-element-populated\">\n\t\t\t\t\t\t<div class=\"elementor-element elementor-element-8b44e0c elementor-widget elementor-widget-image\" data-id=\"8b44e0c\" data-element_type=\"widget\" data-widget_type=\"image.default\">\n\t\t\t\t<div class=\"elementor-widget-container\">\n\t\t\t\t\t\t\t\t\t\t\t\t\t\t\t\t<a href=\"https:\/\/www.amazon.es\/SAGA-MANDR%C3%81GORA-Nuria-Mu%C3%B1oz-Aige-ebook\/dp\/B00HFETC8U\">\n\t\t\t\t\t\t\t<img fetchpriority=\"high\" decoding=\"async\" width=\"324\" height=\"500\" src=\"https:\/\/xn--nuriamuozaige-okb.es\/wp-content\/uploads\/2020\/12\/La-saga-de-la-mandragora.jpg\" class=\"attachment-medium_large size-medium_large wp-image-3243\" alt=\"\" \/>\t\t\t\t\t\t\t\t<\/a>\n\t\t\t\t\t\t\t\t\t\t\t\t\t\t\t<\/div>\n\t\t\t\t<\/div>\n\t\t\t\t\t<\/div>\n\t\t<\/div>\n\t\t\t\t<div class=\"elementor-column elementor-col-50 elementor-inner-column elementor-element elementor-element-5346320\" data-id=\"5346320\" data-element_type=\"column\">\n\t\t\t<div class=\"elementor-widget-wrap elementor-element-populated\">\n\t\t\t\t\t\t<div class=\"elementor-element elementor-element-221d7aa elementor-widget elementor-widget-text-editor\" data-id=\"221d7aa\" data-element_type=\"widget\" data-widget_type=\"text-editor.default\">\n\t\t\t\t<div class=\"elementor-widget-container\">\n\t\t\t\t\t\t\t\t\t<p>\u00a0<\/p><p class=\"translation-block\">Quan tres excursionistes sofreixen un terror\u00edfic accident i s'extravien prop del pic de l'Aneto, comen\u00e7a per a ells una gran aventura sobrenatural que els transportar\u00e0 a un m\u00f3n que creien impossible: sobtades esquerdes que s'obren en una glacera, un inquietant poble d'altres temps inexistent en el mapa i, sobretot, la constant pres\u00e8ncia d'una malvada saga de criatures singulars que sembla haver sobreviscut al pas dels segles.<br>Al llarg de la novel\u00b7la, el present d'un poble del Pirineu aragon\u00e8s s'entrella\u00e7a de manera esgarrifosa amb l'Edat Mitjana, amb la construcci\u00f3 de les seves esgl\u00e9sies rom\u00e0niques, les seves supersticions i, fins i tot, la ca\u00e7a de bruixes dels inquisidors.\u00a0<br>I tot, per a acabar descobrint sorprenentment que elles, malgrat tot, segueixen entre nosaltres.<\/p><p><strong>Formats: tapa tova i digital.<\/strong><\/p>\t\t\t\t\t\t\t\t<\/div>\n\t\t\t\t<\/div>\n\t\t\t\t\t<\/div>\n\t\t<\/div>\n\t\t\t\t\t<\/div>\n\t\t<\/div>\n\t\t\t\t\t<\/div>\n\t\t<\/div>\n\t\t\t\t\t<\/div>\n\t\t<\/div>\n\t\t\t\t<div class=\"elementor-section elementor-top-section elementor-element elementor-element-7194363 elementor-section-boxed elementor-section-height-default elementor-section-height-default\" data-id=\"7194363\" data-element_type=\"section\">\n\t\t\t\t\t\t<div class=\"elementor-container elementor-column-gap-default\">\n\t\t\t\t\t<div class=\"elementor-column elementor-col-100 elementor-top-column elementor-element elementor-element-a60bdac\" data-id=\"a60bdac\" data-element_type=\"column\">\n\t\t\t<div class=\"elementor-widget-wrap elementor-element-populated\">\n\t\t\t\t\t\t<div class=\"elementor-element elementor-element-dd2724d elementor-widget elementor-widget-spacer\" data-id=\"dd2724d\" data-element_type=\"widget\" data-widget_type=\"spacer.default\">\n\t\t\t\t<div class=\"elementor-widget-container\">\n\t\t\t\t\t\t\t<div class=\"elementor-spacer\">\n\t\t\t<div class=\"elementor-spacer-inner\"><\/div>\n\t\t<\/div>\n\t\t\t\t\t\t<\/div>\n\t\t\t\t<\/div>\n\t\t\t\t\t<\/div>\n\t\t<\/div>\n\t\t\t\t\t<\/div>\n\t\t<\/div>\n\t\t\t\t<div class=\"elementor-section elementor-top-section elementor-element elementor-element-8c88f25 elementor-section-boxed elementor-section-height-default elementor-section-height-default\" data-id=\"8c88f25\" data-element_type=\"section\">\n\t\t\t\t\t\t<div class=\"elementor-container elementor-column-gap-default\">\n\t\t\t\t\t<div class=\"elementor-column elementor-col-100 elementor-top-column elementor-element elementor-element-0426d9b\" data-id=\"0426d9b\" data-element_type=\"column\">\n\t\t\t<div class=\"elementor-widget-wrap elementor-element-populated\">\n\t\t\t\t\t\t<div class=\"elementor-element elementor-element-fb313f0 elementor-align-center elementor-widget elementor-widget-button\" data-id=\"fb313f0\" data-element_type=\"widget\" data-widget_type=\"button.default\">\n\t\t\t\t<div class=\"elementor-widget-container\">\n\t\t\t\t\t\t\t\t\t<div class=\"elementor-button-wrapper\">\n\t\t\t\t\t<a class=\"elementor-button elementor-button-link elementor-size-sm\" href=\"https:\/\/www.amazon.es\/SAGA-MANDR%C3%81GORA-Nuria-Mu%C3%B1oz-Aige-ebook\/dp\/B00HFETC8U\">\n\t\t\t\t\t\t<span class=\"elementor-button-content-wrapper\">\n\t\t\t\t\t\t\t\t\t<span class=\"elementor-button-text\">Veure a Amazon<\/span>\n\t\t\t\t\t<\/span>\n\t\t\t\t\t<\/a>\n\t\t\t\t<\/div>\n\t\t\t\t\t\t\t\t<\/div>\n\t\t\t\t<\/div>\n\t\t\t\t<div class=\"elementor-element elementor-element-0c87240 elementor-widget elementor-widget-spacer\" data-id=\"0c87240\" data-element_type=\"widget\" data-widget_type=\"spacer.default\">\n\t\t\t\t<div class=\"elementor-widget-container\">\n\t\t\t\t\t\t\t<div class=\"elementor-spacer\">\n\t\t\t<div class=\"elementor-spacer-inner\"><\/div>\n\t\t<\/div>\n\t\t\t\t\t\t<\/div>\n\t\t\t\t<\/div>\n\t\t\t\t\t<\/div>\n\t\t<\/div>\n\t\t\t\t\t<\/div>\n\t\t<\/div>\n\t\t\t\t<div class=\"elementor-section elementor-top-section elementor-element elementor-element-48aa0f1 elementor-section-boxed elementor-section-height-default elementor-section-height-default\" data-id=\"48aa0f1\" data-element_type=\"section\">\n\t\t\t\t\t\t<div class=\"elementor-container elementor-column-gap-default\">\n\t\t\t\t\t<div class=\"elementor-column elementor-col-100 elementor-top-column elementor-element elementor-element-5884841\" data-id=\"5884841\" data-element_type=\"column\">\n\t\t\t<div class=\"elementor-widget-wrap elementor-element-populated\">\n\t\t\t\t\t\t<div class=\"elementor-element elementor-element-fa66ed4 elementor-widget elementor-widget-video\" data-id=\"fa66ed4\" data-element_type=\"widget\" data-settings=\"{&quot;youtube_url&quot;:&quot;https:\\\/\\\/https:\\\/\\\/www.youtube.com\\\/watch?v=mjhmhRaNHn4&quot;,&quot;video_type&quot;:&quot;youtube&quot;,&quot;controls&quot;:&quot;yes&quot;}\" data-widget_type=\"video.default\">\n\t\t\t\t<div class=\"elementor-widget-container\">\n\t\t\t\t\t\t\t<div class=\"elementor-wrapper elementor-open-inline\">\n\t\t\t<div class=\"elementor-video\"><\/div>\t\t<\/div>\n\t\t\t\t\t\t<\/div>\n\t\t\t\t<\/div>\n\t\t\t\t\t<\/div>\n\t\t<\/div>\n\t\t\t\t\t<\/div>\n\t\t<\/div>\n\t\t\t\t<\/div>","protected":false},"excerpt":{"rendered":"<p>LA SAGA DE MANDR\u00c1GORA \u00a0 Cuando tres excursionistas novatos sufren un terror\u00edfico accidente y se extrav\u00edan cerca del pico de Aneto, empieza para ellos una gran aventura sobrenatural que los transportar\u00e1 a un mundo que cre\u00edan imposible: [&hellip;]<\/p>","protected":false},"author":1,"featured_media":0,"parent":0,"menu_order":0,"comment_status":"closed","ping_status":"closed","template":"","meta":{"footnotes":""},"class_list":["post-3241","page","type-page","status-publish","hentry"],"yoast_head":"<!-- This site is optimized with the Yoast SEO plugin v24.1 - https:\/\/yoast.com\/wordpress\/plugins\/seo\/ -->\n<title>LA SAGA DE LA MANDR\u00c1GORA - Nuria Mu\u00f1oz Aige<\/title>\n<meta name=\"description\" content=\"Descubre mi \u00faltima novela, La saga de la mandr\u00e1gora, una historia de terror con pinceladas hist\u00f3ricas que te absorber\u00e1.\" \/>\n<meta name=\"robots\" content=\"index, follow, max-snippet:-1, max-image-preview:large, max-video-preview:-1\" \/>\n<link rel=\"canonical\" href=\"https:\/\/xn--nuriamuozaige-okb.es\/ca\/la-saga-de-la-mandragora\/\" \/>\n<meta property=\"og:locale\" content=\"ca_ES\" \/>\n<meta property=\"og:type\" content=\"article\" \/>\n<meta property=\"og:title\" content=\"LA SAGA DE LA MANDR\u00c1GORA - Nuria Mu\u00f1oz Aige\" \/>\n<meta property=\"og:description\" content=\"Descubre mi \u00faltima novela, La saga de la mandr\u00e1gora, una historia de terror con pinceladas hist\u00f3ricas que te absorber\u00e1.\" \/>\n<meta property=\"og:url\" content=\"https:\/\/xn--nuriamuozaige-okb.es\/ca\/la-saga-de-la-mandragora\/\" \/>\n<meta property=\"og:site_name\" content=\"Nuria Mu\u00f1oz Aige\" \/>\n<meta property=\"article:modified_time\" content=\"2023-01-17T17:39:27+00:00\" \/>\n<meta property=\"og:image\" content=\"https:\/\/xn--nuriamuozaige-okb.es\/wp-content\/uploads\/2020\/12\/La-saga-de-la-mandragora.jpg\" \/>\n<meta name=\"twitter:card\" content=\"summary_large_image\" \/>\n<meta name=\"twitter:label1\" content=\"Temps estimat de lectura\" \/>\n\t<meta name=\"twitter:data1\" content=\"1 minut\" \/>\n<script type=\"application\/ld+json\" class=\"yoast-schema-graph\">{\"@context\":\"https:\/\/schema.org\",\"@graph\":[{\"@type\":\"WebPage\",\"@id\":\"https:\/\/xn--nuriamuozaige-okb.es\/la-saga-de-la-mandragora\",\"url\":\"https:\/\/xn--nuriamuozaige-okb.es\/la-saga-de-la-mandragora\",\"name\":\"LA SAGA DE LA MANDR\u00c1GORA - Nuria Mu\u00f1oz Aige\",\"isPartOf\":{\"@id\":\"https:\/\/xn--nuriamuozaige-okb.es\/#website\"},\"primaryImageOfPage\":{\"@id\":\"https:\/\/xn--nuriamuozaige-okb.es\/la-saga-de-la-mandragora#primaryimage\"},\"image\":{\"@id\":\"https:\/\/xn--nuriamuozaige-okb.es\/la-saga-de-la-mandragora#primaryimage\"},\"thumbnailUrl\":\"https:\/\/xn--nuriamuozaige-okb.es\/wp-content\/uploads\/2020\/12\/La-saga-de-la-mandragora.jpg\",\"datePublished\":\"2020-12-13T16:45:44+00:00\",\"dateModified\":\"2023-01-17T17:39:27+00:00\",\"description\":\"Descubre mi \u00faltima novela, La saga de la mandr\u00e1gora, una historia de terror con pinceladas hist\u00f3ricas que te absorber\u00e1.\",\"breadcrumb\":{\"@id\":\"https:\/\/xn--nuriamuozaige-okb.es\/la-saga-de-la-mandragora#breadcrumb\"},\"inLanguage\":\"ca\",\"potentialAction\":[{\"@type\":\"ReadAction\",\"target\":[\"https:\/\/xn--nuriamuozaige-okb.es\/la-saga-de-la-mandragora\"]}]},{\"@type\":\"ImageObject\",\"inLanguage\":\"ca\",\"@id\":\"https:\/\/xn--nuriamuozaige-okb.es\/la-saga-de-la-mandragora#primaryimage\",\"url\":\"https:\/\/xn--nuriamuozaige-okb.es\/wp-content\/uploads\/2020\/12\/La-saga-de-la-mandragora.jpg\",\"contentUrl\":\"https:\/\/xn--nuriamuozaige-okb.es\/wp-content\/uploads\/2020\/12\/La-saga-de-la-mandragora.jpg\"},{\"@type\":\"BreadcrumbList\",\"@id\":\"https:\/\/xn--nuriamuozaige-okb.es\/la-saga-de-la-mandragora#breadcrumb\",\"itemListElement\":[{\"@type\":\"ListItem\",\"position\":1,\"name\":\"Portada\",\"item\":\"https:\/\/xn--nuriamuozaige-okb.es\/\"},{\"@type\":\"ListItem\",\"position\":2,\"name\":\"LA SAGA DE LA MANDR\u00c1GORA\"}]},{\"@type\":\"WebSite\",\"@id\":\"https:\/\/xn--nuriamuozaige-okb.es\/#website\",\"url\":\"https:\/\/xn--nuriamuozaige-okb.es\/\",\"name\":\"Nuria Mu\u00f1oz Aige\",\"description\":\"Nuria Mu\u00f1oz Aige - escritora\",\"publisher\":{\"@id\":\"https:\/\/xn--nuriamuozaige-okb.es\/#\/schema\/person\/f8439b7fd6eaddd63cb7b97dbc7fa5f2\"},\"potentialAction\":[{\"@type\":\"SearchAction\",\"target\":{\"@type\":\"EntryPoint\",\"urlTemplate\":\"https:\/\/xn--nuriamuozaige-okb.es\/?s={search_term_string}\"},\"query-input\":{\"@type\":\"PropertyValueSpecification\",\"valueRequired\":true,\"valueName\":\"search_term_string\"}}],\"inLanguage\":\"ca\"},{\"@type\":[\"Person\",\"Organization\"],\"@id\":\"https:\/\/xn--nuriamuozaige-okb.es\/#\/schema\/person\/f8439b7fd6eaddd63cb7b97dbc7fa5f2\",\"name\":\"nurialolailo\",\"image\":{\"@type\":\"ImageObject\",\"inLanguage\":\"ca\",\"@id\":\"https:\/\/xn--nuriamuozaige-okb.es\/#\/schema\/person\/image\/\",\"url\":\"https:\/\/secure.gravatar.com\/avatar\/bbc033826fd4f319217c8be90d3f98b9?s=96&d=mm&r=g\",\"contentUrl\":\"https:\/\/secure.gravatar.com\/avatar\/bbc033826fd4f319217c8be90d3f98b9?s=96&d=mm&r=g\",\"caption\":\"nurialolailo\"},\"logo\":{\"@id\":\"https:\/\/xn--nuriamuozaige-okb.es\/#\/schema\/person\/image\/\"},\"sameAs\":[\"http:\/\/xn--nuriamuozaige-okb.es\"]}]}<\/script>\n<!-- \/ Yoast SEO plugin. -->","yoast_head_json":{"title":"LA SAGA DE LA MANDR\u00c1GORA - Nuria Mu\u00f1oz Aige","description":"Descubre mi \u00faltima novela, La saga de la mandr\u00e1gora, una historia de terror con pinceladas hist\u00f3ricas que te absorber\u00e1.","robots":{"index":"index","follow":"follow","max-snippet":"max-snippet:-1","max-image-preview":"max-image-preview:large","max-video-preview":"max-video-preview:-1"},"canonical":"https:\/\/xn--nuriamuozaige-okb.es\/ca\/la-saga-de-la-mandragora\/","og_locale":"ca_ES","og_type":"article","og_title":"LA SAGA DE LA MANDR\u00c1GORA - Nuria Mu\u00f1oz Aige","og_description":"Descubre mi \u00faltima novela, La saga de la mandr\u00e1gora, una historia de terror con pinceladas hist\u00f3ricas que te absorber\u00e1.","og_url":"https:\/\/xn--nuriamuozaige-okb.es\/ca\/la-saga-de-la-mandragora\/","og_site_name":"Nuria Mu\u00f1oz Aige","article_modified_time":"2023-01-17T17:39:27+00:00","og_image":[{"url":"https:\/\/xn--nuriamuozaige-okb.es\/wp-content\/uploads\/2020\/12\/La-saga-de-la-mandragora.jpg","type":"","width":"","height":""}],"twitter_card":"summary_large_image","twitter_misc":{"Temps estimat de lectura":"1 minut"},"schema":{"@context":"https:\/\/schema.org","@graph":[{"@type":"WebPage","@id":"https:\/\/xn--nuriamuozaige-okb.es\/la-saga-de-la-mandragora","url":"https:\/\/xn--nuriamuozaige-okb.es\/la-saga-de-la-mandragora","name":"LA SAGA DE LA MANDR\u00c1GORA - Nuria Mu\u00f1oz Aige","isPartOf":{"@id":"https:\/\/xn--nuriamuozaige-okb.es\/#website"},"primaryImageOfPage":{"@id":"https:\/\/xn--nuriamuozaige-okb.es\/la-saga-de-la-mandragora#primaryimage"},"image":{"@id":"https:\/\/xn--nuriamuozaige-okb.es\/la-saga-de-la-mandragora#primaryimage"},"thumbnailUrl":"https:\/\/xn--nuriamuozaige-okb.es\/wp-content\/uploads\/2020\/12\/La-saga-de-la-mandragora.jpg","datePublished":"2020-12-13T16:45:44+00:00","dateModified":"2023-01-17T17:39:27+00:00","description":"Descubre mi \u00faltima novela, La saga de la mandr\u00e1gora, una historia de terror con pinceladas hist\u00f3ricas que te absorber\u00e1.","breadcrumb":{"@id":"https:\/\/xn--nuriamuozaige-okb.es\/la-saga-de-la-mandragora#breadcrumb"},"inLanguage":"ca","potentialAction":[{"@type":"ReadAction","target":["https:\/\/xn--nuriamuozaige-okb.es\/la-saga-de-la-mandragora"]}]},{"@type":"ImageObject","inLanguage":"ca","@id":"https:\/\/xn--nuriamuozaige-okb.es\/la-saga-de-la-mandragora#primaryimage","url":"https:\/\/xn--nuriamuozaige-okb.es\/wp-content\/uploads\/2020\/12\/La-saga-de-la-mandragora.jpg","contentUrl":"https:\/\/xn--nuriamuozaige-okb.es\/wp-content\/uploads\/2020\/12\/La-saga-de-la-mandragora.jpg"},{"@type":"BreadcrumbList","@id":"https:\/\/xn--nuriamuozaige-okb.es\/la-saga-de-la-mandragora#breadcrumb","itemListElement":[{"@type":"ListItem","position":1,"name":"Portada","item":"https:\/\/xn--nuriamuozaige-okb.es\/"},{"@type":"ListItem","position":2,"name":"LA SAGA DE LA MANDR\u00c1GORA"}]},{"@type":"WebSite","@id":"https:\/\/xn--nuriamuozaige-okb.es\/#website","url":"https:\/\/xn--nuriamuozaige-okb.es\/","name":"Nuria Mu\u00f1oz Aige","description":"Nuria Mu\u00f1oz Aige - escritora","publisher":{"@id":"https:\/\/xn--nuriamuozaige-okb.es\/#\/schema\/person\/f8439b7fd6eaddd63cb7b97dbc7fa5f2"},"potentialAction":[{"@type":"SearchAction","target":{"@type":"EntryPoint","urlTemplate":"https:\/\/xn--nuriamuozaige-okb.es\/?s={search_term_string}"},"query-input":{"@type":"PropertyValueSpecification","valueRequired":true,"valueName":"search_term_string"}}],"inLanguage":"ca"},{"@type":["Person","Organization"],"@id":"https:\/\/xn--nuriamuozaige-okb.es\/#\/schema\/person\/f8439b7fd6eaddd63cb7b97dbc7fa5f2","name":"nurialolailo","image":{"@type":"ImageObject","inLanguage":"ca","@id":"https:\/\/xn--nuriamuozaige-okb.es\/#\/schema\/person\/image\/","url":"https:\/\/secure.gravatar.com\/avatar\/bbc033826fd4f319217c8be90d3f98b9?s=96&d=mm&r=g","contentUrl":"https:\/\/secure.gravatar.com\/avatar\/bbc033826fd4f319217c8be90d3f98b9?s=96&d=mm&r=g","caption":"nurialolailo"},"logo":{"@id":"https:\/\/xn--nuriamuozaige-okb.es\/#\/schema\/person\/image\/"},"sameAs":["http:\/\/xn--nuriamuozaige-okb.es"]}]}},"_links":{"self":[{"href":"https:\/\/xn--nuriamuozaige-okb.es\/ca\/wp-json\/wp\/v2\/pages\/3241","targetHints":{"allow":["GET"]}}],"collection":[{"href":"https:\/\/xn--nuriamuozaige-okb.es\/ca\/wp-json\/wp\/v2\/pages"}],"about":[{"href":"https:\/\/xn--nuriamuozaige-okb.es\/ca\/wp-json\/wp\/v2\/types\/page"}],"author":[{"embeddable":true,"href":"https:\/\/xn--nuriamuozaige-okb.es\/ca\/wp-json\/wp\/v2\/users\/1"}],"replies":[{"embeddable":true,"href":"https:\/\/xn--nuriamuozaige-okb.es\/ca\/wp-json\/wp\/v2\/comments?post=3241"}],"version-history":[{"count":90,"href":"https:\/\/xn--nuriamuozaige-okb.es\/ca\/wp-json\/wp\/v2\/pages\/3241\/revisions"}],"predecessor-version":[{"id":4690,"href":"https:\/\/xn--nuriamuozaige-okb.es\/ca\/wp-json\/wp\/v2\/pages\/3241\/revisions\/4690"}],"wp:attachment":[{"href":"https:\/\/xn--nuriamuozaige-okb.es\/ca\/wp-json\/wp\/v2\/media?parent=3241"}],"curies":[{"name":"wp","href":"https:\/\/api.w.org\/{rel}","templated":true}]}}