{"id":3253,"date":"2020-12-13T17:33:18","date_gmt":"2020-12-13T17:33:18","guid":{"rendered":"http:\/\/xn--nuriamuozaige-okb.es\/?page_id=3253"},"modified":"2020-12-31T10:36:19","modified_gmt":"2020-12-31T10:36:19","slug":"cronica-de-un-vacio","status":"publish","type":"page","link":"https:\/\/xn--nuriamuozaige-okb.es\/ca\/cronica-de-un-vacio","title":{"rendered":"CR\u00d3NICA DE UN VAC\u00cdO"},"content":{"rendered":"<div data-elementor-type=\"wp-page\" data-elementor-id=\"3253\" class=\"elementor elementor-3253\">\n\t\t\t\t\t\t<div class=\"elementor-section elementor-top-section elementor-element elementor-element-47ef645 elementor-section-boxed elementor-section-height-default elementor-section-height-default\" data-id=\"47ef645\" data-element_type=\"section\">\n\t\t\t\t\t\t<div class=\"elementor-container elementor-column-gap-default\">\n\t\t\t\t\t<div class=\"elementor-column elementor-col-100 elementor-top-column elementor-element elementor-element-3ce7808\" data-id=\"3ce7808\" data-element_type=\"column\">\n\t\t\t<div class=\"elementor-widget-wrap elementor-element-populated\">\n\t\t\t\t\t\t<div class=\"elementor-element elementor-element-1bc7cab elementor-widget elementor-widget-heading\" data-id=\"1bc7cab\" data-element_type=\"widget\" data-widget_type=\"heading.default\">\n\t\t\t\t<div class=\"elementor-widget-container\">\n\t\t\t\t\t<h1 class=\"elementor-heading-title elementor-size-default\">CR\u00d3NICA DE UN VAC\u00cdO<\/h1>\t\t\t\t<\/div>\n\t\t\t\t<\/div>\n\t\t\t\t<div class=\"elementor-element elementor-element-4d984ae elementor-widget elementor-widget-spacer\" data-id=\"4d984ae\" data-element_type=\"widget\" data-widget_type=\"spacer.default\">\n\t\t\t\t<div class=\"elementor-widget-container\">\n\t\t\t\t\t\t\t<div class=\"elementor-spacer\">\n\t\t\t<div class=\"elementor-spacer-inner\"><\/div>\n\t\t<\/div>\n\t\t\t\t\t\t<\/div>\n\t\t\t\t<\/div>\n\t\t\t\t\t<\/div>\n\t\t<\/div>\n\t\t\t\t\t<\/div>\n\t\t<\/div>\n\t\t\t\t<div class=\"elementor-section elementor-top-section elementor-element elementor-element-443a813 elementor-section-boxed elementor-section-height-default elementor-section-height-default\" data-id=\"443a813\" data-element_type=\"section\">\n\t\t\t\t\t\t<div class=\"elementor-container elementor-column-gap-default\">\n\t\t\t\t\t<div class=\"elementor-column elementor-col-100 elementor-top-column elementor-element elementor-element-b564892\" data-id=\"b564892\" data-element_type=\"column\">\n\t\t\t<div class=\"elementor-widget-wrap elementor-element-populated\">\n\t\t\t\t\t\t<div class=\"elementor-section elementor-inner-section elementor-element elementor-element-dda25db elementor-section-boxed elementor-section-height-default elementor-section-height-default\" data-id=\"dda25db\" data-element_type=\"section\">\n\t\t\t\t\t\t<div class=\"elementor-container elementor-column-gap-default\">\n\t\t\t\t\t<div class=\"elementor-column elementor-col-50 elementor-inner-column elementor-element elementor-element-4abe612\" data-id=\"4abe612\" data-element_type=\"column\">\n\t\t\t<div class=\"elementor-widget-wrap elementor-element-populated\">\n\t\t\t\t\t\t<div class=\"elementor-element elementor-element-18a32b8 elementor-widget elementor-widget-image\" data-id=\"18a32b8\" data-element_type=\"widget\" data-widget_type=\"image.default\">\n\t\t\t\t<div class=\"elementor-widget-container\">\n\t\t\t\t\t\t\t\t\t\t\t\t\t\t\t\t<a href=\"https:\/\/www.amazon.es\/Cr%C3%B3nica-vac%C3%ADo-Nuria-Mu%C3%B1oz-Aige\/dp\/1482534290\">\n\t\t\t\t\t\t\t<img fetchpriority=\"high\" decoding=\"async\" width=\"373\" height=\"500\" src=\"https:\/\/xn--nuriamuozaige-okb.es\/wp-content\/uploads\/2020\/12\/Cronica-de-un-vacio-1.jpg\" class=\"attachment-large size-large wp-image-3255\" alt=\"\" \/>\t\t\t\t\t\t\t\t<\/a>\n\t\t\t\t\t\t\t\t\t\t\t\t\t\t\t<\/div>\n\t\t\t\t<\/div>\n\t\t\t\t\t<\/div>\n\t\t<\/div>\n\t\t\t\t<div class=\"elementor-column elementor-col-50 elementor-inner-column elementor-element elementor-element-ba7c614\" data-id=\"ba7c614\" data-element_type=\"column\">\n\t\t\t<div class=\"elementor-widget-wrap elementor-element-populated\">\n\t\t\t\t\t\t<div class=\"elementor-element elementor-element-3ccc59d elementor-widget elementor-widget-text-editor\" data-id=\"3ccc59d\" data-element_type=\"widget\" data-widget_type=\"text-editor.default\">\n\t\t\t\t<div class=\"elementor-widget-container\">\n\t\t\t\t\t\t\t\t\t<p><strong>Litelatura juvenil. Thiller rom\u00e0ntico. \n(Versi\u00f3 solament disponible en castell\u00e0)<\/strong><\/p><p>\u00a0<\/p><p>L'Axel \u00e9s un adolescent normal que est\u00e0 a punt d'estrenar-se com a alumne de l'ESO en l'institut. La nit abans, un esgarrif\u00f3s malson fa que es desperti amarat en suor. A partir de llavors, somnis i realitat s'entrellacen de manera inquietant i la seva vida es veu abocada cap a una trag\u00e8dia de terribles dimensions que nom\u00e9s ell pot evitar.\u00a0<br \/>Entrella\u00e7ats en la seva extraordin\u00e0ria carrera contra el temps, els seus col\u00b7legues peculliars i el seu primer gran amor converteixen el trimestre en una aventura mortalment excitant en la qual nom\u00e9s els seus malsons poden, tal vegada, ajudar-lo.\u00a0\u00a0<br \/>T'ho penses perdre?<\/p><p>\u00a0<\/p><p><strong>Formats: tapa tova i digital.<\/strong><\/p>\t\t\t\t\t\t\t\t<\/div>\n\t\t\t\t<\/div>\n\t\t\t\t\t<\/div>\n\t\t<\/div>\n\t\t\t\t\t<\/div>\n\t\t<\/div>\n\t\t\t\t\t<\/div>\n\t\t<\/div>\n\t\t\t\t\t<\/div>\n\t\t<\/div>\n\t\t\t\t<div class=\"elementor-section elementor-top-section elementor-element elementor-element-2799de7 elementor-section-boxed elementor-section-height-default elementor-section-height-default\" data-id=\"2799de7\" data-element_type=\"section\">\n\t\t\t\t\t\t<div class=\"elementor-container elementor-column-gap-default\">\n\t\t\t\t\t<div class=\"elementor-column elementor-col-100 elementor-top-column elementor-element elementor-element-f74617f\" data-id=\"f74617f\" data-element_type=\"column\">\n\t\t\t<div class=\"elementor-widget-wrap elementor-element-populated\">\n\t\t\t\t\t\t<div class=\"elementor-element elementor-element-ef122d4 elementor-align-center elementor-widget elementor-widget-button\" data-id=\"ef122d4\" data-element_type=\"widget\" data-widget_type=\"button.default\">\n\t\t\t\t<div class=\"elementor-widget-container\">\n\t\t\t\t\t\t\t\t\t<div class=\"elementor-button-wrapper\">\n\t\t\t\t\t<a class=\"elementor-button elementor-button-link elementor-size-sm\" href=\"https:\/\/www.amazon.es\/Cr%C3%B3nica-vac%C3%ADo-Nuria-Mu%C3%B1oz-Aige\/dp\/1482534290\">\n\t\t\t\t\t\t<span class=\"elementor-button-content-wrapper\">\n\t\t\t\t\t\t\t\t\t<span class=\"elementor-button-text\">Veure a Amazon<\/span>\n\t\t\t\t\t<\/span>\n\t\t\t\t\t<\/a>\n\t\t\t\t<\/div>\n\t\t\t\t\t\t\t\t<\/div>\n\t\t\t\t<\/div>\n\t\t\t\t\t<\/div>\n\t\t<\/div>\n\t\t\t\t\t<\/div>\n\t\t<\/div>\n\t\t\t\t<\/div>","protected":false},"excerpt":{"rendered":"<p>CR\u00d3NICA DE UN VAC\u00cdO Literatura juvenil. Thriller rom\u00e1ntico. Axel es un adolescente normal que est\u00e1 a punto de estrenarse como alumno de la ESO en el instituto. La noche antes, una escalofriante pesadilla hace que se despierte [&hellip;]<\/p>","protected":false},"author":1,"featured_media":0,"parent":0,"menu_order":0,"comment_status":"closed","ping_status":"closed","template":"","meta":{"footnotes":""},"class_list":["post-3253","page","type-page","status-publish","hentry"],"yoast_head":"<!-- This site is optimized with the Yoast SEO plugin v24.1 - https:\/\/yoast.com\/wordpress\/plugins\/seo\/ -->\n<title>CR\u00d3NICA DE UN VAC\u00cdO - Nuria Mu\u00f1oz Aige<\/title>\n<meta name=\"description\" content=\"Thriller rom\u00e1ntico que lleva la literatura juvenil a otro nivel.\" \/>\n<meta name=\"robots\" content=\"index, follow, max-snippet:-1, max-image-preview:large, max-video-preview:-1\" \/>\n<link rel=\"canonical\" href=\"https:\/\/xn--nuriamuozaige-okb.es\/ca\/cronica-de-un-vacio\/\" \/>\n<meta property=\"og:locale\" content=\"ca_ES\" \/>\n<meta property=\"og:type\" content=\"article\" \/>\n<meta property=\"og:title\" content=\"CR\u00d3NICA DE UN VAC\u00cdO - Nuria Mu\u00f1oz Aige\" \/>\n<meta property=\"og:description\" content=\"Thriller rom\u00e1ntico que lleva la literatura juvenil a otro nivel.\" \/>\n<meta property=\"og:url\" content=\"https:\/\/xn--nuriamuozaige-okb.es\/ca\/cronica-de-un-vacio\/\" \/>\n<meta property=\"og:site_name\" content=\"Nuria Mu\u00f1oz Aige\" \/>\n<meta property=\"article:modified_time\" content=\"2020-12-31T10:36:19+00:00\" \/>\n<meta property=\"og:image\" content=\"http:\/\/xn--nuriamuozaige-okb.es\/wp-content\/uploads\/2020\/12\/Cronica-de-un-vacio-1.jpg\" \/>\n<meta name=\"twitter:card\" content=\"summary_large_image\" \/>\n<meta name=\"twitter:label1\" content=\"Temps estimat de lectura\" \/>\n\t<meta name=\"twitter:data1\" content=\"1 minut\" \/>\n<script type=\"application\/ld+json\" class=\"yoast-schema-graph\">{\"@context\":\"https:\/\/schema.org\",\"@graph\":[{\"@type\":\"WebPage\",\"@id\":\"https:\/\/xn--nuriamuozaige-okb.es\/cronica-de-un-vacio\",\"url\":\"https:\/\/xn--nuriamuozaige-okb.es\/cronica-de-un-vacio\",\"name\":\"CR\u00d3NICA DE UN VAC\u00cdO - Nuria Mu\u00f1oz Aige\",\"isPartOf\":{\"@id\":\"https:\/\/xn--nuriamuozaige-okb.es\/#website\"},\"primaryImageOfPage\":{\"@id\":\"https:\/\/xn--nuriamuozaige-okb.es\/cronica-de-un-vacio#primaryimage\"},\"image\":{\"@id\":\"https:\/\/xn--nuriamuozaige-okb.es\/cronica-de-un-vacio#primaryimage\"},\"thumbnailUrl\":\"http:\/\/xn--nuriamuozaige-okb.es\/wp-content\/uploads\/2020\/12\/Cronica-de-un-vacio-1.jpg\",\"datePublished\":\"2020-12-13T17:33:18+00:00\",\"dateModified\":\"2020-12-31T10:36:19+00:00\",\"description\":\"Thriller rom\u00e1ntico que lleva la literatura juvenil a otro nivel.\",\"breadcrumb\":{\"@id\":\"https:\/\/xn--nuriamuozaige-okb.es\/cronica-de-un-vacio#breadcrumb\"},\"inLanguage\":\"ca\",\"potentialAction\":[{\"@type\":\"ReadAction\",\"target\":[\"https:\/\/xn--nuriamuozaige-okb.es\/cronica-de-un-vacio\"]}]},{\"@type\":\"ImageObject\",\"inLanguage\":\"ca\",\"@id\":\"https:\/\/xn--nuriamuozaige-okb.es\/cronica-de-un-vacio#primaryimage\",\"url\":\"http:\/\/xn--nuriamuozaige-okb.es\/wp-content\/uploads\/2020\/12\/Cronica-de-un-vacio-1.jpg\",\"contentUrl\":\"http:\/\/xn--nuriamuozaige-okb.es\/wp-content\/uploads\/2020\/12\/Cronica-de-un-vacio-1.jpg\"},{\"@type\":\"BreadcrumbList\",\"@id\":\"https:\/\/xn--nuriamuozaige-okb.es\/cronica-de-un-vacio#breadcrumb\",\"itemListElement\":[{\"@type\":\"ListItem\",\"position\":1,\"name\":\"Portada\",\"item\":\"https:\/\/xn--nuriamuozaige-okb.es\/\"},{\"@type\":\"ListItem\",\"position\":2,\"name\":\"CR\u00d3NICA DE UN VAC\u00cdO\"}]},{\"@type\":\"WebSite\",\"@id\":\"https:\/\/xn--nuriamuozaige-okb.es\/#website\",\"url\":\"https:\/\/xn--nuriamuozaige-okb.es\/\",\"name\":\"Nuria Mu\u00f1oz Aige\",\"description\":\"Nuria Mu\u00f1oz Aige - escritora\",\"publisher\":{\"@id\":\"https:\/\/xn--nuriamuozaige-okb.es\/#\/schema\/person\/f8439b7fd6eaddd63cb7b97dbc7fa5f2\"},\"potentialAction\":[{\"@type\":\"SearchAction\",\"target\":{\"@type\":\"EntryPoint\",\"urlTemplate\":\"https:\/\/xn--nuriamuozaige-okb.es\/?s={search_term_string}\"},\"query-input\":{\"@type\":\"PropertyValueSpecification\",\"valueRequired\":true,\"valueName\":\"search_term_string\"}}],\"inLanguage\":\"ca\"},{\"@type\":[\"Person\",\"Organization\"],\"@id\":\"https:\/\/xn--nuriamuozaige-okb.es\/#\/schema\/person\/f8439b7fd6eaddd63cb7b97dbc7fa5f2\",\"name\":\"nurialolailo\",\"image\":{\"@type\":\"ImageObject\",\"inLanguage\":\"ca\",\"@id\":\"https:\/\/xn--nuriamuozaige-okb.es\/#\/schema\/person\/image\/\",\"url\":\"https:\/\/secure.gravatar.com\/avatar\/bbc033826fd4f319217c8be90d3f98b9?s=96&d=mm&r=g\",\"contentUrl\":\"https:\/\/secure.gravatar.com\/avatar\/bbc033826fd4f319217c8be90d3f98b9?s=96&d=mm&r=g\",\"caption\":\"nurialolailo\"},\"logo\":{\"@id\":\"https:\/\/xn--nuriamuozaige-okb.es\/#\/schema\/person\/image\/\"},\"sameAs\":[\"http:\/\/xn--nuriamuozaige-okb.es\"]}]}<\/script>\n<!-- \/ Yoast SEO plugin. -->","yoast_head_json":{"title":"CR\u00d3NICA DE UN VAC\u00cdO - Nuria Mu\u00f1oz Aige","description":"Thriller rom\u00e1ntico que lleva la literatura juvenil a otro nivel.","robots":{"index":"index","follow":"follow","max-snippet":"max-snippet:-1","max-image-preview":"max-image-preview:large","max-video-preview":"max-video-preview:-1"},"canonical":"https:\/\/xn--nuriamuozaige-okb.es\/ca\/cronica-de-un-vacio\/","og_locale":"ca_ES","og_type":"article","og_title":"CR\u00d3NICA DE UN VAC\u00cdO - Nuria Mu\u00f1oz Aige","og_description":"Thriller rom\u00e1ntico que lleva la literatura juvenil a otro nivel.","og_url":"https:\/\/xn--nuriamuozaige-okb.es\/ca\/cronica-de-un-vacio\/","og_site_name":"Nuria Mu\u00f1oz Aige","article_modified_time":"2020-12-31T10:36:19+00:00","og_image":[{"url":"http:\/\/xn--nuriamuozaige-okb.es\/wp-content\/uploads\/2020\/12\/Cronica-de-un-vacio-1.jpg","type":"","width":"","height":""}],"twitter_card":"summary_large_image","twitter_misc":{"Temps estimat de lectura":"1 minut"},"schema":{"@context":"https:\/\/schema.org","@graph":[{"@type":"WebPage","@id":"https:\/\/xn--nuriamuozaige-okb.es\/cronica-de-un-vacio","url":"https:\/\/xn--nuriamuozaige-okb.es\/cronica-de-un-vacio","name":"CR\u00d3NICA DE UN VAC\u00cdO - Nuria Mu\u00f1oz Aige","isPartOf":{"@id":"https:\/\/xn--nuriamuozaige-okb.es\/#website"},"primaryImageOfPage":{"@id":"https:\/\/xn--nuriamuozaige-okb.es\/cronica-de-un-vacio#primaryimage"},"image":{"@id":"https:\/\/xn--nuriamuozaige-okb.es\/cronica-de-un-vacio#primaryimage"},"thumbnailUrl":"http:\/\/xn--nuriamuozaige-okb.es\/wp-content\/uploads\/2020\/12\/Cronica-de-un-vacio-1.jpg","datePublished":"2020-12-13T17:33:18+00:00","dateModified":"2020-12-31T10:36:19+00:00","description":"Thriller rom\u00e1ntico que lleva la literatura juvenil a otro nivel.","breadcrumb":{"@id":"https:\/\/xn--nuriamuozaige-okb.es\/cronica-de-un-vacio#breadcrumb"},"inLanguage":"ca","potentialAction":[{"@type":"ReadAction","target":["https:\/\/xn--nuriamuozaige-okb.es\/cronica-de-un-vacio"]}]},{"@type":"ImageObject","inLanguage":"ca","@id":"https:\/\/xn--nuriamuozaige-okb.es\/cronica-de-un-vacio#primaryimage","url":"http:\/\/xn--nuriamuozaige-okb.es\/wp-content\/uploads\/2020\/12\/Cronica-de-un-vacio-1.jpg","contentUrl":"http:\/\/xn--nuriamuozaige-okb.es\/wp-content\/uploads\/2020\/12\/Cronica-de-un-vacio-1.jpg"},{"@type":"BreadcrumbList","@id":"https:\/\/xn--nuriamuozaige-okb.es\/cronica-de-un-vacio#breadcrumb","itemListElement":[{"@type":"ListItem","position":1,"name":"Portada","item":"https:\/\/xn--nuriamuozaige-okb.es\/"},{"@type":"ListItem","position":2,"name":"CR\u00d3NICA DE UN VAC\u00cdO"}]},{"@type":"WebSite","@id":"https:\/\/xn--nuriamuozaige-okb.es\/#website","url":"https:\/\/xn--nuriamuozaige-okb.es\/","name":"Nuria Mu\u00f1oz Aige","description":"Nuria Mu\u00f1oz Aige - escritora","publisher":{"@id":"https:\/\/xn--nuriamuozaige-okb.es\/#\/schema\/person\/f8439b7fd6eaddd63cb7b97dbc7fa5f2"},"potentialAction":[{"@type":"SearchAction","target":{"@type":"EntryPoint","urlTemplate":"https:\/\/xn--nuriamuozaige-okb.es\/?s={search_term_string}"},"query-input":{"@type":"PropertyValueSpecification","valueRequired":true,"valueName":"search_term_string"}}],"inLanguage":"ca"},{"@type":["Person","Organization"],"@id":"https:\/\/xn--nuriamuozaige-okb.es\/#\/schema\/person\/f8439b7fd6eaddd63cb7b97dbc7fa5f2","name":"nurialolailo","image":{"@type":"ImageObject","inLanguage":"ca","@id":"https:\/\/xn--nuriamuozaige-okb.es\/#\/schema\/person\/image\/","url":"https:\/\/secure.gravatar.com\/avatar\/bbc033826fd4f319217c8be90d3f98b9?s=96&d=mm&r=g","contentUrl":"https:\/\/secure.gravatar.com\/avatar\/bbc033826fd4f319217c8be90d3f98b9?s=96&d=mm&r=g","caption":"nurialolailo"},"logo":{"@id":"https:\/\/xn--nuriamuozaige-okb.es\/#\/schema\/person\/image\/"},"sameAs":["http:\/\/xn--nuriamuozaige-okb.es"]}]}},"_links":{"self":[{"href":"https:\/\/xn--nuriamuozaige-okb.es\/ca\/wp-json\/wp\/v2\/pages\/3253","targetHints":{"allow":["GET"]}}],"collection":[{"href":"https:\/\/xn--nuriamuozaige-okb.es\/ca\/wp-json\/wp\/v2\/pages"}],"about":[{"href":"https:\/\/xn--nuriamuozaige-okb.es\/ca\/wp-json\/wp\/v2\/types\/page"}],"author":[{"embeddable":true,"href":"https:\/\/xn--nuriamuozaige-okb.es\/ca\/wp-json\/wp\/v2\/users\/1"}],"replies":[{"embeddable":true,"href":"https:\/\/xn--nuriamuozaige-okb.es\/ca\/wp-json\/wp\/v2\/comments?post=3253"}],"version-history":[{"count":72,"href":"https:\/\/xn--nuriamuozaige-okb.es\/ca\/wp-json\/wp\/v2\/pages\/3253\/revisions"}],"predecessor-version":[{"id":4206,"href":"https:\/\/xn--nuriamuozaige-okb.es\/ca\/wp-json\/wp\/v2\/pages\/3253\/revisions\/4206"}],"wp:attachment":[{"href":"https:\/\/xn--nuriamuozaige-okb.es\/ca\/wp-json\/wp\/v2\/media?parent=3253"}],"curies":[{"name":"wp","href":"https:\/\/api.w.org\/{rel}","templated":true}]}}