{"id":3262,"date":"2020-12-13T17:35:19","date_gmt":"2020-12-13T17:35:19","guid":{"rendered":"http:\/\/xn--nuriamuozaige-okb.es\/?page_id=3262"},"modified":"2025-01-12T13:05:28","modified_gmt":"2025-01-12T13:05:28","slug":"histories-de-babaus-enamorats-i-altres-especimens","status":"publish","type":"page","link":"https:\/\/xn--nuriamuozaige-okb.es\/ca\/histories-de-babaus-enamorats-i-altres-especimens","title":{"rendered":"HIST\u00d2RIES DE BABAUS, ENAMORATS I ALTRES ESP\u00c8CIMENS"},"content":{"rendered":"<div data-elementor-type=\"wp-page\" data-elementor-id=\"3262\" class=\"elementor elementor-3262\">\n\t\t\t\t\t\t<div class=\"elementor-section elementor-top-section elementor-element elementor-element-2fe19a3 elementor-section-boxed elementor-section-height-default elementor-section-height-default\" data-id=\"2fe19a3\" data-element_type=\"section\">\n\t\t\t\t\t\t<div class=\"elementor-container elementor-column-gap-default\">\n\t\t\t\t\t<div class=\"elementor-column elementor-col-100 elementor-top-column elementor-element elementor-element-547bf2e\" data-id=\"547bf2e\" data-element_type=\"column\">\n\t\t\t<div class=\"elementor-widget-wrap elementor-element-populated\">\n\t\t\t\t\t\t<div class=\"elementor-element elementor-element-8f1f953 elementor-widget elementor-widget-heading\" data-id=\"8f1f953\" data-element_type=\"widget\" data-widget_type=\"heading.default\">\n\t\t\t\t<div class=\"elementor-widget-container\">\n\t\t\t\t\t<h1 class=\"elementor-heading-title elementor-size-default\">HIST\u00d2RIES DE BABAUS, ENAMORATS I ALTRES ESP\u00c8CIMENS<\/h1>\t\t\t\t<\/div>\n\t\t\t\t<\/div>\n\t\t\t\t<div class=\"elementor-element elementor-element-feeaa92 elementor-widget elementor-widget-spacer\" data-id=\"feeaa92\" data-element_type=\"widget\" data-widget_type=\"spacer.default\">\n\t\t\t\t<div class=\"elementor-widget-container\">\n\t\t\t\t\t\t\t<div class=\"elementor-spacer\">\n\t\t\t<div class=\"elementor-spacer-inner\"><\/div>\n\t\t<\/div>\n\t\t\t\t\t\t<\/div>\n\t\t\t\t<\/div>\n\t\t\t\t\t<\/div>\n\t\t<\/div>\n\t\t\t\t\t<\/div>\n\t\t<\/div>\n\t\t\t\t<div class=\"elementor-section elementor-top-section elementor-element elementor-element-4fe9bbb elementor-section-boxed elementor-section-height-default elementor-section-height-default\" data-id=\"4fe9bbb\" data-element_type=\"section\">\n\t\t\t\t\t\t<div class=\"elementor-container elementor-column-gap-default\">\n\t\t\t\t\t<div class=\"elementor-column elementor-col-100 elementor-top-column elementor-element elementor-element-dc0f9e0\" data-id=\"dc0f9e0\" data-element_type=\"column\">\n\t\t\t<div class=\"elementor-widget-wrap elementor-element-populated\">\n\t\t\t\t\t\t<div class=\"elementor-section elementor-inner-section elementor-element elementor-element-45ede43 elementor-section-boxed elementor-section-height-default elementor-section-height-default\" data-id=\"45ede43\" data-element_type=\"section\">\n\t\t\t\t\t\t<div class=\"elementor-container elementor-column-gap-default\">\n\t\t\t\t\t<div class=\"elementor-column elementor-col-50 elementor-inner-column elementor-element elementor-element-3165410\" data-id=\"3165410\" data-element_type=\"column\">\n\t\t\t<div class=\"elementor-widget-wrap elementor-element-populated\">\n\t\t\t\t\t\t<div class=\"elementor-element elementor-element-d8de096 elementor-widget elementor-widget-image\" data-id=\"d8de096\" data-element_type=\"widget\" data-widget_type=\"image.default\">\n\t\t\t\t<div class=\"elementor-widget-container\">\n\t\t\t\t\t\t\t\t\t\t\t\t\t\t\t\t<a href=\"https:\/\/www.amazon.es\/Hist%C3%B2ries-babaus-enamorats-esp%C3%A8cimens-Catalan-ebook\/dp\/B00JQLB5DU\">\n\t\t\t\t\t\t\t<img fetchpriority=\"high\" decoding=\"async\" width=\"325\" height=\"500\" src=\"https:\/\/xn--nuriamuozaige-okb.es\/wp-content\/uploads\/2020\/12\/Histories-de-babaus.jpg\" class=\"attachment-large size-large wp-image-3264\" alt=\"\" \/>\t\t\t\t\t\t\t\t<\/a>\n\t\t\t\t\t\t\t\t\t\t\t\t\t\t\t<\/div>\n\t\t\t\t<\/div>\n\t\t\t\t\t<\/div>\n\t\t<\/div>\n\t\t\t\t<div class=\"elementor-column elementor-col-50 elementor-inner-column elementor-element elementor-element-f7a750a\" data-id=\"f7a750a\" data-element_type=\"column\">\n\t\t\t<div class=\"elementor-widget-wrap elementor-element-populated\">\n\t\t\t\t\t\t<div class=\"elementor-element elementor-element-d826d43 elementor-widget elementor-widget-text-editor\" data-id=\"d826d43\" data-element_type=\"widget\" data-widget_type=\"text-editor.default\">\n\t\t\t\t<div class=\"elementor-widget-container\">\n\t\t\t\t\t\t\t\t\t<p>Recull de relats breus que fan tombarelles al voltant de la ciutat de Lleida, mentre van flirtejant amb diferents etapes de la seva hist\u00f2ria, els seus edificis, carrers i gents. Aix\u00ed, ens veiem transportats a temps dels ilergetes, passant per la Ilerda dels romans, la Lleida medieval\u2026 i tamb\u00e9, com no podia ser d'una altra manera, pels moments m\u00e9s tr\u00e0gics de la Gerra Civil fins a arribar a la riuada del 82, a l'actualitat i, fins i tot, una mica m\u00e9s enll\u00e0.<\/p><p>\u00a0<\/p><p><strong>Llengua: catal\u00e0<\/strong><\/p><p><strong>Formats: tapa tova i digital.<\/strong><\/p>\t\t\t\t\t\t\t\t<\/div>\n\t\t\t\t<\/div>\n\t\t\t\t\t<\/div>\n\t\t<\/div>\n\t\t\t\t\t<\/div>\n\t\t<\/div>\n\t\t\t\t\t<\/div>\n\t\t<\/div>\n\t\t\t\t\t<\/div>\n\t\t<\/div>\n\t\t\t\t<div class=\"elementor-section elementor-top-section elementor-element elementor-element-e43ab67 elementor-section-boxed elementor-section-height-default elementor-section-height-default\" data-id=\"e43ab67\" data-element_type=\"section\">\n\t\t\t\t\t\t<div class=\"elementor-container elementor-column-gap-default\">\n\t\t\t\t\t<div class=\"elementor-column elementor-col-100 elementor-top-column elementor-element elementor-element-a941c01\" data-id=\"a941c01\" data-element_type=\"column\">\n\t\t\t<div class=\"elementor-widget-wrap elementor-element-populated\">\n\t\t\t\t\t\t<div class=\"elementor-element elementor-element-e4876c4 elementor-align-center elementor-widget elementor-widget-button\" data-id=\"e4876c4\" data-element_type=\"widget\" data-widget_type=\"button.default\">\n\t\t\t\t<div class=\"elementor-widget-container\">\n\t\t\t\t\t\t\t\t\t<div class=\"elementor-button-wrapper\">\n\t\t\t\t\t<a class=\"elementor-button elementor-button-link elementor-size-sm\" href=\"https:\/\/www.amazon.es\/Hist%C3%B2ries-babaus-enamorats-esp%C3%A8cimens-Catalan-ebook\/dp\/B00JQLB5DU\">\n\t\t\t\t\t\t<span class=\"elementor-button-content-wrapper\">\n\t\t\t\t\t\t\t\t\t<span class=\"elementor-button-text\">Veure a Amazon<\/span>\n\t\t\t\t\t<\/span>\n\t\t\t\t\t<\/a>\n\t\t\t\t<\/div>\n\t\t\t\t\t\t\t\t<\/div>\n\t\t\t\t<\/div>\n\t\t\t\t\t<\/div>\n\t\t<\/div>\n\t\t\t\t\t<\/div>\n\t\t<\/div>\n\t\t\t\t<\/div>","protected":false},"excerpt":{"rendered":"<p>HIST\u00d2RIES DE BABAUS, ENAMORATS I ALTRES ESP\u00c8CIMENS Conjunto de relatos breves que dan volteretas alrededor de la ciudad de Lleida, mientras van flirteando con diferentes etapas de su historia, sus edificios, calles y gentes. De este modo [&hellip;]<\/p>","protected":false},"author":1,"featured_media":0,"parent":0,"menu_order":0,"comment_status":"closed","ping_status":"closed","template":"","meta":{"footnotes":""},"class_list":["post-3262","page","type-page","status-publish","hentry"],"yoast_head":"<!-- This site is optimized with the Yoast SEO plugin v24.1 - https:\/\/yoast.com\/wordpress\/plugins\/seo\/ -->\n<title>HIST\u00d2RIES DE BABAUS, ENAMORATS I ALTRES ESP\u00c8CIMENS - Nuria Mu\u00f1oz Aige<\/title>\n<meta name=\"robots\" content=\"index, follow, max-snippet:-1, max-image-preview:large, max-video-preview:-1\" \/>\n<link rel=\"canonical\" href=\"https:\/\/xn--nuriamuozaige-okb.es\/ca\/histories-de-babaus-enamorats-i-altres-especimens\/\" \/>\n<meta property=\"og:locale\" content=\"ca_ES\" \/>\n<meta property=\"og:type\" content=\"article\" \/>\n<meta property=\"og:title\" content=\"HIST\u00d2RIES DE BABAUS, ENAMORATS I ALTRES ESP\u00c8CIMENS - Nuria Mu\u00f1oz Aige\" \/>\n<meta property=\"og:description\" content=\"HIST\u00d2RIES DE BABAUS, ENAMORATS I ALTRES ESP\u00c8CIMENS Conjunto de relatos breves que dan volteretas alrededor de la ciudad de Lleida, mientras van flirteando con diferentes etapas de su historia, sus edificios, calles y gentes. De este modo [&hellip;]\" \/>\n<meta property=\"og:url\" content=\"https:\/\/xn--nuriamuozaige-okb.es\/ca\/histories-de-babaus-enamorats-i-altres-especimens\/\" \/>\n<meta property=\"og:site_name\" content=\"Nuria Mu\u00f1oz Aige\" \/>\n<meta property=\"article:modified_time\" content=\"2025-01-12T13:05:28+00:00\" \/>\n<meta property=\"og:image\" content=\"https:\/\/xn--nuriamuozaige-okb.es\/wp-content\/uploads\/2020\/12\/Histories-de-babaus.jpg\" \/>\n\t<meta property=\"og:image:width\" content=\"325\" \/>\n\t<meta property=\"og:image:height\" content=\"500\" \/>\n\t<meta property=\"og:image:type\" content=\"image\/jpeg\" \/>\n<meta name=\"twitter:card\" content=\"summary_large_image\" \/>\n<meta name=\"twitter:label1\" content=\"Temps estimat de lectura\" \/>\n\t<meta name=\"twitter:data1\" content=\"1 minut\" \/>\n<script type=\"application\/ld+json\" class=\"yoast-schema-graph\">{\"@context\":\"https:\/\/schema.org\",\"@graph\":[{\"@type\":\"WebPage\",\"@id\":\"https:\/\/xn--nuriamuozaige-okb.es\/histories-de-babaus-enamorats-i-altres-especimens\",\"url\":\"https:\/\/xn--nuriamuozaige-okb.es\/histories-de-babaus-enamorats-i-altres-especimens\",\"name\":\"HIST\u00d2RIES DE BABAUS, ENAMORATS I ALTRES ESP\u00c8CIMENS - Nuria Mu\u00f1oz Aige\",\"isPartOf\":{\"@id\":\"https:\/\/xn--nuriamuozaige-okb.es\/#website\"},\"primaryImageOfPage\":{\"@id\":\"https:\/\/xn--nuriamuozaige-okb.es\/histories-de-babaus-enamorats-i-altres-especimens#primaryimage\"},\"image\":{\"@id\":\"https:\/\/xn--nuriamuozaige-okb.es\/histories-de-babaus-enamorats-i-altres-especimens#primaryimage\"},\"thumbnailUrl\":\"https:\/\/xn--nuriamuozaige-okb.es\/wp-content\/uploads\/2020\/12\/Histories-de-babaus.jpg\",\"datePublished\":\"2020-12-13T17:35:19+00:00\",\"dateModified\":\"2025-01-12T13:05:28+00:00\",\"breadcrumb\":{\"@id\":\"https:\/\/xn--nuriamuozaige-okb.es\/histories-de-babaus-enamorats-i-altres-especimens#breadcrumb\"},\"inLanguage\":\"ca\",\"potentialAction\":[{\"@type\":\"ReadAction\",\"target\":[\"https:\/\/xn--nuriamuozaige-okb.es\/histories-de-babaus-enamorats-i-altres-especimens\"]}]},{\"@type\":\"ImageObject\",\"inLanguage\":\"ca\",\"@id\":\"https:\/\/xn--nuriamuozaige-okb.es\/histories-de-babaus-enamorats-i-altres-especimens#primaryimage\",\"url\":\"https:\/\/xn--nuriamuozaige-okb.es\/wp-content\/uploads\/2020\/12\/Histories-de-babaus.jpg\",\"contentUrl\":\"https:\/\/xn--nuriamuozaige-okb.es\/wp-content\/uploads\/2020\/12\/Histories-de-babaus.jpg\"},{\"@type\":\"BreadcrumbList\",\"@id\":\"https:\/\/xn--nuriamuozaige-okb.es\/histories-de-babaus-enamorats-i-altres-especimens#breadcrumb\",\"itemListElement\":[{\"@type\":\"ListItem\",\"position\":1,\"name\":\"Portada\",\"item\":\"https:\/\/xn--nuriamuozaige-okb.es\/\"},{\"@type\":\"ListItem\",\"position\":2,\"name\":\"HIST\u00d2RIES DE BABAUS, ENAMORATS I ALTRES ESP\u00c8CIMENS\"}]},{\"@type\":\"WebSite\",\"@id\":\"https:\/\/xn--nuriamuozaige-okb.es\/#website\",\"url\":\"https:\/\/xn--nuriamuozaige-okb.es\/\",\"name\":\"Nuria Mu\u00f1oz Aige\",\"description\":\"Nuria Mu\u00f1oz Aige - escritora\",\"publisher\":{\"@id\":\"https:\/\/xn--nuriamuozaige-okb.es\/#\/schema\/person\/f8439b7fd6eaddd63cb7b97dbc7fa5f2\"},\"potentialAction\":[{\"@type\":\"SearchAction\",\"target\":{\"@type\":\"EntryPoint\",\"urlTemplate\":\"https:\/\/xn--nuriamuozaige-okb.es\/?s={search_term_string}\"},\"query-input\":{\"@type\":\"PropertyValueSpecification\",\"valueRequired\":true,\"valueName\":\"search_term_string\"}}],\"inLanguage\":\"ca\"},{\"@type\":[\"Person\",\"Organization\"],\"@id\":\"https:\/\/xn--nuriamuozaige-okb.es\/#\/schema\/person\/f8439b7fd6eaddd63cb7b97dbc7fa5f2\",\"name\":\"nurialolailo\",\"image\":{\"@type\":\"ImageObject\",\"inLanguage\":\"ca\",\"@id\":\"https:\/\/xn--nuriamuozaige-okb.es\/#\/schema\/person\/image\/\",\"url\":\"https:\/\/secure.gravatar.com\/avatar\/bbc033826fd4f319217c8be90d3f98b9?s=96&d=mm&r=g\",\"contentUrl\":\"https:\/\/secure.gravatar.com\/avatar\/bbc033826fd4f319217c8be90d3f98b9?s=96&d=mm&r=g\",\"caption\":\"nurialolailo\"},\"logo\":{\"@id\":\"https:\/\/xn--nuriamuozaige-okb.es\/#\/schema\/person\/image\/\"},\"sameAs\":[\"http:\/\/xn--nuriamuozaige-okb.es\"]}]}<\/script>\n<!-- \/ Yoast SEO plugin. -->","yoast_head_json":{"title":"HIST\u00d2RIES DE BABAUS, ENAMORATS I ALTRES ESP\u00c8CIMENS - Nuria Mu\u00f1oz Aige","robots":{"index":"index","follow":"follow","max-snippet":"max-snippet:-1","max-image-preview":"max-image-preview:large","max-video-preview":"max-video-preview:-1"},"canonical":"https:\/\/xn--nuriamuozaige-okb.es\/ca\/histories-de-babaus-enamorats-i-altres-especimens\/","og_locale":"ca_ES","og_type":"article","og_title":"HIST\u00d2RIES DE BABAUS, ENAMORATS I ALTRES ESP\u00c8CIMENS - Nuria Mu\u00f1oz Aige","og_description":"HIST\u00d2RIES DE BABAUS, ENAMORATS I ALTRES ESP\u00c8CIMENS Conjunto de relatos breves que dan volteretas alrededor de la ciudad de Lleida, mientras van flirteando con diferentes etapas de su historia, sus edificios, calles y gentes. De este modo [&hellip;]","og_url":"https:\/\/xn--nuriamuozaige-okb.es\/ca\/histories-de-babaus-enamorats-i-altres-especimens\/","og_site_name":"Nuria Mu\u00f1oz Aige","article_modified_time":"2025-01-12T13:05:28+00:00","og_image":[{"width":325,"height":500,"url":"https:\/\/xn--nuriamuozaige-okb.es\/wp-content\/uploads\/2020\/12\/Histories-de-babaus.jpg","type":"image\/jpeg"}],"twitter_card":"summary_large_image","twitter_misc":{"Temps estimat de lectura":"1 minut"},"schema":{"@context":"https:\/\/schema.org","@graph":[{"@type":"WebPage","@id":"https:\/\/xn--nuriamuozaige-okb.es\/histories-de-babaus-enamorats-i-altres-especimens","url":"https:\/\/xn--nuriamuozaige-okb.es\/histories-de-babaus-enamorats-i-altres-especimens","name":"HIST\u00d2RIES DE BABAUS, ENAMORATS I ALTRES ESP\u00c8CIMENS - Nuria Mu\u00f1oz Aige","isPartOf":{"@id":"https:\/\/xn--nuriamuozaige-okb.es\/#website"},"primaryImageOfPage":{"@id":"https:\/\/xn--nuriamuozaige-okb.es\/histories-de-babaus-enamorats-i-altres-especimens#primaryimage"},"image":{"@id":"https:\/\/xn--nuriamuozaige-okb.es\/histories-de-babaus-enamorats-i-altres-especimens#primaryimage"},"thumbnailUrl":"https:\/\/xn--nuriamuozaige-okb.es\/wp-content\/uploads\/2020\/12\/Histories-de-babaus.jpg","datePublished":"2020-12-13T17:35:19+00:00","dateModified":"2025-01-12T13:05:28+00:00","breadcrumb":{"@id":"https:\/\/xn--nuriamuozaige-okb.es\/histories-de-babaus-enamorats-i-altres-especimens#breadcrumb"},"inLanguage":"ca","potentialAction":[{"@type":"ReadAction","target":["https:\/\/xn--nuriamuozaige-okb.es\/histories-de-babaus-enamorats-i-altres-especimens"]}]},{"@type":"ImageObject","inLanguage":"ca","@id":"https:\/\/xn--nuriamuozaige-okb.es\/histories-de-babaus-enamorats-i-altres-especimens#primaryimage","url":"https:\/\/xn--nuriamuozaige-okb.es\/wp-content\/uploads\/2020\/12\/Histories-de-babaus.jpg","contentUrl":"https:\/\/xn--nuriamuozaige-okb.es\/wp-content\/uploads\/2020\/12\/Histories-de-babaus.jpg"},{"@type":"BreadcrumbList","@id":"https:\/\/xn--nuriamuozaige-okb.es\/histories-de-babaus-enamorats-i-altres-especimens#breadcrumb","itemListElement":[{"@type":"ListItem","position":1,"name":"Portada","item":"https:\/\/xn--nuriamuozaige-okb.es\/"},{"@type":"ListItem","position":2,"name":"HIST\u00d2RIES DE BABAUS, ENAMORATS I ALTRES ESP\u00c8CIMENS"}]},{"@type":"WebSite","@id":"https:\/\/xn--nuriamuozaige-okb.es\/#website","url":"https:\/\/xn--nuriamuozaige-okb.es\/","name":"Nuria Mu\u00f1oz Aige","description":"Nuria Mu\u00f1oz Aige - escritora","publisher":{"@id":"https:\/\/xn--nuriamuozaige-okb.es\/#\/schema\/person\/f8439b7fd6eaddd63cb7b97dbc7fa5f2"},"potentialAction":[{"@type":"SearchAction","target":{"@type":"EntryPoint","urlTemplate":"https:\/\/xn--nuriamuozaige-okb.es\/?s={search_term_string}"},"query-input":{"@type":"PropertyValueSpecification","valueRequired":true,"valueName":"search_term_string"}}],"inLanguage":"ca"},{"@type":["Person","Organization"],"@id":"https:\/\/xn--nuriamuozaige-okb.es\/#\/schema\/person\/f8439b7fd6eaddd63cb7b97dbc7fa5f2","name":"nurialolailo","image":{"@type":"ImageObject","inLanguage":"ca","@id":"https:\/\/xn--nuriamuozaige-okb.es\/#\/schema\/person\/image\/","url":"https:\/\/secure.gravatar.com\/avatar\/bbc033826fd4f319217c8be90d3f98b9?s=96&d=mm&r=g","contentUrl":"https:\/\/secure.gravatar.com\/avatar\/bbc033826fd4f319217c8be90d3f98b9?s=96&d=mm&r=g","caption":"nurialolailo"},"logo":{"@id":"https:\/\/xn--nuriamuozaige-okb.es\/#\/schema\/person\/image\/"},"sameAs":["http:\/\/xn--nuriamuozaige-okb.es"]}]}},"_links":{"self":[{"href":"https:\/\/xn--nuriamuozaige-okb.es\/ca\/wp-json\/wp\/v2\/pages\/3262","targetHints":{"allow":["GET"]}}],"collection":[{"href":"https:\/\/xn--nuriamuozaige-okb.es\/ca\/wp-json\/wp\/v2\/pages"}],"about":[{"href":"https:\/\/xn--nuriamuozaige-okb.es\/ca\/wp-json\/wp\/v2\/types\/page"}],"author":[{"embeddable":true,"href":"https:\/\/xn--nuriamuozaige-okb.es\/ca\/wp-json\/wp\/v2\/users\/1"}],"replies":[{"embeddable":true,"href":"https:\/\/xn--nuriamuozaige-okb.es\/ca\/wp-json\/wp\/v2\/comments?post=3262"}],"version-history":[{"count":48,"href":"https:\/\/xn--nuriamuozaige-okb.es\/ca\/wp-json\/wp\/v2\/pages\/3262\/revisions"}],"predecessor-version":[{"id":4831,"href":"https:\/\/xn--nuriamuozaige-okb.es\/ca\/wp-json\/wp\/v2\/pages\/3262\/revisions\/4831"}],"wp:attachment":[{"href":"https:\/\/xn--nuriamuozaige-okb.es\/ca\/wp-json\/wp\/v2\/media?parent=3262"}],"curies":[{"name":"wp","href":"https:\/\/api.w.org\/{rel}","templated":true}]}}