{"id":3941,"date":"2020-12-14T09:11:39","date_gmt":"2020-12-14T09:11:39","guid":{"rendered":"http:\/\/xn--nuriamuozaige-okb.es\/?page_id=3941"},"modified":"2021-01-30T11:06:45","modified_gmt":"2021-01-30T11:06:45","slug":"politica-de-cookies","status":"publish","type":"page","link":"https:\/\/xn--nuriamuozaige-okb.es\/ca\/politica-de-cookies","title":{"rendered":"Pol\u00edtica de cookies"},"content":{"rendered":"<div data-elementor-type=\"wp-page\" data-elementor-id=\"3941\" class=\"elementor elementor-3941\">\n\t\t\t\t\t\t<div class=\"elementor-section elementor-top-section elementor-element elementor-element-b47ff92 elementor-section-boxed elementor-section-height-default elementor-section-height-default\" data-id=\"b47ff92\" data-element_type=\"section\">\n\t\t\t\t\t\t<div class=\"elementor-container elementor-column-gap-default\">\n\t\t\t\t\t<div class=\"elementor-column elementor-col-100 elementor-top-column elementor-element elementor-element-4c61127\" data-id=\"4c61127\" data-element_type=\"column\">\n\t\t\t<div class=\"elementor-widget-wrap elementor-element-populated\">\n\t\t\t\t\t\t<div class=\"elementor-element elementor-element-559b28c elementor-widget elementor-widget-text-editor\" data-id=\"559b28c\" data-element_type=\"widget\" data-widget_type=\"text-editor.default\">\n\t\t\t\t<div class=\"elementor-widget-container\">\n\t\t\t\t\t\t\t\t\t<p>En cumplimiento con lo dispuesto en el art\u00edculo 22.2 de la Ley 34\/2002, de 11 de julio, de Servicios de la Sociedad de la Informaci\u00f3n y de Comercio Electr\u00f3nico, esta p\u00e1gina web le informa, en esta secci\u00f3n, sobre la pol\u00edtica de recogida y tratamiento de cookies.<\/p><h2>\u00bfQU\u00c9 SON LAS COOKIES?<\/h2><p>Una cookie es un fichero que se descarga en su ordenador al acceder a determinadas p\u00e1ginas web. Las cookies permiten a una p\u00e1gina web, entre otras cosas, almacenar y recuperar informaci\u00f3n sobre los h\u00e1bitos de navegaci\u00f3n de un usuario o de su equipo y, dependiendo de la informaci\u00f3n que contengan y de la forma en que utilice su equipo, pueden utilizarse para reconocer al usuario.<\/p><h2>\u00bfQU\u00c9 TIPOS DE COOKIES UTILIZA ESTA P\u00c1GINA WEB?<\/h2><p>Cookies de an\u00e1lisis \u2013 Son aqu\u00e9llas que bien tratadas por nosotros o por terceros, nos permiten cuantificar el n\u00famero de usuarios y as\u00ed realizar la medici\u00f3n y an\u00e1lisis estad\u00edstico de la utilizaci\u00f3n que hacen los usuarios del servicio ofertado. Para ello se analiza su navegaci\u00f3n en nuestra p\u00e1gina web con el fin de mejorar la oferta de productos o servicios que le ofrecemos.<\/p><p>Cookies publicitarias \u2013 Son aqu\u00e9llas que, bien tratadas por nosotros o por terceros, nos permiten gestionar de la forma m\u00e1s eficaz posible la oferta de los espacios publicitarios que hay en la p\u00e1gina web, adecuando el contenido del anuncio al contenido del servicio solicitado o al uso que realice de nuestra p\u00e1gina web. Para ello podemos analizar sus h\u00e1bitos de navegaci\u00f3n en Internet y podemos mostrarle publicidad relacionada con su perfil de navegaci\u00f3n.<\/p><h2>C\u00d3MO DESACTIVAR LAS COOKIES<\/h2><p>Puede usted permitir, bloquear o eliminar las cookies instaladas en su equipo mediante la configuraci\u00f3n de las opciones del navegador instalado en su ordenador.<\/p><p>A continuaci\u00f3n puede acceder a la configuraci\u00f3n de los navegadores webs m\u00e1s frecuentes para aceptar, instalar o desactivar las cookies:<\/p><p><a href=\"http:\/\/support.mozilla.org\/es\/kb\/habilitar-y-deshabilitar-cookies-que-los-sitios-we\">Firefox<\/a><\/p><p><a href=\"http:\/\/support.apple.com\/kb\/HT1677?viewlocale=es_ES\">Safari<\/a><\/p><p><a href=\"https:\/\/support.google.com\/chrome\/answer\/95647?hl=es\">Google Chrome<\/a><\/p><h2>COOKIES DE TERCEROS<\/h2><p>Esta p\u00e1gina web utiliza servicios de terceros para recopilar informaci\u00f3n con fines estad\u00edsticos y de uso de la web.<\/p>\t\t\t\t\t\t\t\t<\/div>\n\t\t\t\t<\/div>\n\t\t\t\t\t<\/div>\n\t\t<\/div>\n\t\t\t\t\t<\/div>\n\t\t<\/div>\n\t\t\t\t<\/div>","protected":false},"excerpt":{"rendered":"<p>En cumplimiento con lo dispuesto en el art\u00edculo 22.2 de la Ley 34\/2002, de 11 de julio, de Servicios de la Sociedad de la Informaci\u00f3n y de Comercio Electr\u00f3nico, esta p\u00e1gina web le informa, en esta secci\u00f3n, [&hellip;]<\/p>","protected":false},"author":1,"featured_media":0,"parent":0,"menu_order":0,"comment_status":"closed","ping_status":"closed","template":"","meta":{"footnotes":""},"class_list":["post-3941","page","type-page","status-publish","hentry"],"yoast_head":"<!-- This site is optimized with the Yoast SEO plugin v24.1 - https:\/\/yoast.com\/wordpress\/plugins\/seo\/ -->\n<title>Pol\u00edtica de cookies - Nuria Mu\u00f1oz Aige<\/title>\n<meta name=\"robots\" content=\"index, follow, max-snippet:-1, max-image-preview:large, max-video-preview:-1\" \/>\n<link rel=\"canonical\" href=\"https:\/\/xn--nuriamuozaige-okb.es\/ca\/politica-de-cookies\/\" \/>\n<meta property=\"og:locale\" content=\"ca_ES\" \/>\n<meta property=\"og:type\" content=\"article\" \/>\n<meta property=\"og:title\" content=\"Pol\u00edtica de cookies - Nuria Mu\u00f1oz Aige\" \/>\n<meta property=\"og:description\" content=\"En cumplimiento con lo dispuesto en el art\u00edculo 22.2 de la Ley 34\/2002, de 11 de julio, de Servicios de la Sociedad de la Informaci\u00f3n y de Comercio Electr\u00f3nico, esta p\u00e1gina web le informa, en esta secci\u00f3n, [&hellip;]\" \/>\n<meta property=\"og:url\" content=\"https:\/\/xn--nuriamuozaige-okb.es\/ca\/politica-de-cookies\/\" \/>\n<meta property=\"og:site_name\" content=\"Nuria Mu\u00f1oz Aige\" \/>\n<meta property=\"article:modified_time\" content=\"2021-01-30T11:06:45+00:00\" \/>\n<meta name=\"twitter:card\" content=\"summary_large_image\" \/>\n<meta name=\"twitter:label1\" content=\"Temps estimat de lectura\" \/>\n\t<meta name=\"twitter:data1\" content=\"2 minuts\" \/>\n<script type=\"application\/ld+json\" class=\"yoast-schema-graph\">{\"@context\":\"https:\/\/schema.org\",\"@graph\":[{\"@type\":\"WebPage\",\"@id\":\"https:\/\/xn--nuriamuozaige-okb.es\/politica-de-cookies\",\"url\":\"https:\/\/xn--nuriamuozaige-okb.es\/politica-de-cookies\",\"name\":\"Pol\u00edtica de cookies - Nuria Mu\u00f1oz Aige\",\"isPartOf\":{\"@id\":\"https:\/\/xn--nuriamuozaige-okb.es\/#website\"},\"datePublished\":\"2020-12-14T09:11:39+00:00\",\"dateModified\":\"2021-01-30T11:06:45+00:00\",\"breadcrumb\":{\"@id\":\"https:\/\/xn--nuriamuozaige-okb.es\/politica-de-cookies#breadcrumb\"},\"inLanguage\":\"ca\",\"potentialAction\":[{\"@type\":\"ReadAction\",\"target\":[\"https:\/\/xn--nuriamuozaige-okb.es\/politica-de-cookies\"]}]},{\"@type\":\"BreadcrumbList\",\"@id\":\"https:\/\/xn--nuriamuozaige-okb.es\/politica-de-cookies#breadcrumb\",\"itemListElement\":[{\"@type\":\"ListItem\",\"position\":1,\"name\":\"Portada\",\"item\":\"https:\/\/xn--nuriamuozaige-okb.es\/\"},{\"@type\":\"ListItem\",\"position\":2,\"name\":\"Pol\u00edtica de cookies\"}]},{\"@type\":\"WebSite\",\"@id\":\"https:\/\/xn--nuriamuozaige-okb.es\/#website\",\"url\":\"https:\/\/xn--nuriamuozaige-okb.es\/\",\"name\":\"Nuria Mu\u00f1oz Aige\",\"description\":\"Nuria Mu\u00f1oz Aige - escritora\",\"publisher\":{\"@id\":\"https:\/\/xn--nuriamuozaige-okb.es\/#\/schema\/person\/f8439b7fd6eaddd63cb7b97dbc7fa5f2\"},\"potentialAction\":[{\"@type\":\"SearchAction\",\"target\":{\"@type\":\"EntryPoint\",\"urlTemplate\":\"https:\/\/xn--nuriamuozaige-okb.es\/?s={search_term_string}\"},\"query-input\":{\"@type\":\"PropertyValueSpecification\",\"valueRequired\":true,\"valueName\":\"search_term_string\"}}],\"inLanguage\":\"ca\"},{\"@type\":[\"Person\",\"Organization\"],\"@id\":\"https:\/\/xn--nuriamuozaige-okb.es\/#\/schema\/person\/f8439b7fd6eaddd63cb7b97dbc7fa5f2\",\"name\":\"nurialolailo\",\"image\":{\"@type\":\"ImageObject\",\"inLanguage\":\"ca\",\"@id\":\"https:\/\/xn--nuriamuozaige-okb.es\/#\/schema\/person\/image\/\",\"url\":\"https:\/\/secure.gravatar.com\/avatar\/bbc033826fd4f319217c8be90d3f98b9?s=96&d=mm&r=g\",\"contentUrl\":\"https:\/\/secure.gravatar.com\/avatar\/bbc033826fd4f319217c8be90d3f98b9?s=96&d=mm&r=g\",\"caption\":\"nurialolailo\"},\"logo\":{\"@id\":\"https:\/\/xn--nuriamuozaige-okb.es\/#\/schema\/person\/image\/\"},\"sameAs\":[\"http:\/\/xn--nuriamuozaige-okb.es\"]}]}<\/script>\n<!-- \/ Yoast SEO plugin. -->","yoast_head_json":{"title":"Pol\u00edtica de cookies - Nuria Mu\u00f1oz Aige","robots":{"index":"index","follow":"follow","max-snippet":"max-snippet:-1","max-image-preview":"max-image-preview:large","max-video-preview":"max-video-preview:-1"},"canonical":"https:\/\/xn--nuriamuozaige-okb.es\/ca\/politica-de-cookies\/","og_locale":"ca_ES","og_type":"article","og_title":"Pol\u00edtica de cookies - Nuria Mu\u00f1oz Aige","og_description":"En cumplimiento con lo dispuesto en el art\u00edculo 22.2 de la Ley 34\/2002, de 11 de julio, de Servicios de la Sociedad de la Informaci\u00f3n y de Comercio Electr\u00f3nico, esta p\u00e1gina web le informa, en esta secci\u00f3n, [&hellip;]","og_url":"https:\/\/xn--nuriamuozaige-okb.es\/ca\/politica-de-cookies\/","og_site_name":"Nuria Mu\u00f1oz Aige","article_modified_time":"2021-01-30T11:06:45+00:00","twitter_card":"summary_large_image","twitter_misc":{"Temps estimat de lectura":"2 minuts"},"schema":{"@context":"https:\/\/schema.org","@graph":[{"@type":"WebPage","@id":"https:\/\/xn--nuriamuozaige-okb.es\/politica-de-cookies","url":"https:\/\/xn--nuriamuozaige-okb.es\/politica-de-cookies","name":"Pol\u00edtica de cookies - Nuria Mu\u00f1oz Aige","isPartOf":{"@id":"https:\/\/xn--nuriamuozaige-okb.es\/#website"},"datePublished":"2020-12-14T09:11:39+00:00","dateModified":"2021-01-30T11:06:45+00:00","breadcrumb":{"@id":"https:\/\/xn--nuriamuozaige-okb.es\/politica-de-cookies#breadcrumb"},"inLanguage":"ca","potentialAction":[{"@type":"ReadAction","target":["https:\/\/xn--nuriamuozaige-okb.es\/politica-de-cookies"]}]},{"@type":"BreadcrumbList","@id":"https:\/\/xn--nuriamuozaige-okb.es\/politica-de-cookies#breadcrumb","itemListElement":[{"@type":"ListItem","position":1,"name":"Portada","item":"https:\/\/xn--nuriamuozaige-okb.es\/"},{"@type":"ListItem","position":2,"name":"Pol\u00edtica de cookies"}]},{"@type":"WebSite","@id":"https:\/\/xn--nuriamuozaige-okb.es\/#website","url":"https:\/\/xn--nuriamuozaige-okb.es\/","name":"Nuria Mu\u00f1oz Aige","description":"Nuria Mu\u00f1oz Aige - escritora","publisher":{"@id":"https:\/\/xn--nuriamuozaige-okb.es\/#\/schema\/person\/f8439b7fd6eaddd63cb7b97dbc7fa5f2"},"potentialAction":[{"@type":"SearchAction","target":{"@type":"EntryPoint","urlTemplate":"https:\/\/xn--nuriamuozaige-okb.es\/?s={search_term_string}"},"query-input":{"@type":"PropertyValueSpecification","valueRequired":true,"valueName":"search_term_string"}}],"inLanguage":"ca"},{"@type":["Person","Organization"],"@id":"https:\/\/xn--nuriamuozaige-okb.es\/#\/schema\/person\/f8439b7fd6eaddd63cb7b97dbc7fa5f2","name":"nurialolailo","image":{"@type":"ImageObject","inLanguage":"ca","@id":"https:\/\/xn--nuriamuozaige-okb.es\/#\/schema\/person\/image\/","url":"https:\/\/secure.gravatar.com\/avatar\/bbc033826fd4f319217c8be90d3f98b9?s=96&d=mm&r=g","contentUrl":"https:\/\/secure.gravatar.com\/avatar\/bbc033826fd4f319217c8be90d3f98b9?s=96&d=mm&r=g","caption":"nurialolailo"},"logo":{"@id":"https:\/\/xn--nuriamuozaige-okb.es\/#\/schema\/person\/image\/"},"sameAs":["http:\/\/xn--nuriamuozaige-okb.es"]}]}},"_links":{"self":[{"href":"https:\/\/xn--nuriamuozaige-okb.es\/ca\/wp-json\/wp\/v2\/pages\/3941","targetHints":{"allow":["GET"]}}],"collection":[{"href":"https:\/\/xn--nuriamuozaige-okb.es\/ca\/wp-json\/wp\/v2\/pages"}],"about":[{"href":"https:\/\/xn--nuriamuozaige-okb.es\/ca\/wp-json\/wp\/v2\/types\/page"}],"author":[{"embeddable":true,"href":"https:\/\/xn--nuriamuozaige-okb.es\/ca\/wp-json\/wp\/v2\/users\/1"}],"replies":[{"embeddable":true,"href":"https:\/\/xn--nuriamuozaige-okb.es\/ca\/wp-json\/wp\/v2\/comments?post=3941"}],"version-history":[{"count":11,"href":"https:\/\/xn--nuriamuozaige-okb.es\/ca\/wp-json\/wp\/v2\/pages\/3941\/revisions"}],"predecessor-version":[{"id":4231,"href":"https:\/\/xn--nuriamuozaige-okb.es\/ca\/wp-json\/wp\/v2\/pages\/3941\/revisions\/4231"}],"wp:attachment":[{"href":"https:\/\/xn--nuriamuozaige-okb.es\/ca\/wp-json\/wp\/v2\/media?parent=3941"}],"curies":[{"name":"wp","href":"https:\/\/api.w.org\/{rel}","templated":true}]}}