{"id":4653,"date":"2023-01-17T13:57:15","date_gmt":"2023-01-17T13:57:15","guid":{"rendered":"https:\/\/xn--nuriamuozaige-okb.es\/?page_id=4653"},"modified":"2023-01-17T17:39:12","modified_gmt":"2023-01-17T17:39:12","slug":"puta-y-rojilla","status":"publish","type":"page","link":"https:\/\/xn--nuriamuozaige-okb.es\/ca\/puta-y-rojilla","title":{"rendered":""},"content":{"rendered":"<div data-elementor-type=\"wp-page\" data-elementor-id=\"4653\" class=\"elementor elementor-4653\">\n\t\t\t\t\t\t<div class=\"elementor-section elementor-top-section elementor-element elementor-element-a46c171 elementor-section-boxed elementor-section-height-default elementor-section-height-default\" data-id=\"a46c171\" data-element_type=\"section\">\n\t\t\t\t\t\t<div class=\"elementor-container elementor-column-gap-no\">\n\t\t\t\t\t<div class=\"elementor-column elementor-col-100 elementor-top-column elementor-element elementor-element-cf018c1\" data-id=\"cf018c1\" data-element_type=\"column\">\n\t\t\t<div class=\"elementor-widget-wrap elementor-element-populated\">\n\t\t\t\t\t\t<div class=\"elementor-element elementor-element-5b21062 elementor-widget elementor-widget-heading\" data-id=\"5b21062\" data-element_type=\"widget\" data-widget_type=\"heading.default\">\n\t\t\t\t<div class=\"elementor-widget-container\">\n\t\t\t\t\t<h2 class=\"elementor-heading-title elementor-size-default\">PUTA I REPUBLICANA<\/h2>\t\t\t\t<\/div>\n\t\t\t\t<\/div>\n\t\t\t\t<div class=\"elementor-element elementor-element-119fe76 elementor-widget elementor-widget-spacer\" data-id=\"119fe76\" data-element_type=\"widget\" data-widget_type=\"spacer.default\">\n\t\t\t\t<div class=\"elementor-widget-container\">\n\t\t\t\t\t\t\t<div class=\"elementor-spacer\">\n\t\t\t<div class=\"elementor-spacer-inner\"><\/div>\n\t\t<\/div>\n\t\t\t\t\t\t<\/div>\n\t\t\t\t<\/div>\n\t\t\t\t<div class=\"elementor-section elementor-inner-section elementor-element elementor-element-6f25140 elementor-section-boxed elementor-section-height-default elementor-section-height-default\" data-id=\"6f25140\" data-element_type=\"section\">\n\t\t\t\t\t\t<div class=\"elementor-container elementor-column-gap-default\">\n\t\t\t\t\t<div class=\"elementor-column elementor-col-50 elementor-inner-column elementor-element elementor-element-912d9e6\" data-id=\"912d9e6\" data-element_type=\"column\">\n\t\t\t<div class=\"elementor-widget-wrap elementor-element-populated\">\n\t\t\t\t\t\t<div class=\"elementor-element elementor-element-9171b8d elementor-widget elementor-widget-image\" data-id=\"9171b8d\" data-element_type=\"widget\" data-widget_type=\"image.default\">\n\t\t\t\t<div class=\"elementor-widget-container\">\n\t\t\t\t\t\t\t\t\t\t\t\t\t\t\t\t<a href=\"https:\/\/www.amazon.es\/SAGA-MANDR%C3%81GORA-Nuria-Mu%C3%B1oz-Aige-ebook\/dp\/B00HFETC8U\">\n\t\t\t\t\t\t\t<img fetchpriority=\"high\" decoding=\"async\" width=\"477\" height=\"683\" src=\"https:\/\/xn--nuriamuozaige-okb.es\/wp-content\/uploads\/2025\/01\/PORTADA-2-PUTA-Y-ROJILLA-V3.docx_pages-to-jpg-0001.jpg\" class=\"attachment-medium_large size-medium_large wp-image-4642\" alt=\"\" \/>\t\t\t\t\t\t\t\t<\/a>\n\t\t\t\t\t\t\t\t\t\t\t\t\t\t\t<\/div>\n\t\t\t\t<\/div>\n\t\t\t\t\t<\/div>\n\t\t<\/div>\n\t\t\t\t<div class=\"elementor-column elementor-col-50 elementor-inner-column elementor-element elementor-element-f49167e\" data-id=\"f49167e\" data-element_type=\"column\">\n\t\t\t<div class=\"elementor-widget-wrap elementor-element-populated\">\n\t\t\t\t\t\t<div class=\"elementor-element elementor-element-d65418b elementor-widget elementor-widget-spacer\" data-id=\"d65418b\" data-element_type=\"widget\" data-widget_type=\"spacer.default\">\n\t\t\t\t<div class=\"elementor-widget-container\">\n\t\t\t\t\t\t\t<div class=\"elementor-spacer\">\n\t\t\t<div class=\"elementor-spacer-inner\"><\/div>\n\t\t<\/div>\n\t\t\t\t\t\t<\/div>\n\t\t\t\t<\/div>\n\t\t\t\t<div class=\"elementor-element elementor-element-8e0c1f0 elementor-widget elementor-widget-text-editor\" data-id=\"8e0c1f0\" data-element_type=\"widget\" data-widget_type=\"text-editor.default\">\n\t\t\t\t<div class=\"elementor-widget-container\">\n\t\t\t\t\t\t\t\t\t<p>Lleida, 1937. Un simple fet ef\u00edmer i fortu\u00eft provoca que, per aL Nito, un nen d'onze anys, es volatilitzi a l'instant la innoc\u00e8ncia que encara conservava. Mentre el seu m\u00f3n explota en mil bocins i el seu pa\u00eds es parteix en dos, acaba descobrint que l'odi \u00e9s la for\u00e7a vital m\u00e9s intensa que existeix.<\/p><p>A partir de llavors, la seva vida i la dels diferents personatges s'aniran entrella\u00e7ant entre Lleida, Fran\u00e7a i Navarra, fins a arribar a l'any 1975. Hist\u00f2ries pendents, superviv\u00e8ncia, feministes sense saber-ho, vencedors i ven\u00e7uts, prostitutes i tamb\u00e9 dones d'amors censurats en temps impossibles.<\/p><p>All\u00f2 que mai t'han explicat sobre els anys en blanc i negre; la combinaci\u00f3 perfecta per a arribar-te molt endins en un relat que t'anir\u00e0 calant com la pluja fina.<\/p><p><strong>Formats: tapa tova i digital.<\/strong><\/p>\t\t\t\t\t\t\t\t<\/div>\n\t\t\t\t<\/div>\n\t\t\t\t\t<\/div>\n\t\t<\/div>\n\t\t\t\t\t<\/div>\n\t\t<\/div>\n\t\t\t\t\t<\/div>\n\t\t<\/div>\n\t\t\t\t\t<\/div>\n\t\t<\/div>\n\t\t\t\t<div class=\"elementor-section elementor-top-section elementor-element elementor-element-f7884df elementor-section-boxed elementor-section-height-default elementor-section-height-default\" data-id=\"f7884df\" data-element_type=\"section\">\n\t\t\t\t\t\t<div class=\"elementor-container elementor-column-gap-default\">\n\t\t\t\t\t<div class=\"elementor-column elementor-col-100 elementor-top-column elementor-element elementor-element-9438a30\" data-id=\"9438a30\" data-element_type=\"column\">\n\t\t\t<div class=\"elementor-widget-wrap elementor-element-populated\">\n\t\t\t\t\t\t<div class=\"elementor-element elementor-element-31359aa elementor-align-center elementor-widget elementor-widget-button\" data-id=\"31359aa\" data-element_type=\"widget\" data-widget_type=\"button.default\">\n\t\t\t\t<div class=\"elementor-widget-container\">\n\t\t\t\t\t\t\t\t\t<div class=\"elementor-button-wrapper\">\n\t\t\t\t\t<a class=\"elementor-button elementor-button-link elementor-size-sm\" href=\"https:\/\/www.amazon.es\/Puta-rojilla-Nuria-Mu%C3%B1oz-Aige\/dp\/8419267457\">\n\t\t\t\t\t\t<span class=\"elementor-button-content-wrapper\">\n\t\t\t\t\t\t\t\t\t<span class=\"elementor-button-text\">Veure a Amazon<\/span>\n\t\t\t\t\t<\/span>\n\t\t\t\t\t<\/a>\n\t\t\t\t<\/div>\n\t\t\t\t\t\t\t\t<\/div>\n\t\t\t\t<\/div>\n\t\t\t\t<div class=\"elementor-element elementor-element-64cae78 elementor-widget elementor-widget-spacer\" data-id=\"64cae78\" data-element_type=\"widget\" data-widget_type=\"spacer.default\">\n\t\t\t\t<div class=\"elementor-widget-container\">\n\t\t\t\t\t\t\t<div class=\"elementor-spacer\">\n\t\t\t<div class=\"elementor-spacer-inner\"><\/div>\n\t\t<\/div>\n\t\t\t\t\t\t<\/div>\n\t\t\t\t<\/div>\n\t\t\t\t\t<\/div>\n\t\t<\/div>\n\t\t\t\t\t<\/div>\n\t\t<\/div>\n\t\t\t\t<div class=\"elementor-section elementor-top-section elementor-element elementor-element-125fe10 elementor-section-boxed elementor-section-height-default elementor-section-height-default\" data-id=\"125fe10\" data-element_type=\"section\">\n\t\t\t\t\t\t<div class=\"elementor-container elementor-column-gap-default\">\n\t\t\t\t\t<div class=\"elementor-column elementor-col-100 elementor-top-column elementor-element elementor-element-e6f267e\" data-id=\"e6f267e\" data-element_type=\"column\">\n\t\t\t<div class=\"elementor-widget-wrap elementor-element-populated\">\n\t\t\t\t\t\t<div class=\"elementor-element elementor-element-438b7b6 elementor-widget elementor-widget-video\" data-id=\"438b7b6\" data-element_type=\"widget\" data-settings=\"{&quot;youtube_url&quot;:&quot;https:\\\/\\\/www.youtube.com\\\/watch?v=ff3BwOO4QyM&quot;,&quot;video_type&quot;:&quot;youtube&quot;,&quot;controls&quot;:&quot;yes&quot;}\" data-widget_type=\"video.default\">\n\t\t\t\t<div class=\"elementor-widget-container\">\n\t\t\t\t\t\t\t<div class=\"elementor-wrapper elementor-open-inline\">\n\t\t\t<div class=\"elementor-video\"><\/div>\t\t<\/div>\n\t\t\t\t\t\t<\/div>\n\t\t\t\t<\/div>\n\t\t\t\t\t<\/div>\n\t\t<\/div>\n\t\t\t\t\t<\/div>\n\t\t<\/div>\n\t\t\t\t<\/div>","protected":false},"excerpt":{"rendered":"<p>PUTA Y ROJILLA L\u00e9rida, 1937. Un simple hecho ef\u00edmero y fortuito provoca que, para Nito, un ni\u00f1o de once a\u00f1os, se volatilice al instante la inocencia que a\u00fan conservaba. Mientras su mundo explota en mil pedazos y [&hellip;]<\/p>","protected":false},"author":1,"featured_media":0,"parent":0,"menu_order":0,"comment_status":"closed","ping_status":"closed","template":"","meta":{"footnotes":""},"class_list":["post-4653","page","type-page","status-publish","hentry"],"yoast_head":"<!-- This site is optimized with the Yoast SEO plugin v24.1 - https:\/\/yoast.com\/wordpress\/plugins\/seo\/ -->\n<title>- Nuria Mu\u00f1oz Aige<\/title>\n<meta name=\"robots\" content=\"index, follow, max-snippet:-1, max-image-preview:large, max-video-preview:-1\" \/>\n<link rel=\"canonical\" href=\"https:\/\/xn--nuriamuozaige-okb.es\/ca\/puta-y-rojilla\/\" \/>\n<meta property=\"og:locale\" content=\"ca_ES\" \/>\n<meta property=\"og:type\" content=\"article\" \/>\n<meta property=\"og:title\" content=\"- Nuria Mu\u00f1oz Aige\" \/>\n<meta property=\"og:description\" content=\"PUTA Y ROJILLA L\u00e9rida, 1937. Un simple hecho ef\u00edmero y fortuito provoca que, para Nito, un ni\u00f1o de once a\u00f1os, se volatilice al instante la inocencia que a\u00fan conservaba. Mientras su mundo explota en mil pedazos y [&hellip;]\" \/>\n<meta property=\"og:url\" content=\"https:\/\/xn--nuriamuozaige-okb.es\/ca\/puta-y-rojilla\/\" \/>\n<meta property=\"og:site_name\" content=\"Nuria Mu\u00f1oz Aige\" \/>\n<meta property=\"article:modified_time\" content=\"2023-01-17T17:39:12+00:00\" \/>\n<meta property=\"og:image\" content=\"https:\/\/xn--nuriamuozaige-okb.es\/wp-content\/uploads\/2023\/01\/Portada-PR.png\" \/>\n<meta name=\"twitter:card\" content=\"summary_large_image\" \/>\n<meta name=\"twitter:label1\" content=\"Temps estimat de lectura\" \/>\n\t<meta name=\"twitter:data1\" content=\"1 minut\" \/>\n<script type=\"application\/ld+json\" class=\"yoast-schema-graph\">{\"@context\":\"https:\/\/schema.org\",\"@graph\":[{\"@type\":\"WebPage\",\"@id\":\"https:\/\/xn--nuriamuozaige-okb.es\/puta-y-rojilla\",\"url\":\"https:\/\/xn--nuriamuozaige-okb.es\/puta-y-rojilla\",\"name\":\"- Nuria Mu\u00f1oz Aige\",\"isPartOf\":{\"@id\":\"https:\/\/xn--nuriamuozaige-okb.es\/#website\"},\"primaryImageOfPage\":{\"@id\":\"https:\/\/xn--nuriamuozaige-okb.es\/puta-y-rojilla#primaryimage\"},\"image\":{\"@id\":\"https:\/\/xn--nuriamuozaige-okb.es\/puta-y-rojilla#primaryimage\"},\"thumbnailUrl\":\"https:\/\/xn--nuriamuozaige-okb.es\/wp-content\/uploads\/2023\/01\/Portada-PR.png\",\"datePublished\":\"2023-01-17T13:57:15+00:00\",\"dateModified\":\"2023-01-17T17:39:12+00:00\",\"inLanguage\":\"ca\",\"potentialAction\":[{\"@type\":\"ReadAction\",\"target\":[\"https:\/\/xn--nuriamuozaige-okb.es\/puta-y-rojilla\"]}]},{\"@type\":\"ImageObject\",\"inLanguage\":\"ca\",\"@id\":\"https:\/\/xn--nuriamuozaige-okb.es\/puta-y-rojilla#primaryimage\",\"url\":\"https:\/\/xn--nuriamuozaige-okb.es\/wp-content\/uploads\/2023\/01\/Portada-PR.png\",\"contentUrl\":\"https:\/\/xn--nuriamuozaige-okb.es\/wp-content\/uploads\/2023\/01\/Portada-PR.png\"},{\"@type\":\"WebSite\",\"@id\":\"https:\/\/xn--nuriamuozaige-okb.es\/#website\",\"url\":\"https:\/\/xn--nuriamuozaige-okb.es\/\",\"name\":\"Nuria Mu\u00f1oz Aige\",\"description\":\"Nuria Mu\u00f1oz Aige - escritora\",\"publisher\":{\"@id\":\"https:\/\/xn--nuriamuozaige-okb.es\/#\/schema\/person\/f8439b7fd6eaddd63cb7b97dbc7fa5f2\"},\"potentialAction\":[{\"@type\":\"SearchAction\",\"target\":{\"@type\":\"EntryPoint\",\"urlTemplate\":\"https:\/\/xn--nuriamuozaige-okb.es\/?s={search_term_string}\"},\"query-input\":{\"@type\":\"PropertyValueSpecification\",\"valueRequired\":true,\"valueName\":\"search_term_string\"}}],\"inLanguage\":\"ca\"},{\"@type\":[\"Person\",\"Organization\"],\"@id\":\"https:\/\/xn--nuriamuozaige-okb.es\/#\/schema\/person\/f8439b7fd6eaddd63cb7b97dbc7fa5f2\",\"name\":\"nurialolailo\",\"image\":{\"@type\":\"ImageObject\",\"inLanguage\":\"ca\",\"@id\":\"https:\/\/xn--nuriamuozaige-okb.es\/#\/schema\/person\/image\/\",\"url\":\"https:\/\/secure.gravatar.com\/avatar\/bbc033826fd4f319217c8be90d3f98b9?s=96&d=mm&r=g\",\"contentUrl\":\"https:\/\/secure.gravatar.com\/avatar\/bbc033826fd4f319217c8be90d3f98b9?s=96&d=mm&r=g\",\"caption\":\"nurialolailo\"},\"logo\":{\"@id\":\"https:\/\/xn--nuriamuozaige-okb.es\/#\/schema\/person\/image\/\"},\"sameAs\":[\"http:\/\/xn--nuriamuozaige-okb.es\"]}]}<\/script>\n<!-- \/ Yoast SEO plugin. -->","yoast_head_json":{"title":"- Nuria Mu\u00f1oz Aige","robots":{"index":"index","follow":"follow","max-snippet":"max-snippet:-1","max-image-preview":"max-image-preview:large","max-video-preview":"max-video-preview:-1"},"canonical":"https:\/\/xn--nuriamuozaige-okb.es\/ca\/puta-y-rojilla\/","og_locale":"ca_ES","og_type":"article","og_title":"- Nuria Mu\u00f1oz Aige","og_description":"PUTA Y ROJILLA L\u00e9rida, 1937. Un simple hecho ef\u00edmero y fortuito provoca que, para Nito, un ni\u00f1o de once a\u00f1os, se volatilice al instante la inocencia que a\u00fan conservaba. Mientras su mundo explota en mil pedazos y [&hellip;]","og_url":"https:\/\/xn--nuriamuozaige-okb.es\/ca\/puta-y-rojilla\/","og_site_name":"Nuria Mu\u00f1oz Aige","article_modified_time":"2023-01-17T17:39:12+00:00","og_image":[{"url":"https:\/\/xn--nuriamuozaige-okb.es\/wp-content\/uploads\/2023\/01\/Portada-PR.png","type":"","width":"","height":""}],"twitter_card":"summary_large_image","twitter_misc":{"Temps estimat de lectura":"1 minut"},"schema":{"@context":"https:\/\/schema.org","@graph":[{"@type":"WebPage","@id":"https:\/\/xn--nuriamuozaige-okb.es\/puta-y-rojilla","url":"https:\/\/xn--nuriamuozaige-okb.es\/puta-y-rojilla","name":"- Nuria Mu\u00f1oz Aige","isPartOf":{"@id":"https:\/\/xn--nuriamuozaige-okb.es\/#website"},"primaryImageOfPage":{"@id":"https:\/\/xn--nuriamuozaige-okb.es\/puta-y-rojilla#primaryimage"},"image":{"@id":"https:\/\/xn--nuriamuozaige-okb.es\/puta-y-rojilla#primaryimage"},"thumbnailUrl":"https:\/\/xn--nuriamuozaige-okb.es\/wp-content\/uploads\/2023\/01\/Portada-PR.png","datePublished":"2023-01-17T13:57:15+00:00","dateModified":"2023-01-17T17:39:12+00:00","inLanguage":"ca","potentialAction":[{"@type":"ReadAction","target":["https:\/\/xn--nuriamuozaige-okb.es\/puta-y-rojilla"]}]},{"@type":"ImageObject","inLanguage":"ca","@id":"https:\/\/xn--nuriamuozaige-okb.es\/puta-y-rojilla#primaryimage","url":"https:\/\/xn--nuriamuozaige-okb.es\/wp-content\/uploads\/2023\/01\/Portada-PR.png","contentUrl":"https:\/\/xn--nuriamuozaige-okb.es\/wp-content\/uploads\/2023\/01\/Portada-PR.png"},{"@type":"WebSite","@id":"https:\/\/xn--nuriamuozaige-okb.es\/#website","url":"https:\/\/xn--nuriamuozaige-okb.es\/","name":"Nuria Mu\u00f1oz Aige","description":"Nuria Mu\u00f1oz Aige - escritora","publisher":{"@id":"https:\/\/xn--nuriamuozaige-okb.es\/#\/schema\/person\/f8439b7fd6eaddd63cb7b97dbc7fa5f2"},"potentialAction":[{"@type":"SearchAction","target":{"@type":"EntryPoint","urlTemplate":"https:\/\/xn--nuriamuozaige-okb.es\/?s={search_term_string}"},"query-input":{"@type":"PropertyValueSpecification","valueRequired":true,"valueName":"search_term_string"}}],"inLanguage":"ca"},{"@type":["Person","Organization"],"@id":"https:\/\/xn--nuriamuozaige-okb.es\/#\/schema\/person\/f8439b7fd6eaddd63cb7b97dbc7fa5f2","name":"nurialolailo","image":{"@type":"ImageObject","inLanguage":"ca","@id":"https:\/\/xn--nuriamuozaige-okb.es\/#\/schema\/person\/image\/","url":"https:\/\/secure.gravatar.com\/avatar\/bbc033826fd4f319217c8be90d3f98b9?s=96&d=mm&r=g","contentUrl":"https:\/\/secure.gravatar.com\/avatar\/bbc033826fd4f319217c8be90d3f98b9?s=96&d=mm&r=g","caption":"nurialolailo"},"logo":{"@id":"https:\/\/xn--nuriamuozaige-okb.es\/#\/schema\/person\/image\/"},"sameAs":["http:\/\/xn--nuriamuozaige-okb.es"]}]}},"_links":{"self":[{"href":"https:\/\/xn--nuriamuozaige-okb.es\/ca\/wp-json\/wp\/v2\/pages\/4653","targetHints":{"allow":["GET"]}}],"collection":[{"href":"https:\/\/xn--nuriamuozaige-okb.es\/ca\/wp-json\/wp\/v2\/pages"}],"about":[{"href":"https:\/\/xn--nuriamuozaige-okb.es\/ca\/wp-json\/wp\/v2\/types\/page"}],"author":[{"embeddable":true,"href":"https:\/\/xn--nuriamuozaige-okb.es\/ca\/wp-json\/wp\/v2\/users\/1"}],"replies":[{"embeddable":true,"href":"https:\/\/xn--nuriamuozaige-okb.es\/ca\/wp-json\/wp\/v2\/comments?post=4653"}],"version-history":[{"count":26,"href":"https:\/\/xn--nuriamuozaige-okb.es\/ca\/wp-json\/wp\/v2\/pages\/4653\/revisions"}],"predecessor-version":[{"id":4687,"href":"https:\/\/xn--nuriamuozaige-okb.es\/ca\/wp-json\/wp\/v2\/pages\/4653\/revisions\/4687"}],"wp:attachment":[{"href":"https:\/\/xn--nuriamuozaige-okb.es\/ca\/wp-json\/wp\/v2\/media?parent=4653"}],"curies":[{"name":"wp","href":"https:\/\/api.w.org\/{rel}","templated":true}]}}